{"id":1368,"date":"2024-02-14T19:54:52","date_gmt":"2024-02-14T19:54:52","guid":{"rendered":"https:\/\/pawelnaumowicz.pl\/?page_id=1368"},"modified":"2024-02-14T19:59:40","modified_gmt":"2024-02-14T19:59:40","slug":"color-color","status":"publish","type":"page","link":"https:\/\/pawelnaumowicz.pl\/index.php\/en\/color-color\/","title":{"rendered":"Color, color"},"content":{"rendered":"\n<p style=\"font-size:19px\">Everyone has their favorite colors \ud83d\ude42<br>And those that he doesn&#8217;t like to look at.<\/p>\n\n\n\n<p style=\"font-size:19px\">To meet the needs of my recipients, we personalize the works according to their application and whims. Easy to write, proposed, send the idea and share the ready graphic, which will be even more eye-opening.<\/p>\n\n\n\n<p style=\"font-size:19px\">Below are some works to illustrate the possibilities:<\/p>\n\n\n<style type=\"text\/css\">\n#foogallery-gallery-1361 .fg-image { width: 200px; }\n#foogallery-gallery-1361 { --fg-gutter: 10px; }<\/style>\n\t\t\t<div class=\"foogallery foogallery-container foogallery-default foogallery-lightbox-foobox fg-center fg-default fg-ready fg-light fg-border-thin fg-round-small fg-shadow-small fg-shadow-inset-small fg-loading-bars fg-loaded-fade-in fg-caption-hover fg-hover-fade fg-hover-eye fg-c-c\" id=\"foogallery-gallery-1361\" data-foogallery=\"{&quot;item&quot;:{&quot;showCaptionTitle&quot;:true,&quot;showCaptionDescription&quot;:true},&quot;lazy&quot;:true}\" style=\"--fg-title-line-clamp: 0; --fg-description-line-clamp: 0;\" >\n\t<div class=\"fg-item fg-type-image fg-idle\"><figure class=\"fg-item-inner\"><a href=\"https:\/\/pawelnaumowicz.pl\/pn\/wp-content\/uploads\/2024\/02\/Koniec_Corrida_green_light.jpg\" data-caption-title=\"CORRIDA: KONIEC PRZEDSTAWIENIA (CORRIDA: THE END OF THE SHOW)\" data-caption-desc=\"2012, linoryt (linocut), ver 2024\n&lt;br&gt;85x60 cm\n&lt;br&gt;&lt;br&gt;\n&lt;span style=&quot;color:#33cc33&quot;&gt;\nPozosta\u0142e prace z cyklu:&lt;\/span&gt;\n&lt;br&gt;CORRIDA 2\" data-attachment-id=\"1358\" data-type=\"image\" class=\"fg-thumb\"><span class=\"fg-image-wrap\"><img fetchpriority=\"high\" decoding=\"async\" alt=\"CORRIDA: KONIEC PRZEDSTAWIENIA (CORRIDA: THE END OF THE SHOW) The bull, from the front, the final phase of the corrida, a large red stripe over the eyes of the bull. Byk, od frontu, ko\u0144cowa faza korridy, du\u017cy czerwony pasek na oczach byka. Pawe\u0142 Naumowicz\" title=\"CORRIDA: KONIEC PRZEDSTAWIENIA (CORRIDA: THE END OF THE SHOW)\" width=\"200\" height=\"300\" class=\"skip-lazy fg-image\" data-src-fg=\"https:\/\/pawelnaumowicz.pl\/pn\/wp-content\/uploads\/cache\/2024\/02\/Koniec_Corrida_green_light\/3524516596.jpg\" src=\"data:image\/svg+xml,%3Csvg%20xmlns%3D%22http%3A%2F%2Fwww.w3.org%2F2000%2Fsvg%22%20width%3D%22200%22%20height%3D%22300%22%20viewBox%3D%220%200%20200%20300%22%3E%3C%2Fsvg%3E\" loading=\"eager\"><\/span><span class=\"fg-image-overlay\"><\/span><\/a><figcaption class=\"fg-caption\"><div class=\"fg-caption-inner\"><div class=\"fg-caption-title\">CORRIDA: KONIEC PRZEDSTAWIENIA (CORRIDA: THE END OF THE SHOW)<\/div><div class=\"fg-caption-desc\">2012, linoryt (linocut), ver 2024\n<br>85&#215;60 cm\n<br><br>\n<span style=\"color:#33cc33\">\nPozosta\u0142e prace z cyklu:<\/span>\n<br>CORRIDA 2<\/div><\/div><\/figcaption><\/figure><div class=\"fg-loader\"><\/div><\/div><div class=\"fg-item fg-type-image fg-idle\"><figure class=\"fg-item-inner\"><a href=\"https:\/\/pawelnaumowicz.pl\/pn\/wp-content\/uploads\/2020\/01\/CORRIDA-KONIEC-PRZEDSTAWIENIA.jpg\" data-caption-title=\"CORRIDA: KONIEC PRZEDSTAWIENIA (CORRIDA: THE END OF THE SHOW)\" data-caption-desc=\"2012, linoryt (linocut)\n&lt;br&gt;85x60 cm\n&lt;br&gt;&lt;br&gt;\n&lt;span style=&quot;color:#33cc33&quot;&gt;\nPozosta\u0142e prace z cyklu:&lt;\/span&gt;\n&lt;br&gt;CORRIDA 2\" data-attachment-id=\"167\" data-type=\"image\" class=\"fg-thumb\"><span class=\"fg-image-wrap\"><img decoding=\"async\" alt=\"CORRIDA: KONIEC PRZEDSTAWIENIA (CORRIDA: THE END OF THE SHOW) The bull, from the front, the final phase of the corrida, a large red stripe over the eyes of the bull. Byk, od frontu, ko\u0144cowa faza korridy, du\u017cy czerwony pasek na oczach byka. Pawe\u0142 Naumowicz\" title=\"CORRIDA: KONIEC PRZEDSTAWIENIA (CORRIDA: THE END OF THE SHOW)\" width=\"200\" height=\"300\" class=\"skip-lazy fg-image\" data-src-fg=\"https:\/\/pawelnaumowicz.pl\/pn\/wp-content\/uploads\/cache\/2020\/01\/CORRIDA-KONIEC-PRZEDSTAWIENIA\/928313510.jpg\" src=\"data:image\/svg+xml,%3Csvg%20xmlns%3D%22http%3A%2F%2Fwww.w3.org%2F2000%2Fsvg%22%20width%3D%22200%22%20height%3D%22300%22%20viewBox%3D%220%200%20200%20300%22%3E%3C%2Fsvg%3E\" loading=\"eager\"><\/span><span class=\"fg-image-overlay\"><\/span><\/a><figcaption class=\"fg-caption\"><div class=\"fg-caption-inner\"><div class=\"fg-caption-title\">CORRIDA: KONIEC PRZEDSTAWIENIA (CORRIDA: THE END OF THE SHOW)<\/div><div class=\"fg-caption-desc\">2012, linoryt (linocut)\n<br>85&#215;60 cm\n<br><br>\n<span style=\"color:#33cc33\">\nPozosta\u0142e prace z cyklu:<\/span>\n<br>CORRIDA 2<\/div><\/div><\/figcaption><\/figure><div class=\"fg-loader\"><\/div><\/div><div class=\"fg-item fg-type-image fg-idle\"><figure class=\"fg-item-inner\"><a href=\"https:\/\/pawelnaumowicz.pl\/pn\/wp-content\/uploads\/2024\/02\/Luk_orange_lig.jpg\" data-caption-title=\"GRANDE ARCHE 2\" data-caption-desc=\"2013, linoryt (linocut), ver 2024\n&lt;br&gt;100x70 cm\n&lt;br&gt;&lt;br&gt;\n&lt;span style=&quot;color:#33cc33&quot;&gt;\nPozosta\u0142e prace z cyklu:&lt;\/span&gt; \n&lt;br&gt;GRANDE ARCHE 3\" data-attachment-id=\"1360\" data-type=\"image\" class=\"fg-thumb\"><span class=\"fg-image-wrap\"><img decoding=\"async\" alt=\"GRANDE ARCHE 2 Pawel Naumowicz\" title=\"GRANDE ARCHE 2\" width=\"200\" height=\"300\" class=\"skip-lazy fg-image\" data-src-fg=\"https:\/\/pawelnaumowicz.pl\/pn\/wp-content\/uploads\/cache\/2024\/02\/Luk_orange_lig\/3853587067.jpg\" src=\"data:image\/svg+xml,%3Csvg%20xmlns%3D%22http%3A%2F%2Fwww.w3.org%2F2000%2Fsvg%22%20width%3D%22200%22%20height%3D%22300%22%20viewBox%3D%220%200%20200%20300%22%3E%3C%2Fsvg%3E\" loading=\"eager\"><\/span><span class=\"fg-image-overlay\"><\/span><\/a><figcaption class=\"fg-caption\"><div class=\"fg-caption-inner\"><div class=\"fg-caption-title\">GRANDE ARCHE 2<\/div><div class=\"fg-caption-desc\">2013, linoryt (linocut), ver 2024\n<br>100&#215;70 cm\n<br><br>\n<span style=\"color:#33cc33\">\nPozosta\u0142e prace z cyklu:<\/span> \n<br>GRANDE ARCHE 3<\/div><\/div><\/figcaption><\/figure><div class=\"fg-loader\"><\/div><\/div><div class=\"fg-item fg-type-image fg-idle\"><figure class=\"fg-item-inner\"><a href=\"https:\/\/pawelnaumowicz.pl\/pn\/wp-content\/uploads\/2020\/01\/GRANDE-ARCHE-2.jpg\" data-caption-title=\"GRANDE ARCHE 2\" data-caption-desc=\"2013, linoryt (linocut)\n&lt;br&gt;100x70 cm\n&lt;br&gt;&lt;br&gt;\n&lt;span style=&quot;color:#33cc33&quot;&gt;\nPozosta\u0142e prace z cyklu:&lt;\/span&gt; \n&lt;br&gt;GRANDE ARCHE 3\" data-attachment-id=\"172\" data-type=\"image\" class=\"fg-thumb\"><span class=\"fg-image-wrap\"><img decoding=\"async\" alt=\"GRANDE ARCHE 2\" title=\"GRANDE ARCHE 2\" width=\"200\" height=\"300\" class=\"skip-lazy fg-image\" data-src-fg=\"https:\/\/pawelnaumowicz.pl\/pn\/wp-content\/uploads\/cache\/2020\/01\/GRANDE-ARCHE-2\/2734295935.jpg\" src=\"data:image\/svg+xml,%3Csvg%20xmlns%3D%22http%3A%2F%2Fwww.w3.org%2F2000%2Fsvg%22%20width%3D%22200%22%20height%3D%22300%22%20viewBox%3D%220%200%20200%20300%22%3E%3C%2Fsvg%3E\" loading=\"eager\"><\/span><span class=\"fg-image-overlay\"><\/span><\/a><figcaption class=\"fg-caption\"><div class=\"fg-caption-inner\"><div class=\"fg-caption-title\">GRANDE ARCHE 2<\/div><div class=\"fg-caption-desc\">2013, linoryt (linocut)\n<br>100&#215;70 cm\n<br><br>\n<span style=\"color:#33cc33\">\nPozosta\u0142e prace z cyklu:<\/span> \n<br>GRANDE ARCHE 3<\/div><\/div><\/figcaption><\/figure><div class=\"fg-loader\"><\/div><\/div><div class=\"fg-item fg-type-image fg-idle\"><figure class=\"fg-item-inner\"><a href=\"https:\/\/pawelnaumowicz.pl\/pn\/wp-content\/uploads\/2020\/01\/Rytm-3-kolory-2022-e1651094237597.jpg\" data-caption-title=\"RYTM WOK\u00d3\u0141 MNIE 3 (RHYTHM AROUND ME 3) ver. 2022\" data-caption-desc=\"2011, linoryt (linocut)\n&lt;br&gt;70x50 cm\n&lt;br&gt;&lt;br&gt;\n&lt;span style=&quot;color:#33cc33&quot;&gt;\nPozosta\u0142e prace z cyklu:&lt;\/span&gt;\n&lt;br&gt;RYTM WOK\u00d3\u0141 MNIE\n&lt;br&gt;30TE PI\u0118TRO\n&lt;br&gt;RYTM WOK\u00d3\u0141 MNIE 2\n&lt;br&gt;RYTM WOK\u00d3\u0141 MNIE 4\" data-attachment-id=\"469\" data-type=\"image\" class=\"fg-thumb\"><span class=\"fg-image-wrap\"><img decoding=\"async\" alt=\"RYTM WOK\u00d3\u0141 MNIE 3 (RHYTHM AROUND ME 3) ver. 2022 3 skyscrapers (yellow, blue and green), between them a gray sky with a pink plane flying. 3 wie\u017cowce (\u017c\u00f3\u0142ty, niebieski i zielony), pomi\u0119dzy nimi szare niebo z lec\u0105cym ro\u017cowym samolotem. Pawe\u0142 Naumowicz\" title=\"RYTM WOK\u00d3\u0141 MNIE 3 (RHYTHM AROUND ME 3) ver. 2022\" width=\"200\" height=\"300\" class=\"skip-lazy fg-image\" data-src-fg=\"https:\/\/pawelnaumowicz.pl\/pn\/wp-content\/uploads\/cache\/2020\/01\/Rytm-3-kolory-2022-e1651094237597\/604871167.jpg\" src=\"data:image\/svg+xml,%3Csvg%20xmlns%3D%22http%3A%2F%2Fwww.w3.org%2F2000%2Fsvg%22%20width%3D%22200%22%20height%3D%22300%22%20viewBox%3D%220%200%20200%20300%22%3E%3C%2Fsvg%3E\" loading=\"eager\"><\/span><span class=\"fg-image-overlay\"><\/span><\/a><figcaption class=\"fg-caption\"><div class=\"fg-caption-inner\"><div class=\"fg-caption-title\">RYTM WOK\u00d3\u0141 MNIE 3 (RHYTHM AROUND ME 3) ver. 2022<\/div><div class=\"fg-caption-desc\">2011, linoryt (linocut)\n<br>70&#215;50 cm\n<br><br>\n<span style=\"color:#33cc33\">\nPozosta\u0142e prace z cyklu:<\/span>\n<br>RYTM WOK\u00d3\u0141 MNIE\n<br>30TE PI\u0118TRO\n<br>RYTM WOK\u00d3\u0141 MNIE 2\n<br>RYTM WOK\u00d3\u0141 MNIE 4<\/div><\/div><\/figcaption><\/figure><div class=\"fg-loader\"><\/div><\/div><div class=\"fg-item fg-type-image fg-idle\"><figure class=\"fg-item-inner\"><a href=\"https:\/\/pawelnaumowicz.pl\/pn\/wp-content\/uploads\/2020\/01\/RYTM-WOKOL-MNIE-3-scaled.jpg\" data-caption-title=\"RYTM WOK\u00d3\u0141 MNIE 3 (RHYTHM AROUND ME 3)\" data-caption-desc=\"2011, linoryt (linocut)\n&lt;br&gt;70x50 cm\n&lt;br&gt;&lt;br&gt;\n&lt;span style=&quot;color:#33cc33&quot;&gt;\nPozosta\u0142e prace z cyklu:&lt;\/span&gt;\n&lt;br&gt;RYTM WOK\u00d3\u0141 MNIE\n&lt;br&gt;30TE PI\u0118TRO\n&lt;br&gt;RYTM WOK\u00d3\u0141 MNIE 2\n&lt;br&gt;RYTM WOK\u00d3\u0141 MNIE 4\" data-attachment-id=\"191\" data-type=\"image\" class=\"fg-thumb\"><span class=\"fg-image-wrap\"><img decoding=\"async\" alt=\"RYTM WOK\u00d3\u0141 MNIE 3 (RHYTHM AROUND ME 3)\" title=\"RYTM WOK\u00d3\u0141 MNIE 3 (RHYTHM AROUND ME 3)\" width=\"200\" height=\"300\" class=\"skip-lazy fg-image\" data-src-fg=\"https:\/\/pawelnaumowicz.pl\/pn\/wp-content\/uploads\/cache\/2020\/01\/RYTM-WOKOL-MNIE-3-scaled\/3921990954.jpg\" src=\"data:image\/svg+xml,%3Csvg%20xmlns%3D%22http%3A%2F%2Fwww.w3.org%2F2000%2Fsvg%22%20width%3D%22200%22%20height%3D%22300%22%20viewBox%3D%220%200%20200%20300%22%3E%3C%2Fsvg%3E\" loading=\"eager\"><\/span><span class=\"fg-image-overlay\"><\/span><\/a><figcaption class=\"fg-caption\"><div class=\"fg-caption-inner\"><div class=\"fg-caption-title\">RYTM WOK\u00d3\u0141 MNIE 3 (RHYTHM AROUND ME 3)<\/div><div class=\"fg-caption-desc\">2011, linoryt (linocut)\n<br>70&#215;50 cm\n<br><br>\n<span style=\"color:#33cc33\">\nPozosta\u0142e prace z cyklu:<\/span>\n<br>RYTM WOK\u00d3\u0141 MNIE\n<br>30TE PI\u0118TRO\n<br>RYTM WOK\u00d3\u0141 MNIE 2\n<br>RYTM WOK\u00d3\u0141 MNIE 4<\/div><\/div><\/figcaption><\/figure><div class=\"fg-loader\"><\/div><\/div><\/div>\n","protected":false},"excerpt":{"rendered":"<p>Everyone has their favorite colors \ud83d\ude42And those that he doesn&#8217;t like to look at. To meet the needs of my recipients, we personalize the works according to their application and whims. Easy to write, proposed, send the idea and share the ready graphic, which will be even more eye-opening. Below are some works to illustrate the possibilities:<\/p>\n","protected":false},"author":1,"featured_media":0,"parent":0,"menu_order":0,"comment_status":"closed","ping_status":"closed","template":"","meta":{"footnotes":""},"class_list":["post-1368","page","type-page","status-publish","hentry"],"yoast_head":"<!-- This site is optimized with the Yoast SEO plugin v27.3 - https:\/\/yoast.com\/product\/yoast-seo-wordpress\/ -->\n<title>Color, color - Pawe\u0142 Naumowicz<\/title>\n<meta name=\"description\" content=\"Everyone has their favorite colors :) And those that he doesn&#039;t like to look at. Write, call or send your idea and be happy with your graphic\" \/>\n<meta name=\"robots\" content=\"index, follow, max-snippet:-1, max-image-preview:large, max-video-preview:-1\" \/>\n<link rel=\"canonical\" href=\"https:\/\/pawelnaumowicz.pl\/index.php\/en\/color-color\/\" \/>\n<meta property=\"og:locale\" content=\"pl_PL\" \/>\n<meta property=\"og:type\" content=\"article\" \/>\n<meta property=\"og:title\" content=\"Color, color - Pawe\u0142 Naumowicz\" \/>\n<meta property=\"og:description\" content=\"Everyone has their favorite colors :) And those that he doesn&#039;t like to look at. Write, call or send your idea and be happy with your graphic\" \/>\n<meta property=\"og:url\" content=\"https:\/\/pawelnaumowicz.pl\/index.php\/en\/color-color\/\" \/>\n<meta property=\"og:site_name\" content=\"Pawe\u0142 Naumowicz\" \/>\n<meta property=\"article:publisher\" content=\"https:\/\/www.facebook.com\/neumgraf\" \/>\n<meta property=\"article:modified_time\" content=\"2024-02-14T19:59:40+00:00\" \/>\n<meta name=\"twitter:card\" content=\"summary_large_image\" \/>\n<meta name=\"twitter:label1\" content=\"Szacowany czas czytania\" \/>\n\t<meta name=\"twitter:data1\" content=\"1 minuta\" \/>\n<script type=\"application\/ld+json\" class=\"yoast-schema-graph\">{\"@context\":\"https:\\\/\\\/schema.org\",\"@graph\":[{\"@type\":\"WebPage\",\"@id\":\"https:\\\/\\\/pawelnaumowicz.pl\\\/index.php\\\/en\\\/color-color\\\/\",\"url\":\"https:\\\/\\\/pawelnaumowicz.pl\\\/index.php\\\/en\\\/color-color\\\/\",\"name\":\"Color, color - Pawe\u0142 Naumowicz\",\"isPartOf\":{\"@id\":\"https:\\\/\\\/pawelnaumowicz.pl\\\/#website\"},\"datePublished\":\"2024-02-14T19:54:52+00:00\",\"dateModified\":\"2024-02-14T19:59:40+00:00\",\"description\":\"Everyone has their favorite colors :) And those that he doesn't like to look at. Write, call or send your idea and be happy with your graphic\",\"breadcrumb\":{\"@id\":\"https:\\\/\\\/pawelnaumowicz.pl\\\/index.php\\\/en\\\/color-color\\\/#breadcrumb\"},\"inLanguage\":\"pl-PL\",\"potentialAction\":[{\"@type\":\"ReadAction\",\"target\":[\"https:\\\/\\\/pawelnaumowicz.pl\\\/index.php\\\/en\\\/color-color\\\/\"]}]},{\"@type\":\"BreadcrumbList\",\"@id\":\"https:\\\/\\\/pawelnaumowicz.pl\\\/index.php\\\/en\\\/color-color\\\/#breadcrumb\",\"itemListElement\":[{\"@type\":\"ListItem\",\"position\":1,\"name\":\"Strona g\u0142\u00f3wna\",\"item\":\"https:\\\/\\\/pawelnaumowicz.pl\\\/\"},{\"@type\":\"ListItem\",\"position\":2,\"name\":\"Color, color\"}]},{\"@type\":\"WebSite\",\"@id\":\"https:\\\/\\\/pawelnaumowicz.pl\\\/#website\",\"url\":\"https:\\\/\\\/pawelnaumowicz.pl\\\/\",\"name\":\"Pawe\u0142 Naumowicz\",\"description\":\"\",\"publisher\":{\"@id\":\"https:\\\/\\\/pawelnaumowicz.pl\\\/#\\\/schema\\\/person\\\/33fdf88358d7362dc38d7ae1a38801df\"},\"potentialAction\":[{\"@type\":\"SearchAction\",\"target\":{\"@type\":\"EntryPoint\",\"urlTemplate\":\"https:\\\/\\\/pawelnaumowicz.pl\\\/?s={search_term_string}\"},\"query-input\":{\"@type\":\"PropertyValueSpecification\",\"valueRequired\":true,\"valueName\":\"search_term_string\"}}],\"inLanguage\":\"pl-PL\"},{\"@type\":[\"Person\",\"Organization\"],\"@id\":\"https:\\\/\\\/pawelnaumowicz.pl\\\/#\\\/schema\\\/person\\\/33fdf88358d7362dc38d7ae1a38801df\",\"name\":\"Pawe\u0142 Naumowicz\",\"image\":{\"@type\":\"ImageObject\",\"inLanguage\":\"pl-PL\",\"@id\":\"https:\\\/\\\/pawelnaumowicz.pl\\\/pn\\\/wp-content\\\/uploads\\\/2023\\\/11\\\/PN_portret_main_www.jpg\",\"url\":\"https:\\\/\\\/pawelnaumowicz.pl\\\/pn\\\/wp-content\\\/uploads\\\/2023\\\/11\\\/PN_portret_main_www.jpg\",\"contentUrl\":\"https:\\\/\\\/pawelnaumowicz.pl\\\/pn\\\/wp-content\\\/uploads\\\/2023\\\/11\\\/PN_portret_main_www.jpg\",\"width\":1200,\"height\":1803,\"caption\":\"Pawe\u0142 Naumowicz\"},\"logo\":{\"@id\":\"https:\\\/\\\/pawelnaumowicz.pl\\\/pn\\\/wp-content\\\/uploads\\\/2023\\\/11\\\/PN_portret_main_www.jpg\"},\"sameAs\":[\"https:\\\/\\\/www.facebook.com\\\/neumgraf\",\"https:\\\/\\\/www.instagram.com\\\/naumowiczpawel\"]}]}<\/script>\n<!-- \/ Yoast SEO plugin. -->","yoast_head_json":{"title":"Color, color - Pawe\u0142 Naumowicz","description":"Everyone has their favorite colors :) And those that he doesn't like to look at. Write, call or send your idea and be happy with your graphic","robots":{"index":"index","follow":"follow","max-snippet":"max-snippet:-1","max-image-preview":"max-image-preview:large","max-video-preview":"max-video-preview:-1"},"canonical":"https:\/\/pawelnaumowicz.pl\/index.php\/en\/color-color\/","og_locale":"pl_PL","og_type":"article","og_title":"Color, color - Pawe\u0142 Naumowicz","og_description":"Everyone has their favorite colors :) And those that he doesn't like to look at. Write, call or send your idea and be happy with your graphic","og_url":"https:\/\/pawelnaumowicz.pl\/index.php\/en\/color-color\/","og_site_name":"Pawe\u0142 Naumowicz","article_publisher":"https:\/\/www.facebook.com\/neumgraf","article_modified_time":"2024-02-14T19:59:40+00:00","twitter_card":"summary_large_image","twitter_misc":{"Szacowany czas czytania":"1 minuta"},"schema":{"@context":"https:\/\/schema.org","@graph":[{"@type":"WebPage","@id":"https:\/\/pawelnaumowicz.pl\/index.php\/en\/color-color\/","url":"https:\/\/pawelnaumowicz.pl\/index.php\/en\/color-color\/","name":"Color, color - Pawe\u0142 Naumowicz","isPartOf":{"@id":"https:\/\/pawelnaumowicz.pl\/#website"},"datePublished":"2024-02-14T19:54:52+00:00","dateModified":"2024-02-14T19:59:40+00:00","description":"Everyone has their favorite colors :) And those that he doesn't like to look at. Write, call or send your idea and be happy with your graphic","breadcrumb":{"@id":"https:\/\/pawelnaumowicz.pl\/index.php\/en\/color-color\/#breadcrumb"},"inLanguage":"pl-PL","potentialAction":[{"@type":"ReadAction","target":["https:\/\/pawelnaumowicz.pl\/index.php\/en\/color-color\/"]}]},{"@type":"BreadcrumbList","@id":"https:\/\/pawelnaumowicz.pl\/index.php\/en\/color-color\/#breadcrumb","itemListElement":[{"@type":"ListItem","position":1,"name":"Strona g\u0142\u00f3wna","item":"https:\/\/pawelnaumowicz.pl\/"},{"@type":"ListItem","position":2,"name":"Color, color"}]},{"@type":"WebSite","@id":"https:\/\/pawelnaumowicz.pl\/#website","url":"https:\/\/pawelnaumowicz.pl\/","name":"Pawe\u0142 Naumowicz","description":"","publisher":{"@id":"https:\/\/pawelnaumowicz.pl\/#\/schema\/person\/33fdf88358d7362dc38d7ae1a38801df"},"potentialAction":[{"@type":"SearchAction","target":{"@type":"EntryPoint","urlTemplate":"https:\/\/pawelnaumowicz.pl\/?s={search_term_string}"},"query-input":{"@type":"PropertyValueSpecification","valueRequired":true,"valueName":"search_term_string"}}],"inLanguage":"pl-PL"},{"@type":["Person","Organization"],"@id":"https:\/\/pawelnaumowicz.pl\/#\/schema\/person\/33fdf88358d7362dc38d7ae1a38801df","name":"Pawe\u0142 Naumowicz","image":{"@type":"ImageObject","inLanguage":"pl-PL","@id":"https:\/\/pawelnaumowicz.pl\/pn\/wp-content\/uploads\/2023\/11\/PN_portret_main_www.jpg","url":"https:\/\/pawelnaumowicz.pl\/pn\/wp-content\/uploads\/2023\/11\/PN_portret_main_www.jpg","contentUrl":"https:\/\/pawelnaumowicz.pl\/pn\/wp-content\/uploads\/2023\/11\/PN_portret_main_www.jpg","width":1200,"height":1803,"caption":"Pawe\u0142 Naumowicz"},"logo":{"@id":"https:\/\/pawelnaumowicz.pl\/pn\/wp-content\/uploads\/2023\/11\/PN_portret_main_www.jpg"},"sameAs":["https:\/\/www.facebook.com\/neumgraf","https:\/\/www.instagram.com\/naumowiczpawel"]}]}},"_links":{"self":[{"href":"https:\/\/pawelnaumowicz.pl\/index.php\/wp-json\/wp\/v2\/pages\/1368","targetHints":{"allow":["GET"]}}],"collection":[{"href":"https:\/\/pawelnaumowicz.pl\/index.php\/wp-json\/wp\/v2\/pages"}],"about":[{"href":"https:\/\/pawelnaumowicz.pl\/index.php\/wp-json\/wp\/v2\/types\/page"}],"author":[{"embeddable":true,"href":"https:\/\/pawelnaumowicz.pl\/index.php\/wp-json\/wp\/v2\/users\/1"}],"replies":[{"embeddable":true,"href":"https:\/\/pawelnaumowicz.pl\/index.php\/wp-json\/wp\/v2\/comments?post=1368"}],"version-history":[{"count":3,"href":"https:\/\/pawelnaumowicz.pl\/index.php\/wp-json\/wp\/v2\/pages\/1368\/revisions"}],"predecessor-version":[{"id":1373,"href":"https:\/\/pawelnaumowicz.pl\/index.php\/wp-json\/wp\/v2\/pages\/1368\/revisions\/1373"}],"wp:attachment":[{"href":"https:\/\/pawelnaumowicz.pl\/index.php\/wp-json\/wp\/v2\/media?parent=1368"}],"curies":[{"name":"wp","href":"https:\/\/api.w.org\/{rel}","templated":true}]}}