{"id":455,"date":"2022-03-16T21:10:00","date_gmt":"2022-03-16T21:10:00","guid":{"rendered":"https:\/\/pawelnaumowicz.pl\/?page_id=455"},"modified":"2023-04-08T14:26:15","modified_gmt":"2023-04-08T14:26:15","slug":"historia","status":"publish","type":"page","link":"https:\/\/pawelnaumowicz.pl\/index.php\/historia\/","title":{"rendered":"Historie"},"content":{"rendered":"\n<div class=\"wp-block-columns is-layout-flex wp-container-core-columns-is-layout-9d6595d7 wp-block-columns-is-layout-flex\">\n<div class=\"wp-block-column is-layout-flow wp-block-column-is-layout-flow\">\n<div class=\"wp-block-media-text alignwide is-stacked-on-mobile has-background\" style=\"background:linear-gradient(135deg,rgba(255,255,255,0.56) 0%,rgba(255,255,255,0.48) 51%,rgba(169,183,194,0.64) 100%);grid-template-columns:51% auto\"><figure class=\"wp-block-media-text__media\"><a href=\"https:\/\/pawelnaumowicz.pl\/index.php\/film-dokumentalny-piesn-rzeki\/\"><img loading=\"lazy\" decoding=\"async\" width=\"1024\" height=\"879\" src=\"https:\/\/pawelnaumowicz.pl\/pn\/wp-content\/uploads\/2023\/04\/2013-PIEsNI-RZEKI-SONGS-OF-RIVER_logo-1024x879.jpg\" alt=\"\" class=\"wp-image-765 size-large\" srcset=\"https:\/\/pawelnaumowicz.pl\/pn\/wp-content\/uploads\/2023\/04\/2013-PIEsNI-RZEKI-SONGS-OF-RIVER_logo-1024x879.jpg 1024w, https:\/\/pawelnaumowicz.pl\/pn\/wp-content\/uploads\/2023\/04\/2013-PIEsNI-RZEKI-SONGS-OF-RIVER_logo-600x515.jpg 600w, https:\/\/pawelnaumowicz.pl\/pn\/wp-content\/uploads\/2023\/04\/2013-PIEsNI-RZEKI-SONGS-OF-RIVER_logo-300x258.jpg 300w, https:\/\/pawelnaumowicz.pl\/pn\/wp-content\/uploads\/2023\/04\/2013-PIEsNI-RZEKI-SONGS-OF-RIVER_logo-768x660.jpg 768w, https:\/\/pawelnaumowicz.pl\/pn\/wp-content\/uploads\/2023\/04\/2013-PIEsNI-RZEKI-SONGS-OF-RIVER_logo.jpg 1076w\" sizes=\"auto, (max-width: 1024px) 100vw, 1024px\" \/><\/a><\/figure><div class=\"wp-block-media-text__content\">\n<p class=\"has-text-align-center has-black-color has-text-color has-background\" style=\"background-color:#fcfafa00;font-size:18px;text-transform:uppercase\">Film dokumentalny &#8222;Pie\u015bNi rzeki&#8221;<\/p>\n<\/div><\/div>\n<\/div>\n\n\n\n<div class=\"wp-block-column is-layout-flow wp-block-column-is-layout-flow\">\n<div class=\"wp-block-media-text alignwide is-stacked-on-mobile has-background\" style=\"background:linear-gradient(135deg,rgba(255,255,255,0.56) 0%,rgba(255,255,255,0.48) 51%,rgba(169,183,194,0.64) 100%);grid-template-columns:51% auto\"><figure class=\"wp-block-media-text__media\"><a href=\"https:\/\/pawelnaumowicz.pl\/index.php\/30te-pietro-jako-piekna-okladka-ksiazki-rytm-r-hallgrena\/\"><img loading=\"lazy\" decoding=\"async\" width=\"1024\" height=\"879\" src=\"https:\/\/pawelnaumowicz.pl\/pn\/wp-content\/uploads\/2023\/04\/2013-PIEsNI-RZEKI-SONGS-OF-RIVER_mini-1024x879.png\" alt=\"\" class=\"wp-image-854 size-medium\" srcset=\"https:\/\/pawelnaumowicz.pl\/pn\/wp-content\/uploads\/2023\/04\/2013-PIEsNI-RZEKI-SONGS-OF-RIVER_mini-1024x879.png 1024w, https:\/\/pawelnaumowicz.pl\/pn\/wp-content\/uploads\/2023\/04\/2013-PIEsNI-RZEKI-SONGS-OF-RIVER_mini-600x515.png 600w, https:\/\/pawelnaumowicz.pl\/pn\/wp-content\/uploads\/2023\/04\/2013-PIEsNI-RZEKI-SONGS-OF-RIVER_mini-300x258.png 300w, https:\/\/pawelnaumowicz.pl\/pn\/wp-content\/uploads\/2023\/04\/2013-PIEsNI-RZEKI-SONGS-OF-RIVER_mini-768x660.png 768w, https:\/\/pawelnaumowicz.pl\/pn\/wp-content\/uploads\/2023\/04\/2013-PIEsNI-RZEKI-SONGS-OF-RIVER_mini.png 1076w\" sizes=\"auto, (max-width: 1024px) 100vw, 1024px\" \/><\/a><\/figure><div class=\"wp-block-media-text__content\">\n<p class=\"has-text-align-center has-black-color has-text-color has-background\" style=\"background-color:#fcfafa00;font-size:18px;text-transform:uppercase\">Ok\u0142adka Ksi\u0105\u017cki &#8222;Rytm&#8221;<\/p>\n<\/div><\/div>\n<\/div>\n<\/div>\n\n\n\n<div class=\"wp-block-columns is-layout-flex wp-container-core-columns-is-layout-9d6595d7 wp-block-columns-is-layout-flex\">\n<div class=\"wp-block-column is-layout-flow wp-block-column-is-layout-flow\">\n<div class=\"wp-block-media-text alignwide is-stacked-on-mobile has-background\" style=\"background:linear-gradient(135deg,rgba(255,255,255,0.56) 0%,rgba(255,255,255,0.48) 51%,rgba(169,183,194,0.64) 100%);grid-template-columns:51% auto\"><figure class=\"wp-block-media-text__media\"><a href=\"https:\/\/pawelnaumowicz.pl\/index.php\/insomnia-w-czasopismie-weranda\/\"><img loading=\"lazy\" decoding=\"async\" width=\"1024\" height=\"879\" src=\"https:\/\/pawelnaumowicz.pl\/pn\/wp-content\/uploads\/2023\/04\/Weranda_mini-1024x879.png\" alt=\"\" class=\"wp-image-856 size-large\" srcset=\"https:\/\/pawelnaumowicz.pl\/pn\/wp-content\/uploads\/2023\/04\/Weranda_mini-1024x879.png 1024w, https:\/\/pawelnaumowicz.pl\/pn\/wp-content\/uploads\/2023\/04\/Weranda_mini-600x515.png 600w, https:\/\/pawelnaumowicz.pl\/pn\/wp-content\/uploads\/2023\/04\/Weranda_mini-300x258.png 300w, https:\/\/pawelnaumowicz.pl\/pn\/wp-content\/uploads\/2023\/04\/Weranda_mini-768x660.png 768w, https:\/\/pawelnaumowicz.pl\/pn\/wp-content\/uploads\/2023\/04\/Weranda_mini.png 1076w\" sizes=\"auto, (max-width: 1024px) 100vw, 1024px\" \/><\/a><\/figure><div class=\"wp-block-media-text__content\">\n<p class=\"has-text-align-center has-black-color has-text-color has-background\" style=\"background-color:#fcfafa00;font-size:18px;text-transform:uppercase\">Magazyn o pi\u0119knych Wn\u0119trzach &#8222;Weranda&#8221;<\/p>\n<\/div><\/div>\n<\/div>\n\n\n\n<div class=\"wp-block-column is-layout-flow wp-block-column-is-layout-flow\">\n<div class=\"wp-block-media-text alignwide is-stacked-on-mobile has-background\" style=\"background:linear-gradient(135deg,rgba(255,255,255,0.56) 0%,rgba(255,255,255,0.48) 51%,rgba(169,183,194,0.64) 100%);grid-template-columns:51% auto\"><figure class=\"wp-block-media-text__media\"><a href=\"https:\/\/pawelnaumowicz.pl\/index.php\/galerie-wystawy-inne\/\"><img loading=\"lazy\" decoding=\"async\" width=\"1024\" height=\"879\" src=\"https:\/\/pawelnaumowicz.pl\/pn\/wp-content\/uploads\/2023\/04\/Galerie-wystawy_mini-1024x879.png\" alt=\"\" class=\"wp-image-861 size-large\" srcset=\"https:\/\/pawelnaumowicz.pl\/pn\/wp-content\/uploads\/2023\/04\/Galerie-wystawy_mini-1024x879.png 1024w, https:\/\/pawelnaumowicz.pl\/pn\/wp-content\/uploads\/2023\/04\/Galerie-wystawy_mini-600x515.png 600w, https:\/\/pawelnaumowicz.pl\/pn\/wp-content\/uploads\/2023\/04\/Galerie-wystawy_mini-300x258.png 300w, https:\/\/pawelnaumowicz.pl\/pn\/wp-content\/uploads\/2023\/04\/Galerie-wystawy_mini-768x660.png 768w, https:\/\/pawelnaumowicz.pl\/pn\/wp-content\/uploads\/2023\/04\/Galerie-wystawy_mini.png 1076w\" sizes=\"auto, (max-width: 1024px) 100vw, 1024px\" \/><\/a><\/figure><div class=\"wp-block-media-text__content\">\n<p class=\"has-text-align-center has-black-color has-text-color has-background\" style=\"background-color:#fcfafa00;font-size:18px;text-transform:uppercase\">Galerie \/ Wystawy \/ INNE<\/p>\n<\/div><\/div>\n<\/div>\n<\/div>\n","protected":false},"excerpt":{"rendered":"<p>Film dokumentalny &#8222;Pie\u015bNi rzeki&#8221; Ok\u0142adka Ksi\u0105\u017cki &#8222;Rytm&#8221; Magazyn o pi\u0119knych Wn\u0119trzach &#8222;Weranda&#8221; Galerie \/ Wystawy \/ INNE<\/p>\n","protected":false},"author":1,"featured_media":0,"parent":0,"menu_order":0,"comment_status":"closed","ping_status":"closed","template":"","meta":{"footnotes":""},"class_list":["post-455","page","type-page","status-publish","hentry"],"yoast_head":"<!-- This site is optimized with the Yoast SEO plugin v27.3 - https:\/\/yoast.com\/product\/yoast-seo-wordpress\/ -->\n<title>Historie - Pawe\u0142 Naumowicz<\/title>\n<meta name=\"robots\" content=\"index, follow, max-snippet:-1, max-image-preview:large, max-video-preview:-1\" \/>\n<link rel=\"canonical\" href=\"https:\/\/pawelnaumowicz.pl\/index.php\/historia\/\" \/>\n<meta property=\"og:locale\" content=\"pl_PL\" \/>\n<meta property=\"og:type\" content=\"article\" \/>\n<meta property=\"og:title\" content=\"Historie - Pawe\u0142 Naumowicz\" \/>\n<meta property=\"og:description\" content=\"Film dokumentalny &#8222;Pie\u015bNi rzeki&#8221; Ok\u0142adka Ksi\u0105\u017cki &#8222;Rytm&#8221; Magazyn o pi\u0119knych Wn\u0119trzach &#8222;Weranda&#8221; Galerie \/ Wystawy \/ INNE\" \/>\n<meta property=\"og:url\" content=\"https:\/\/pawelnaumowicz.pl\/index.php\/historia\/\" \/>\n<meta property=\"og:site_name\" content=\"Pawe\u0142 Naumowicz\" \/>\n<meta property=\"article:publisher\" content=\"https:\/\/www.facebook.com\/neumgraf\" \/>\n<meta property=\"article:modified_time\" content=\"2023-04-08T14:26:15+00:00\" \/>\n<meta property=\"og:image\" content=\"https:\/\/pawelnaumowicz.pl\/pn\/wp-content\/uploads\/2023\/04\/2013-PIEsNI-RZEKI-SONGS-OF-RIVER_logo-1024x879.jpg\" \/>\n<meta name=\"twitter:card\" content=\"summary_large_image\" \/>\n<script type=\"application\/ld+json\" class=\"yoast-schema-graph\">{\"@context\":\"https:\\\/\\\/schema.org\",\"@graph\":[{\"@type\":\"WebPage\",\"@id\":\"https:\\\/\\\/pawelnaumowicz.pl\\\/index.php\\\/historia\\\/\",\"url\":\"https:\\\/\\\/pawelnaumowicz.pl\\\/index.php\\\/historia\\\/\",\"name\":\"Historie - Pawe\u0142 Naumowicz\",\"isPartOf\":{\"@id\":\"https:\\\/\\\/pawelnaumowicz.pl\\\/#website\"},\"primaryImageOfPage\":{\"@id\":\"https:\\\/\\\/pawelnaumowicz.pl\\\/index.php\\\/historia\\\/#primaryimage\"},\"image\":{\"@id\":\"https:\\\/\\\/pawelnaumowicz.pl\\\/index.php\\\/historia\\\/#primaryimage\"},\"thumbnailUrl\":\"https:\\\/\\\/pawelnaumowicz.pl\\\/pn\\\/wp-content\\\/uploads\\\/2023\\\/04\\\/2013-PIEsNI-RZEKI-SONGS-OF-RIVER_logo-1024x879.jpg\",\"datePublished\":\"2022-03-16T21:10:00+00:00\",\"dateModified\":\"2023-04-08T14:26:15+00:00\",\"breadcrumb\":{\"@id\":\"https:\\\/\\\/pawelnaumowicz.pl\\\/index.php\\\/historia\\\/#breadcrumb\"},\"inLanguage\":\"pl-PL\",\"potentialAction\":[{\"@type\":\"ReadAction\",\"target\":[\"https:\\\/\\\/pawelnaumowicz.pl\\\/index.php\\\/historia\\\/\"]}]},{\"@type\":\"ImageObject\",\"inLanguage\":\"pl-PL\",\"@id\":\"https:\\\/\\\/pawelnaumowicz.pl\\\/index.php\\\/historia\\\/#primaryimage\",\"url\":\"https:\\\/\\\/pawelnaumowicz.pl\\\/pn\\\/wp-content\\\/uploads\\\/2023\\\/04\\\/2013-PIEsNI-RZEKI-SONGS-OF-RIVER_logo.jpg\",\"contentUrl\":\"https:\\\/\\\/pawelnaumowicz.pl\\\/pn\\\/wp-content\\\/uploads\\\/2023\\\/04\\\/2013-PIEsNI-RZEKI-SONGS-OF-RIVER_logo.jpg\",\"width\":1076,\"height\":924},{\"@type\":\"BreadcrumbList\",\"@id\":\"https:\\\/\\\/pawelnaumowicz.pl\\\/index.php\\\/historia\\\/#breadcrumb\",\"itemListElement\":[{\"@type\":\"ListItem\",\"position\":1,\"name\":\"Strona g\u0142\u00f3wna\",\"item\":\"https:\\\/\\\/pawelnaumowicz.pl\\\/\"},{\"@type\":\"ListItem\",\"position\":2,\"name\":\"Historie\"}]},{\"@type\":\"WebSite\",\"@id\":\"https:\\\/\\\/pawelnaumowicz.pl\\\/#website\",\"url\":\"https:\\\/\\\/pawelnaumowicz.pl\\\/\",\"name\":\"Pawe\u0142 Naumowicz\",\"description\":\"\",\"publisher\":{\"@id\":\"https:\\\/\\\/pawelnaumowicz.pl\\\/#\\\/schema\\\/person\\\/33fdf88358d7362dc38d7ae1a38801df\"},\"potentialAction\":[{\"@type\":\"SearchAction\",\"target\":{\"@type\":\"EntryPoint\",\"urlTemplate\":\"https:\\\/\\\/pawelnaumowicz.pl\\\/?s={search_term_string}\"},\"query-input\":{\"@type\":\"PropertyValueSpecification\",\"valueRequired\":true,\"valueName\":\"search_term_string\"}}],\"inLanguage\":\"pl-PL\"},{\"@type\":[\"Person\",\"Organization\"],\"@id\":\"https:\\\/\\\/pawelnaumowicz.pl\\\/#\\\/schema\\\/person\\\/33fdf88358d7362dc38d7ae1a38801df\",\"name\":\"Pawe\u0142 Naumowicz\",\"image\":{\"@type\":\"ImageObject\",\"inLanguage\":\"pl-PL\",\"@id\":\"https:\\\/\\\/pawelnaumowicz.pl\\\/pn\\\/wp-content\\\/uploads\\\/2023\\\/11\\\/PN_portret_main_www.jpg\",\"url\":\"https:\\\/\\\/pawelnaumowicz.pl\\\/pn\\\/wp-content\\\/uploads\\\/2023\\\/11\\\/PN_portret_main_www.jpg\",\"contentUrl\":\"https:\\\/\\\/pawelnaumowicz.pl\\\/pn\\\/wp-content\\\/uploads\\\/2023\\\/11\\\/PN_portret_main_www.jpg\",\"width\":1200,\"height\":1803,\"caption\":\"Pawe\u0142 Naumowicz\"},\"logo\":{\"@id\":\"https:\\\/\\\/pawelnaumowicz.pl\\\/pn\\\/wp-content\\\/uploads\\\/2023\\\/11\\\/PN_portret_main_www.jpg\"},\"sameAs\":[\"https:\\\/\\\/www.facebook.com\\\/neumgraf\",\"https:\\\/\\\/www.instagram.com\\\/naumowiczpawel\"]}]}<\/script>\n<!-- \/ Yoast SEO plugin. -->","yoast_head_json":{"title":"Historie - Pawe\u0142 Naumowicz","robots":{"index":"index","follow":"follow","max-snippet":"max-snippet:-1","max-image-preview":"max-image-preview:large","max-video-preview":"max-video-preview:-1"},"canonical":"https:\/\/pawelnaumowicz.pl\/index.php\/historia\/","og_locale":"pl_PL","og_type":"article","og_title":"Historie - Pawe\u0142 Naumowicz","og_description":"Film dokumentalny &#8222;Pie\u015bNi rzeki&#8221; Ok\u0142adka Ksi\u0105\u017cki &#8222;Rytm&#8221; Magazyn o pi\u0119knych Wn\u0119trzach &#8222;Weranda&#8221; Galerie \/ Wystawy \/ INNE","og_url":"https:\/\/pawelnaumowicz.pl\/index.php\/historia\/","og_site_name":"Pawe\u0142 Naumowicz","article_publisher":"https:\/\/www.facebook.com\/neumgraf","article_modified_time":"2023-04-08T14:26:15+00:00","og_image":[{"url":"https:\/\/pawelnaumowicz.pl\/pn\/wp-content\/uploads\/2023\/04\/2013-PIEsNI-RZEKI-SONGS-OF-RIVER_logo-1024x879.jpg","type":"","width":"","height":""}],"twitter_card":"summary_large_image","schema":{"@context":"https:\/\/schema.org","@graph":[{"@type":"WebPage","@id":"https:\/\/pawelnaumowicz.pl\/index.php\/historia\/","url":"https:\/\/pawelnaumowicz.pl\/index.php\/historia\/","name":"Historie - Pawe\u0142 Naumowicz","isPartOf":{"@id":"https:\/\/pawelnaumowicz.pl\/#website"},"primaryImageOfPage":{"@id":"https:\/\/pawelnaumowicz.pl\/index.php\/historia\/#primaryimage"},"image":{"@id":"https:\/\/pawelnaumowicz.pl\/index.php\/historia\/#primaryimage"},"thumbnailUrl":"https:\/\/pawelnaumowicz.pl\/pn\/wp-content\/uploads\/2023\/04\/2013-PIEsNI-RZEKI-SONGS-OF-RIVER_logo-1024x879.jpg","datePublished":"2022-03-16T21:10:00+00:00","dateModified":"2023-04-08T14:26:15+00:00","breadcrumb":{"@id":"https:\/\/pawelnaumowicz.pl\/index.php\/historia\/#breadcrumb"},"inLanguage":"pl-PL","potentialAction":[{"@type":"ReadAction","target":["https:\/\/pawelnaumowicz.pl\/index.php\/historia\/"]}]},{"@type":"ImageObject","inLanguage":"pl-PL","@id":"https:\/\/pawelnaumowicz.pl\/index.php\/historia\/#primaryimage","url":"https:\/\/pawelnaumowicz.pl\/pn\/wp-content\/uploads\/2023\/04\/2013-PIEsNI-RZEKI-SONGS-OF-RIVER_logo.jpg","contentUrl":"https:\/\/pawelnaumowicz.pl\/pn\/wp-content\/uploads\/2023\/04\/2013-PIEsNI-RZEKI-SONGS-OF-RIVER_logo.jpg","width":1076,"height":924},{"@type":"BreadcrumbList","@id":"https:\/\/pawelnaumowicz.pl\/index.php\/historia\/#breadcrumb","itemListElement":[{"@type":"ListItem","position":1,"name":"Strona g\u0142\u00f3wna","item":"https:\/\/pawelnaumowicz.pl\/"},{"@type":"ListItem","position":2,"name":"Historie"}]},{"@type":"WebSite","@id":"https:\/\/pawelnaumowicz.pl\/#website","url":"https:\/\/pawelnaumowicz.pl\/","name":"Pawe\u0142 Naumowicz","description":"","publisher":{"@id":"https:\/\/pawelnaumowicz.pl\/#\/schema\/person\/33fdf88358d7362dc38d7ae1a38801df"},"potentialAction":[{"@type":"SearchAction","target":{"@type":"EntryPoint","urlTemplate":"https:\/\/pawelnaumowicz.pl\/?s={search_term_string}"},"query-input":{"@type":"PropertyValueSpecification","valueRequired":true,"valueName":"search_term_string"}}],"inLanguage":"pl-PL"},{"@type":["Person","Organization"],"@id":"https:\/\/pawelnaumowicz.pl\/#\/schema\/person\/33fdf88358d7362dc38d7ae1a38801df","name":"Pawe\u0142 Naumowicz","image":{"@type":"ImageObject","inLanguage":"pl-PL","@id":"https:\/\/pawelnaumowicz.pl\/pn\/wp-content\/uploads\/2023\/11\/PN_portret_main_www.jpg","url":"https:\/\/pawelnaumowicz.pl\/pn\/wp-content\/uploads\/2023\/11\/PN_portret_main_www.jpg","contentUrl":"https:\/\/pawelnaumowicz.pl\/pn\/wp-content\/uploads\/2023\/11\/PN_portret_main_www.jpg","width":1200,"height":1803,"caption":"Pawe\u0142 Naumowicz"},"logo":{"@id":"https:\/\/pawelnaumowicz.pl\/pn\/wp-content\/uploads\/2023\/11\/PN_portret_main_www.jpg"},"sameAs":["https:\/\/www.facebook.com\/neumgraf","https:\/\/www.instagram.com\/naumowiczpawel"]}]}},"_links":{"self":[{"href":"https:\/\/pawelnaumowicz.pl\/index.php\/wp-json\/wp\/v2\/pages\/455","targetHints":{"allow":["GET"]}}],"collection":[{"href":"https:\/\/pawelnaumowicz.pl\/index.php\/wp-json\/wp\/v2\/pages"}],"about":[{"href":"https:\/\/pawelnaumowicz.pl\/index.php\/wp-json\/wp\/v2\/types\/page"}],"author":[{"embeddable":true,"href":"https:\/\/pawelnaumowicz.pl\/index.php\/wp-json\/wp\/v2\/users\/1"}],"replies":[{"embeddable":true,"href":"https:\/\/pawelnaumowicz.pl\/index.php\/wp-json\/wp\/v2\/comments?post=455"}],"version-history":[{"count":67,"href":"https:\/\/pawelnaumowicz.pl\/index.php\/wp-json\/wp\/v2\/pages\/455\/revisions"}],"predecessor-version":[{"id":955,"href":"https:\/\/pawelnaumowicz.pl\/index.php\/wp-json\/wp\/v2\/pages\/455\/revisions\/955"}],"wp:attachment":[{"href":"https:\/\/pawelnaumowicz.pl\/index.php\/wp-json\/wp\/v2\/media?parent=455"}],"curies":[{"name":"wp","href":"https:\/\/api.w.org\/{rel}","templated":true}]}}