{"id":5,"date":"2020-01-21T23:10:23","date_gmt":"2020-01-21T23:10:23","guid":{"rendered":"http:\/\/pawelnaumowicz.pl\/pn\/?page_id=5"},"modified":"2024-12-08T13:47:17","modified_gmt":"2024-12-08T13:47:17","slug":"strona-glowna_pl","status":"publish","type":"page","link":"https:\/\/pawelnaumowicz.pl\/","title":{"rendered":"Strona g\u0142\u00f3wna"},"content":{"rendered":"\n<h2 class=\"wp-block-heading\" id=\"gdybym-nie-mial-farb-malowalbym-blotem\">&#8222;Gdybym nie mia\u0142 farb, malowa\u0142bym b\u0142otem.&#8221;<\/h2>\n\n\n\n<p>Eugene Delacroix<\/p>\n\n\n\n<hr class=\"wp-block-separator has-text-color has-white-color has-css-opacity has-white-background-color has-background\"\/>\n\n\n\n<div class=\"wp-block-columns is-layout-flex wp-container-core-columns-is-layout-9d6595d7 wp-block-columns-is-layout-flex\">\n<div class=\"wp-block-column is-layout-flow wp-block-column-is-layout-flow\">\n<div class=\"wp-block-cover is-light\" style=\"min-height:200px;aspect-ratio:unset;\"><span aria-hidden=\"true\" class=\"wp-block-cover__background has-white-background-color has-background-dim\"><\/span><img loading=\"lazy\" decoding=\"async\" width=\"1245\" height=\"1730\" class=\"wp-block-cover__image-background wp-image-469\" alt=\"RYTM WOK\u00d3\u0141 MNIE 3 (RHYTHM AROUND ME 3) ver. 2022\" src=\"https:\/\/pawelnaumowicz.pl\/pn\/wp-content\/uploads\/2020\/01\/Rytm-3-kolory-2022-e1651094237597.jpg\" style=\"object-position:47% 48%\" data-object-fit=\"cover\" data-object-position=\"47% 48%\" srcset=\"https:\/\/pawelnaumowicz.pl\/pn\/wp-content\/uploads\/2020\/01\/Rytm-3-kolory-2022-e1651094237597.jpg 1245w, https:\/\/pawelnaumowicz.pl\/pn\/wp-content\/uploads\/2020\/01\/Rytm-3-kolory-2022-e1651094237597-600x834.jpg 600w, https:\/\/pawelnaumowicz.pl\/pn\/wp-content\/uploads\/2020\/01\/Rytm-3-kolory-2022-e1651094237597-216x300.jpg 216w, https:\/\/pawelnaumowicz.pl\/pn\/wp-content\/uploads\/2020\/01\/Rytm-3-kolory-2022-e1651094237597-737x1024.jpg 737w, https:\/\/pawelnaumowicz.pl\/pn\/wp-content\/uploads\/2020\/01\/Rytm-3-kolory-2022-e1651094237597-768x1067.jpg 768w, https:\/\/pawelnaumowicz.pl\/pn\/wp-content\/uploads\/2020\/01\/Rytm-3-kolory-2022-e1651094237597-1105x1536.jpg 1105w\" sizes=\"auto, (max-width: 1245px) 100vw, 1245px\" \/><div class=\"wp-block-cover__inner-container is-layout-flow wp-block-cover-is-layout-flow\">\n<p class=\"has-text-align-center has-white-color has-text-color\" style=\"font-size:19px;font-style:normal;font-weight:600;letter-spacing:5px;text-transform:uppercase\"><a href=\"https:\/\/pawelnaumowicz.pl\/index.php\/najnowsze-prace\/\" data-type=\"page\" data-id=\"117\">Najnowsze prace<\/a><\/p>\n<\/div><\/div>\n\n\n\n<hr class=\"wp-block-separator has-text-color has-white-color has-css-opacity has-white-background-color has-background is-style-default\"\/>\n<\/div>\n\n\n\n<div class=\"wp-block-column is-layout-flow wp-block-column-is-layout-flow\">\n<div class=\"wp-block-cover is-light\" style=\"min-height:200px;aspect-ratio:unset;\"><span aria-hidden=\"true\" class=\"wp-block-cover__background has-white-background-color has-background-dim\"><\/span><img loading=\"lazy\" decoding=\"async\" width=\"2134\" height=\"2560\" class=\"wp-block-cover__image-background wp-image-104\" alt=\"\" src=\"http:\/\/pawelnaumowicz.pl\/pn\/wp-content\/uploads\/2020\/01\/REFLEKSJA-scaled.jpg\" data-object-fit=\"cover\" srcset=\"https:\/\/pawelnaumowicz.pl\/pn\/wp-content\/uploads\/2020\/01\/REFLEKSJA-scaled.jpg 2134w, https:\/\/pawelnaumowicz.pl\/pn\/wp-content\/uploads\/2020\/01\/REFLEKSJA-scaled-600x720.jpg 600w, https:\/\/pawelnaumowicz.pl\/pn\/wp-content\/uploads\/2020\/01\/REFLEKSJA-250x300.jpg 250w, https:\/\/pawelnaumowicz.pl\/pn\/wp-content\/uploads\/2020\/01\/REFLEKSJA-853x1024.jpg 853w, https:\/\/pawelnaumowicz.pl\/pn\/wp-content\/uploads\/2020\/01\/REFLEKSJA-768x921.jpg 768w, https:\/\/pawelnaumowicz.pl\/pn\/wp-content\/uploads\/2020\/01\/REFLEKSJA-1280x1536.jpg 1280w, https:\/\/pawelnaumowicz.pl\/pn\/wp-content\/uploads\/2020\/01\/REFLEKSJA-1707x2048.jpg 1707w\" sizes=\"auto, (max-width: 2134px) 100vw, 2134px\" \/><div class=\"wp-block-cover__inner-container is-layout-flow wp-block-cover-is-layout-flow\">\n<p class=\"has-text-align-center has-white-color has-text-color\" style=\"font-size:19px;font-style:normal;font-weight:600;letter-spacing:5px;text-transform:uppercase\"><a href=\"https:\/\/pawelnaumowicz.pl\/index.php\/malarstwo\/\" data-type=\"page\" data-id=\"105\">Malarstwo<\/a><\/p>\n<\/div><\/div>\n\n\n\n<hr class=\"wp-block-separator has-text-color has-white-color has-css-opacity has-white-background-color has-background\"\/>\n<\/div>\n\n\n\n<div class=\"wp-block-column is-layout-flow wp-block-column-is-layout-flow\">\n<div class=\"wp-block-cover is-light wp-duotone-unset-1\" style=\"min-height:200px;aspect-ratio:unset;\"><span aria-hidden=\"true\" class=\"wp-block-cover__background has-white-background-color has-background-dim\"><\/span><img loading=\"lazy\" decoding=\"async\" width=\"1858\" height=\"2560\" class=\"wp-block-cover__image-background wp-image-179\" alt=\"Z cyklu zwierz\u0119ta: Ko\u0144 (From the cycle animals: Horse)\" src=\"https:\/\/pawelnaumowicz.pl\/pn\/wp-content\/uploads\/2020\/01\/ko\u0139\u201e-scaled.jpg\" style=\"object-position:48% 73%\" data-object-fit=\"cover\" data-object-position=\"48% 73%\" srcset=\"https:\/\/pawelnaumowicz.pl\/pn\/wp-content\/uploads\/2020\/01\/ko\u0139\u201e-scaled.jpg 1858w, https:\/\/pawelnaumowicz.pl\/pn\/wp-content\/uploads\/2020\/01\/ko\u0139\u201e-scaled-600x827.jpg 600w, https:\/\/pawelnaumowicz.pl\/pn\/wp-content\/uploads\/2020\/01\/ko\u0139\u201e-218x300.jpg 218w, https:\/\/pawelnaumowicz.pl\/pn\/wp-content\/uploads\/2020\/01\/ko\u0139\u201e-743x1024.jpg 743w, https:\/\/pawelnaumowicz.pl\/pn\/wp-content\/uploads\/2020\/01\/ko\u0139\u201e-768x1058.jpg 768w, https:\/\/pawelnaumowicz.pl\/pn\/wp-content\/uploads\/2020\/01\/ko\u0139\u201e-1115x1536.jpg 1115w, https:\/\/pawelnaumowicz.pl\/pn\/wp-content\/uploads\/2020\/01\/ko\u0139\u201e-1486x2048.jpg 1486w\" sizes=\"auto, (max-width: 1858px) 100vw, 1858px\" \/><div class=\"wp-block-cover__inner-container is-layout-flow wp-block-cover-is-layout-flow\">\n<p class=\"has-text-align-center has-white-color has-text-color\" style=\"font-size:19px;font-style:normal;font-weight:700;letter-spacing:5px;text-transform:uppercase\"><a href=\"https:\/\/pawelnaumowicz.pl\/index.php\/grafika\/\" data-type=\"page\" data-id=\"113\">GRAFIKA<\/a><\/p>\n<\/div><\/div>\n\n\n\n<hr class=\"wp-block-separator has-text-color has-white-color has-css-opacity has-white-background-color has-background\"\/>\n<\/div>\n<\/div>\n\n\n\n<div class=\"wp-block-columns is-layout-flex wp-container-core-columns-is-layout-9d6595d7 wp-block-columns-is-layout-flex\">\n<div class=\"wp-block-column is-layout-flow wp-block-column-is-layout-flow\"><\/div>\n\n\n\n<div class=\"wp-block-column is-layout-flow wp-block-column-is-layout-flow\">\n<div class=\"wp-block-cover aligncenter is-light\" style=\"min-height:200px;aspect-ratio:unset;\"><span aria-hidden=\"true\" class=\"wp-block-cover__background has-white-background-color has-background-dim\"><\/span><img loading=\"lazy\" decoding=\"async\" width=\"310\" height=\"418\" class=\"wp-block-cover__image-background wp-image-649\" alt=\"\" src=\"https:\/\/pawelnaumowicz.pl\/pn\/wp-content\/uploads\/2022\/10\/durer.jpg\" style=\"object-position:47% 7%\" data-object-fit=\"cover\" data-object-position=\"47% 7%\" srcset=\"https:\/\/pawelnaumowicz.pl\/pn\/wp-content\/uploads\/2022\/10\/durer.jpg 310w, https:\/\/pawelnaumowicz.pl\/pn\/wp-content\/uploads\/2022\/10\/durer-222x300.jpg 222w\" sizes=\"auto, (max-width: 310px) 100vw, 310px\" \/><div class=\"wp-block-cover__inner-container is-layout-flow wp-block-cover-is-layout-flow\">\n<p class=\"has-text-align-center has-white-color has-text-color\" style=\"font-size:15px;font-style:normal;font-weight:600;letter-spacing:3px;text-transform:uppercase\"><a href=\"https:\/\/pawelnaumowicz.pl\/index.php\/reprodukcje\/\" data-type=\"page\" data-id=\"647\">D\u00fcrer \u2013 Reprodukcje<\/a><\/p>\n<\/div><\/div>\n<\/div>\n\n\n\n<div class=\"wp-block-column is-layout-flow wp-block-column-is-layout-flow\"><\/div>\n<\/div>\n\n\n\n<hr class=\"wp-block-separator has-alpha-channel-opacity is-style-dots\"\/>\n\n\n\n<div class=\"wp-block-columns is-layout-flex wp-container-core-columns-is-layout-9d6595d7 wp-block-columns-is-layout-flex\">\n<div class=\"wp-block-column is-layout-flow wp-block-column-is-layout-flow\"><\/div>\n\n\n\n<div class=\"wp-block-column is-layout-flow wp-block-column-is-layout-flow\">\n<div class=\"wp-block-cover is-light\" style=\"min-height:200px;aspect-ratio:unset;\"><span aria-hidden=\"true\" class=\"wp-block-cover__background has-white-background-color has-background-dim\"><\/span><img loading=\"lazy\" decoding=\"async\" width=\"2048\" height=\"2560\" class=\"wp-block-cover__image-background wp-image-1456\" alt=\"\" src=\"https:\/\/pawelnaumowicz.pl\/pn\/wp-content\/uploads\/2024\/10\/Nowa_praca_102024-scaled.jpg\" style=\"object-position:52% 23%\" data-object-fit=\"cover\" data-object-position=\"52% 23%\" srcset=\"https:\/\/pawelnaumowicz.pl\/pn\/wp-content\/uploads\/2024\/10\/Nowa_praca_102024-scaled.jpg 2048w, https:\/\/pawelnaumowicz.pl\/pn\/wp-content\/uploads\/2024\/10\/Nowa_praca_102024-scaled-600x750.jpg 600w, https:\/\/pawelnaumowicz.pl\/pn\/wp-content\/uploads\/2024\/10\/Nowa_praca_102024-240x300.jpg 240w, https:\/\/pawelnaumowicz.pl\/pn\/wp-content\/uploads\/2024\/10\/Nowa_praca_102024-819x1024.jpg 819w, https:\/\/pawelnaumowicz.pl\/pn\/wp-content\/uploads\/2024\/10\/Nowa_praca_102024-768x960.jpg 768w, https:\/\/pawelnaumowicz.pl\/pn\/wp-content\/uploads\/2024\/10\/Nowa_praca_102024-1229x1536.jpg 1229w, https:\/\/pawelnaumowicz.pl\/pn\/wp-content\/uploads\/2024\/10\/Nowa_praca_102024-1638x2048.jpg 1638w\" sizes=\"auto, (max-width: 2048px) 100vw, 2048px\" \/><div class=\"wp-block-cover__inner-container is-layout-flow wp-block-cover-is-layout-flow\">\n<p class=\"has-text-align-center has-white-color has-text-color\" style=\"font-size:19px;font-style:normal;font-weight:600;letter-spacing:3px;text-transform:uppercase\"><br><a data-type=\"page\" data-id=\"525\" href=\"https:\/\/pawelnaumowicz.pl\/index.php\/oprawa\/\">Oprawa<\/a><\/p>\n<\/div><\/div>\n<\/div>\n\n\n\n<div class=\"wp-block-column is-layout-flow wp-block-column-is-layout-flow\"><\/div>\n<\/div>\n\n\n\n<hr class=\"wp-block-separator has-alpha-channel-opacity is-style-dots\"\/>\n\n\n\n<div class=\"wp-block-columns is-layout-flex wp-container-core-columns-is-layout-9d6595d7 wp-block-columns-is-layout-flex\">\n<div class=\"wp-block-column is-layout-flow wp-block-column-is-layout-flow\"><\/div>\n\n\n\n<div class=\"wp-block-column is-layout-flow wp-block-column-is-layout-flow\">\n<div class=\"wp-block-group is-nowrap is-layout-flex wp-container-core-group-is-layout-ad2f72ca wp-block-group-is-layout-flex\">\n<p class=\"has-text-align-center has-black-color has-text-color has-link-color wp-elements-3847534ffbcae89a2419146db00b1010 wp-container-content-9cfa9a5a\" style=\"font-size:21px;font-style:normal;font-weight:400\">Do\u0142\u0105cz do moich odbiorc\u00f3w:<\/p>\n<\/div>\n\n\n<div class=\"wp-block-image\">\n<figure class=\"aligncenter size-full\"><a href=\"https:\/\/pawelnaumowicz.pl\/index.php\/zapis-do-newslettera\/\"><img loading=\"lazy\" decoding=\"async\" width=\"993\" height=\"253\" src=\"https:\/\/pawelnaumowicz.pl\/pn\/wp-content\/uploads\/2024\/01\/newsletter_slice3.png\" alt=\"\" class=\"wp-image-1334\" srcset=\"https:\/\/pawelnaumowicz.pl\/pn\/wp-content\/uploads\/2024\/01\/newsletter_slice3.png 993w, https:\/\/pawelnaumowicz.pl\/pn\/wp-content\/uploads\/2024\/01\/newsletter_slice3-600x153.png 600w, https:\/\/pawelnaumowicz.pl\/pn\/wp-content\/uploads\/2024\/01\/newsletter_slice3-300x76.png 300w, https:\/\/pawelnaumowicz.pl\/pn\/wp-content\/uploads\/2024\/01\/newsletter_slice3-768x196.png 768w\" sizes=\"auto, (max-width: 993px) 100vw, 993px\" \/><\/a><\/figure>\n<\/div><\/div>\n\n\n\n<div class=\"wp-block-column is-layout-flow wp-block-column-is-layout-flow\"><\/div>\n<\/div>\n\n\n\n<p><\/p>\n","protected":false},"excerpt":{"rendered":"<p>&#8222;Gdybym nie mia\u0142 farb, malowa\u0142bym b\u0142otem.&#8221; Eugene Delacroix Do\u0142\u0105cz do moich odbiorc\u00f3w:<\/p>\n","protected":false},"author":1,"featured_media":0,"parent":0,"menu_order":0,"comment_status":"closed","ping_status":"closed","template":"","meta":{"footnotes":""},"class_list":["post-5","page","type-page","status-publish","hentry"],"yoast_head":"<!-- This site is optimized with the Yoast SEO plugin v27.3 - https:\/\/yoast.com\/product\/yoast-seo-wordpress\/ -->\n<title>Strona g\u0142\u00f3wna - Pawe\u0142 Naumowicz<\/title>\n<meta name=\"description\" content=\"Pawe\u0142 Naumowicz, artysta, linorytnik, malarz, motto tw\u00f3rcze: &quot;Gdybym nie mia\u0142 farb, malowa\u0142bym b\u0142otem.&quot; Eugene Delacroix\" \/>\n<meta name=\"robots\" content=\"index, follow, max-snippet:-1, max-image-preview:large, max-video-preview:-1\" \/>\n<link rel=\"canonical\" href=\"https:\/\/pawelnaumowicz.pl\/\" \/>\n<meta property=\"og:locale\" content=\"pl_PL\" \/>\n<meta property=\"og:type\" content=\"article\" \/>\n<meta property=\"og:title\" content=\"Strona g\u0142\u00f3wna - Pawe\u0142 Naumowicz\" \/>\n<meta property=\"og:description\" content=\"Pawe\u0142 Naumowicz, artysta, linorytnik, malarz, motto tw\u00f3rcze: &quot;Gdybym nie mia\u0142 farb, malowa\u0142bym b\u0142otem.&quot; Eugene Delacroix\" \/>\n<meta property=\"og:url\" content=\"https:\/\/pawelnaumowicz.pl\/\" \/>\n<meta property=\"og:site_name\" content=\"Pawe\u0142 Naumowicz\" \/>\n<meta property=\"article:publisher\" content=\"https:\/\/www.facebook.com\/neumgraf\" \/>\n<meta property=\"article:modified_time\" content=\"2024-12-08T13:47:17+00:00\" \/>\n<meta property=\"og:image\" content=\"https:\/\/pawelnaumowicz.pl\/pn\/wp-content\/uploads\/2022\/10\/durer.jpg\" \/>\n<meta name=\"twitter:card\" content=\"summary_large_image\" \/>\n<meta name=\"twitter:label1\" content=\"Szacowany czas czytania\" \/>\n\t<meta name=\"twitter:data1\" content=\"1 minuta\" \/>\n<script type=\"application\/ld+json\" class=\"yoast-schema-graph\">{\"@context\":\"https:\\\/\\\/schema.org\",\"@graph\":[{\"@type\":\"WebPage\",\"@id\":\"https:\\\/\\\/pawelnaumowicz.pl\\\/\",\"url\":\"https:\\\/\\\/pawelnaumowicz.pl\\\/\",\"name\":\"Strona g\u0142\u00f3wna - Pawe\u0142 Naumowicz\",\"isPartOf\":{\"@id\":\"https:\\\/\\\/pawelnaumowicz.pl\\\/#website\"},\"primaryImageOfPage\":{\"@id\":\"https:\\\/\\\/pawelnaumowicz.pl\\\/#primaryimage\"},\"image\":{\"@id\":\"https:\\\/\\\/pawelnaumowicz.pl\\\/#primaryimage\"},\"thumbnailUrl\":\"https:\\\/\\\/pawelnaumowicz.pl\\\/pn\\\/wp-content\\\/uploads\\\/2022\\\/10\\\/durer.jpg\",\"datePublished\":\"2020-01-21T23:10:23+00:00\",\"dateModified\":\"2024-12-08T13:47:17+00:00\",\"description\":\"Pawe\u0142 Naumowicz, artysta, linorytnik, malarz, motto tw\u00f3rcze: \\\"Gdybym nie mia\u0142 farb, malowa\u0142bym b\u0142otem.\\\" Eugene Delacroix\",\"breadcrumb\":{\"@id\":\"https:\\\/\\\/pawelnaumowicz.pl\\\/#breadcrumb\"},\"inLanguage\":\"pl-PL\",\"potentialAction\":[{\"@type\":\"ReadAction\",\"target\":[\"https:\\\/\\\/pawelnaumowicz.pl\\\/\"]}]},{\"@type\":\"ImageObject\",\"inLanguage\":\"pl-PL\",\"@id\":\"https:\\\/\\\/pawelnaumowicz.pl\\\/#primaryimage\",\"url\":\"https:\\\/\\\/pawelnaumowicz.pl\\\/pn\\\/wp-content\\\/uploads\\\/2022\\\/10\\\/durer.jpg\",\"contentUrl\":\"https:\\\/\\\/pawelnaumowicz.pl\\\/pn\\\/wp-content\\\/uploads\\\/2022\\\/10\\\/durer.jpg\",\"width\":310,\"height\":418},{\"@type\":\"BreadcrumbList\",\"@id\":\"https:\\\/\\\/pawelnaumowicz.pl\\\/#breadcrumb\",\"itemListElement\":[{\"@type\":\"ListItem\",\"position\":1,\"name\":\"Strona g\u0142\u00f3wna\",\"item\":\"https:\\\/\\\/pawelnaumowicz.pl\\\/\"},{\"@type\":\"ListItem\",\"position\":2,\"name\":\"Strona g\u0142\u00f3wna\"}]},{\"@type\":\"WebSite\",\"@id\":\"https:\\\/\\\/pawelnaumowicz.pl\\\/#website\",\"url\":\"https:\\\/\\\/pawelnaumowicz.pl\\\/\",\"name\":\"Pawe\u0142 Naumowicz\",\"description\":\"\",\"publisher\":{\"@id\":\"https:\\\/\\\/pawelnaumowicz.pl\\\/#\\\/schema\\\/person\\\/33fdf88358d7362dc38d7ae1a38801df\"},\"potentialAction\":[{\"@type\":\"SearchAction\",\"target\":{\"@type\":\"EntryPoint\",\"urlTemplate\":\"https:\\\/\\\/pawelnaumowicz.pl\\\/?s={search_term_string}\"},\"query-input\":{\"@type\":\"PropertyValueSpecification\",\"valueRequired\":true,\"valueName\":\"search_term_string\"}}],\"inLanguage\":\"pl-PL\"},{\"@type\":[\"Person\",\"Organization\"],\"@id\":\"https:\\\/\\\/pawelnaumowicz.pl\\\/#\\\/schema\\\/person\\\/33fdf88358d7362dc38d7ae1a38801df\",\"name\":\"Pawe\u0142 Naumowicz\",\"image\":{\"@type\":\"ImageObject\",\"inLanguage\":\"pl-PL\",\"@id\":\"https:\\\/\\\/pawelnaumowicz.pl\\\/pn\\\/wp-content\\\/uploads\\\/2023\\\/11\\\/PN_portret_main_www.jpg\",\"url\":\"https:\\\/\\\/pawelnaumowicz.pl\\\/pn\\\/wp-content\\\/uploads\\\/2023\\\/11\\\/PN_portret_main_www.jpg\",\"contentUrl\":\"https:\\\/\\\/pawelnaumowicz.pl\\\/pn\\\/wp-content\\\/uploads\\\/2023\\\/11\\\/PN_portret_main_www.jpg\",\"width\":1200,\"height\":1803,\"caption\":\"Pawe\u0142 Naumowicz\"},\"logo\":{\"@id\":\"https:\\\/\\\/pawelnaumowicz.pl\\\/pn\\\/wp-content\\\/uploads\\\/2023\\\/11\\\/PN_portret_main_www.jpg\"},\"sameAs\":[\"https:\\\/\\\/www.facebook.com\\\/neumgraf\",\"https:\\\/\\\/www.instagram.com\\\/naumowiczpawel\"]}]}<\/script>\n<!-- \/ Yoast SEO plugin. -->","yoast_head_json":{"title":"Strona g\u0142\u00f3wna - Pawe\u0142 Naumowicz","description":"Pawe\u0142 Naumowicz, artysta, linorytnik, malarz, motto tw\u00f3rcze: \"Gdybym nie mia\u0142 farb, malowa\u0142bym b\u0142otem.\" Eugene Delacroix","robots":{"index":"index","follow":"follow","max-snippet":"max-snippet:-1","max-image-preview":"max-image-preview:large","max-video-preview":"max-video-preview:-1"},"canonical":"https:\/\/pawelnaumowicz.pl\/","og_locale":"pl_PL","og_type":"article","og_title":"Strona g\u0142\u00f3wna - Pawe\u0142 Naumowicz","og_description":"Pawe\u0142 Naumowicz, artysta, linorytnik, malarz, motto tw\u00f3rcze: \"Gdybym nie mia\u0142 farb, malowa\u0142bym b\u0142otem.\" Eugene Delacroix","og_url":"https:\/\/pawelnaumowicz.pl\/","og_site_name":"Pawe\u0142 Naumowicz","article_publisher":"https:\/\/www.facebook.com\/neumgraf","article_modified_time":"2024-12-08T13:47:17+00:00","og_image":[{"url":"https:\/\/pawelnaumowicz.pl\/pn\/wp-content\/uploads\/2022\/10\/durer.jpg","type":"","width":"","height":""}],"twitter_card":"summary_large_image","twitter_misc":{"Szacowany czas czytania":"1 minuta"},"schema":{"@context":"https:\/\/schema.org","@graph":[{"@type":"WebPage","@id":"https:\/\/pawelnaumowicz.pl\/","url":"https:\/\/pawelnaumowicz.pl\/","name":"Strona g\u0142\u00f3wna - Pawe\u0142 Naumowicz","isPartOf":{"@id":"https:\/\/pawelnaumowicz.pl\/#website"},"primaryImageOfPage":{"@id":"https:\/\/pawelnaumowicz.pl\/#primaryimage"},"image":{"@id":"https:\/\/pawelnaumowicz.pl\/#primaryimage"},"thumbnailUrl":"https:\/\/pawelnaumowicz.pl\/pn\/wp-content\/uploads\/2022\/10\/durer.jpg","datePublished":"2020-01-21T23:10:23+00:00","dateModified":"2024-12-08T13:47:17+00:00","description":"Pawe\u0142 Naumowicz, artysta, linorytnik, malarz, motto tw\u00f3rcze: \"Gdybym nie mia\u0142 farb, malowa\u0142bym b\u0142otem.\" Eugene Delacroix","breadcrumb":{"@id":"https:\/\/pawelnaumowicz.pl\/#breadcrumb"},"inLanguage":"pl-PL","potentialAction":[{"@type":"ReadAction","target":["https:\/\/pawelnaumowicz.pl\/"]}]},{"@type":"ImageObject","inLanguage":"pl-PL","@id":"https:\/\/pawelnaumowicz.pl\/#primaryimage","url":"https:\/\/pawelnaumowicz.pl\/pn\/wp-content\/uploads\/2022\/10\/durer.jpg","contentUrl":"https:\/\/pawelnaumowicz.pl\/pn\/wp-content\/uploads\/2022\/10\/durer.jpg","width":310,"height":418},{"@type":"BreadcrumbList","@id":"https:\/\/pawelnaumowicz.pl\/#breadcrumb","itemListElement":[{"@type":"ListItem","position":1,"name":"Strona g\u0142\u00f3wna","item":"https:\/\/pawelnaumowicz.pl\/"},{"@type":"ListItem","position":2,"name":"Strona g\u0142\u00f3wna"}]},{"@type":"WebSite","@id":"https:\/\/pawelnaumowicz.pl\/#website","url":"https:\/\/pawelnaumowicz.pl\/","name":"Pawe\u0142 Naumowicz","description":"","publisher":{"@id":"https:\/\/pawelnaumowicz.pl\/#\/schema\/person\/33fdf88358d7362dc38d7ae1a38801df"},"potentialAction":[{"@type":"SearchAction","target":{"@type":"EntryPoint","urlTemplate":"https:\/\/pawelnaumowicz.pl\/?s={search_term_string}"},"query-input":{"@type":"PropertyValueSpecification","valueRequired":true,"valueName":"search_term_string"}}],"inLanguage":"pl-PL"},{"@type":["Person","Organization"],"@id":"https:\/\/pawelnaumowicz.pl\/#\/schema\/person\/33fdf88358d7362dc38d7ae1a38801df","name":"Pawe\u0142 Naumowicz","image":{"@type":"ImageObject","inLanguage":"pl-PL","@id":"https:\/\/pawelnaumowicz.pl\/pn\/wp-content\/uploads\/2023\/11\/PN_portret_main_www.jpg","url":"https:\/\/pawelnaumowicz.pl\/pn\/wp-content\/uploads\/2023\/11\/PN_portret_main_www.jpg","contentUrl":"https:\/\/pawelnaumowicz.pl\/pn\/wp-content\/uploads\/2023\/11\/PN_portret_main_www.jpg","width":1200,"height":1803,"caption":"Pawe\u0142 Naumowicz"},"logo":{"@id":"https:\/\/pawelnaumowicz.pl\/pn\/wp-content\/uploads\/2023\/11\/PN_portret_main_www.jpg"},"sameAs":["https:\/\/www.facebook.com\/neumgraf","https:\/\/www.instagram.com\/naumowiczpawel"]}]}},"_links":{"self":[{"href":"https:\/\/pawelnaumowicz.pl\/index.php\/wp-json\/wp\/v2\/pages\/5","targetHints":{"allow":["GET"]}}],"collection":[{"href":"https:\/\/pawelnaumowicz.pl\/index.php\/wp-json\/wp\/v2\/pages"}],"about":[{"href":"https:\/\/pawelnaumowicz.pl\/index.php\/wp-json\/wp\/v2\/types\/page"}],"author":[{"embeddable":true,"href":"https:\/\/pawelnaumowicz.pl\/index.php\/wp-json\/wp\/v2\/users\/1"}],"replies":[{"embeddable":true,"href":"https:\/\/pawelnaumowicz.pl\/index.php\/wp-json\/wp\/v2\/comments?post=5"}],"version-history":[{"count":37,"href":"https:\/\/pawelnaumowicz.pl\/index.php\/wp-json\/wp\/v2\/pages\/5\/revisions"}],"predecessor-version":[{"id":1727,"href":"https:\/\/pawelnaumowicz.pl\/index.php\/wp-json\/wp\/v2\/pages\/5\/revisions\/1727"}],"wp:attachment":[{"href":"https:\/\/pawelnaumowicz.pl\/index.php\/wp-json\/wp\/v2\/media?parent=5"}],"curies":[{"name":"wp","href":"https:\/\/api.w.org\/{rel}","templated":true}]}}