{"id":53,"date":"2020-01-22T20:41:30","date_gmt":"2020-01-22T20:41:30","guid":{"rendered":"http:\/\/pawelnaumowicz.pl\/pn\/?page_id=53"},"modified":"2023-12-25T16:04:24","modified_gmt":"2023-12-25T16:04:24","slug":"o-mnie","status":"publish","type":"page","link":"https:\/\/pawelnaumowicz.pl\/index.php\/o-mnie\/","title":{"rendered":"O mnie"},"content":{"rendered":"\n<div class=\"wp-block-media-text is-stacked-on-mobile is-vertically-aligned-top\" style=\"grid-template-columns:20% auto\"><figure class=\"wp-block-media-text__media\"><img loading=\"lazy\" decoding=\"async\" width=\"682\" height=\"1024\" src=\"https:\/\/pawelnaumowicz.pl\/pn\/wp-content\/uploads\/2023\/11\/PN_portret_main_www-682x1024.jpg\" alt=\"Pawe\u0142 Naumowicz Portret fot. Marek Naumowicz\" class=\"wp-image-1132 size-full\" srcset=\"https:\/\/pawelnaumowicz.pl\/pn\/wp-content\/uploads\/2023\/11\/PN_portret_main_www-682x1024.jpg 682w, https:\/\/pawelnaumowicz.pl\/pn\/wp-content\/uploads\/2023\/11\/PN_portret_main_www-600x902.jpg 600w, https:\/\/pawelnaumowicz.pl\/pn\/wp-content\/uploads\/2023\/11\/PN_portret_main_www-200x300.jpg 200w, https:\/\/pawelnaumowicz.pl\/pn\/wp-content\/uploads\/2023\/11\/PN_portret_main_www-768x1154.jpg 768w, https:\/\/pawelnaumowicz.pl\/pn\/wp-content\/uploads\/2023\/11\/PN_portret_main_www-1022x1536.jpg 1022w, https:\/\/pawelnaumowicz.pl\/pn\/wp-content\/uploads\/2023\/11\/PN_portret_main_www.jpg 1200w\" sizes=\"auto, (max-width: 682px) 100vw, 682px\" \/><\/figure><div class=\"wp-block-media-text__content\">\n<p class=\"has-drop-cap has-black-color has-text-color has-link-color wp-elements-3b4604420ec86cb7b3a9ecf365cd17b6\" style=\"font-size:19px;font-style:normal;font-weight:400\">Pawe\u0142 Naumowicz rocznik 1980, Bia\u0142ystok. Absolwent Wydzia\u0142u Grafiki warszawskiej Akademii Sztuk Pi\u0119knych. Licencjat obroni\u0142em w pracowni projektowania ilustracji prof. Zygmunta Januszewskiego, a tytu\u0142 magistra sztuk pi\u0119knych w pracowni grafiki warsztatowej prof. Rafa\u0142a Strenta. Zajmuj\u0119 si\u0119 grafik\u0105, malarstwem, rysunkiem i projektowaniem graficznym. W\u015br\u00f3d licznego zbioru grafik, najwi\u0119kszy stanowi\u0105 grafiki wykonane technik\u0105 linorytu. Cho\u0107 tematyka i forma prac jest zr\u00f3\u017cnicowana wiele z nich odnosi si\u0119 do problem\u00f3w egzystencjalnych &#8211; samotno\u015bci, wyobcowania, zmaga\u0144 cz\u0142owieka z samym sob\u0105, zawieszenia gdzie\u015b w czasie i odrealnionej przestrzeni.<br>Od 2007 roku stale wsp\u00f3\u0142pracuj\u0119 z Art. Gallery Kafe, w Wood Dale, w USA. Jestem te\u017c cz\u0142onkiem Stowarzyszenia Artystycznego Kolegtyw,&nbsp; gdzie anga\u017cuj\u0119 si\u0119 w inicjatywy o charakterze interdyscyplinarnym, \u0142\u0105cz\u0105ce m.in. sztuki wizualne, teatr i taniec. Jestem laureatem nagrody Marsza\u0142ka Wojew\u00f3dztwa Mazowieckiego w styczniowej edycji Grafika Warszawska 2008.<br><br>Moje wystawy:<br>2007 &#8211;&nbsp; uczestnik wystawy zbiorowej w Art Gallery Kafe, Wood Dale, USA<br>2010 &#8211; wystawa \u201dLinoryt\u201d Art Gallery Kafe, Wood Dale, USA<br>2015 &#8211; \u201dProlog\u201d Centrum im. Ludwika Zamenhofa, Bia\u0142ystok<\/p>\n\n\n\n<p class=\"has-black-color has-text-color has-link-color wp-elements-0636af2b7ec5d19db1e90d3e1adddefb\" style=\"font-size:19px;font-style:normal;font-weight:400\">Czynnie uczestnicz\u0119 w mediach spo\u0142eczno\u015bciowych.<\/p>\n<\/div><\/div>\n","protected":false},"excerpt":{"rendered":"<p>Pawe\u0142 Naumowicz rocznik 1980, Bia\u0142ystok. Absolwent Wydzia\u0142u Grafiki warszawskiej Akademii Sztuk Pi\u0119knych. Licencjat obroni\u0142em w pracowni projektowania ilustracji prof. Zygmunta Januszewskiego, a tytu\u0142 magistra sztuk pi\u0119knych w pracowni grafiki warsztatowej prof. Rafa\u0142a Strenta. Zajmuj\u0119 si\u0119 grafik\u0105, malarstwem, rysunkiem i projektowaniem graficznym. W\u015br\u00f3d licznego zbioru grafik, najwi\u0119kszy stanowi\u0105 grafiki wykonane technik\u0105 linorytu. Cho\u0107 tematyka i forma prac jest zr\u00f3\u017cnicowana wiele z nich odnosi si\u0119 do problem\u00f3w egzystencjalnych &#8211; samotno\u015bci, wyobcowania, zmaga\u0144<\/p>\n<div class=\"read-more\"><a class=\"btn read-more-btn\" href=\"https:\/\/pawelnaumowicz.pl\/index.php\/o-mnie\/\">Read More<\/a><\/div>\n","protected":false},"author":1,"featured_media":0,"parent":0,"menu_order":0,"comment_status":"closed","ping_status":"closed","template":"","meta":{"footnotes":""},"class_list":["post-53","page","type-page","status-publish","hentry"],"yoast_head":"<!-- This site is optimized with the Yoast SEO plugin v27.3 - https:\/\/yoast.com\/product\/yoast-seo-wordpress\/ -->\n<title>O mnie - Pawe\u0142 Naumowicz<\/title>\n<meta name=\"description\" content=\"Kilka zda\u0144 o mnie samym, mojej przesz\u0142o\u015bci, moich zainteresowaniach i co zawieraj\u0105 moje skromne prace. Moje szko\u0142y oraz moje wystawy.\" \/>\n<meta name=\"robots\" content=\"index, follow, max-snippet:-1, max-image-preview:large, max-video-preview:-1\" \/>\n<link rel=\"canonical\" href=\"https:\/\/pawelnaumowicz.pl\/index.php\/o-mnie\/\" \/>\n<meta property=\"og:locale\" content=\"pl_PL\" \/>\n<meta property=\"og:type\" content=\"article\" \/>\n<meta property=\"og:title\" content=\"O mnie - Pawe\u0142 Naumowicz\" \/>\n<meta property=\"og:description\" content=\"Kilka zda\u0144 o mnie samym, mojej przesz\u0142o\u015bci, moich zainteresowaniach i co zawieraj\u0105 moje skromne prace. Moje szko\u0142y oraz moje wystawy.\" \/>\n<meta property=\"og:url\" content=\"https:\/\/pawelnaumowicz.pl\/index.php\/o-mnie\/\" \/>\n<meta property=\"og:site_name\" content=\"Pawe\u0142 Naumowicz\" \/>\n<meta property=\"article:publisher\" content=\"https:\/\/www.facebook.com\/neumgraf\" \/>\n<meta property=\"article:modified_time\" content=\"2023-12-25T16:04:24+00:00\" \/>\n<meta property=\"og:image\" content=\"https:\/\/pawelnaumowicz.pl\/pn\/wp-content\/uploads\/2023\/11\/PN_portret_main_www-682x1024.jpg\" \/>\n<meta name=\"twitter:card\" content=\"summary_large_image\" \/>\n<meta name=\"twitter:label1\" content=\"Szacowany czas czytania\" \/>\n\t<meta name=\"twitter:data1\" content=\"2 minuty\" \/>\n<script type=\"application\/ld+json\" class=\"yoast-schema-graph\">{\"@context\":\"https:\\\/\\\/schema.org\",\"@graph\":[{\"@type\":\"WebPage\",\"@id\":\"https:\\\/\\\/pawelnaumowicz.pl\\\/index.php\\\/o-mnie\\\/\",\"url\":\"https:\\\/\\\/pawelnaumowicz.pl\\\/index.php\\\/o-mnie\\\/\",\"name\":\"O mnie - Pawe\u0142 Naumowicz\",\"isPartOf\":{\"@id\":\"https:\\\/\\\/pawelnaumowicz.pl\\\/#website\"},\"primaryImageOfPage\":{\"@id\":\"https:\\\/\\\/pawelnaumowicz.pl\\\/index.php\\\/o-mnie\\\/#primaryimage\"},\"image\":{\"@id\":\"https:\\\/\\\/pawelnaumowicz.pl\\\/index.php\\\/o-mnie\\\/#primaryimage\"},\"thumbnailUrl\":\"https:\\\/\\\/pawelnaumowicz.pl\\\/pn\\\/wp-content\\\/uploads\\\/2023\\\/11\\\/PN_portret_main_www-682x1024.jpg\",\"datePublished\":\"2020-01-22T20:41:30+00:00\",\"dateModified\":\"2023-12-25T16:04:24+00:00\",\"description\":\"Kilka zda\u0144 o mnie samym, mojej przesz\u0142o\u015bci, moich zainteresowaniach i co zawieraj\u0105 moje skromne prace. Moje szko\u0142y oraz moje wystawy.\",\"breadcrumb\":{\"@id\":\"https:\\\/\\\/pawelnaumowicz.pl\\\/index.php\\\/o-mnie\\\/#breadcrumb\"},\"inLanguage\":\"pl-PL\",\"potentialAction\":[{\"@type\":\"ReadAction\",\"target\":[\"https:\\\/\\\/pawelnaumowicz.pl\\\/index.php\\\/o-mnie\\\/\"]}]},{\"@type\":\"ImageObject\",\"inLanguage\":\"pl-PL\",\"@id\":\"https:\\\/\\\/pawelnaumowicz.pl\\\/index.php\\\/o-mnie\\\/#primaryimage\",\"url\":\"https:\\\/\\\/pawelnaumowicz.pl\\\/pn\\\/wp-content\\\/uploads\\\/2023\\\/11\\\/PN_portret_main_www.jpg\",\"contentUrl\":\"https:\\\/\\\/pawelnaumowicz.pl\\\/pn\\\/wp-content\\\/uploads\\\/2023\\\/11\\\/PN_portret_main_www.jpg\",\"width\":1200,\"height\":1803,\"caption\":\"Portret Pawe\u0142 Naumowicz\"},{\"@type\":\"BreadcrumbList\",\"@id\":\"https:\\\/\\\/pawelnaumowicz.pl\\\/index.php\\\/o-mnie\\\/#breadcrumb\",\"itemListElement\":[{\"@type\":\"ListItem\",\"position\":1,\"name\":\"Strona g\u0142\u00f3wna\",\"item\":\"https:\\\/\\\/pawelnaumowicz.pl\\\/\"},{\"@type\":\"ListItem\",\"position\":2,\"name\":\"O mnie\"}]},{\"@type\":\"WebSite\",\"@id\":\"https:\\\/\\\/pawelnaumowicz.pl\\\/#website\",\"url\":\"https:\\\/\\\/pawelnaumowicz.pl\\\/\",\"name\":\"Pawe\u0142 Naumowicz\",\"description\":\"\",\"publisher\":{\"@id\":\"https:\\\/\\\/pawelnaumowicz.pl\\\/#\\\/schema\\\/person\\\/33fdf88358d7362dc38d7ae1a38801df\"},\"potentialAction\":[{\"@type\":\"SearchAction\",\"target\":{\"@type\":\"EntryPoint\",\"urlTemplate\":\"https:\\\/\\\/pawelnaumowicz.pl\\\/?s={search_term_string}\"},\"query-input\":{\"@type\":\"PropertyValueSpecification\",\"valueRequired\":true,\"valueName\":\"search_term_string\"}}],\"inLanguage\":\"pl-PL\"},{\"@type\":[\"Person\",\"Organization\"],\"@id\":\"https:\\\/\\\/pawelnaumowicz.pl\\\/#\\\/schema\\\/person\\\/33fdf88358d7362dc38d7ae1a38801df\",\"name\":\"Pawe\u0142 Naumowicz\",\"image\":{\"@type\":\"ImageObject\",\"inLanguage\":\"pl-PL\",\"@id\":\"https:\\\/\\\/pawelnaumowicz.pl\\\/pn\\\/wp-content\\\/uploads\\\/2023\\\/11\\\/PN_portret_main_www.jpg\",\"url\":\"https:\\\/\\\/pawelnaumowicz.pl\\\/pn\\\/wp-content\\\/uploads\\\/2023\\\/11\\\/PN_portret_main_www.jpg\",\"contentUrl\":\"https:\\\/\\\/pawelnaumowicz.pl\\\/pn\\\/wp-content\\\/uploads\\\/2023\\\/11\\\/PN_portret_main_www.jpg\",\"width\":1200,\"height\":1803,\"caption\":\"Pawe\u0142 Naumowicz\"},\"logo\":{\"@id\":\"https:\\\/\\\/pawelnaumowicz.pl\\\/pn\\\/wp-content\\\/uploads\\\/2023\\\/11\\\/PN_portret_main_www.jpg\"},\"sameAs\":[\"https:\\\/\\\/www.facebook.com\\\/neumgraf\",\"https:\\\/\\\/www.instagram.com\\\/naumowiczpawel\"]}]}<\/script>\n<!-- \/ Yoast SEO plugin. -->","yoast_head_json":{"title":"O mnie - Pawe\u0142 Naumowicz","description":"Kilka zda\u0144 o mnie samym, mojej przesz\u0142o\u015bci, moich zainteresowaniach i co zawieraj\u0105 moje skromne prace. Moje szko\u0142y oraz moje wystawy.","robots":{"index":"index","follow":"follow","max-snippet":"max-snippet:-1","max-image-preview":"max-image-preview:large","max-video-preview":"max-video-preview:-1"},"canonical":"https:\/\/pawelnaumowicz.pl\/index.php\/o-mnie\/","og_locale":"pl_PL","og_type":"article","og_title":"O mnie - Pawe\u0142 Naumowicz","og_description":"Kilka zda\u0144 o mnie samym, mojej przesz\u0142o\u015bci, moich zainteresowaniach i co zawieraj\u0105 moje skromne prace. Moje szko\u0142y oraz moje wystawy.","og_url":"https:\/\/pawelnaumowicz.pl\/index.php\/o-mnie\/","og_site_name":"Pawe\u0142 Naumowicz","article_publisher":"https:\/\/www.facebook.com\/neumgraf","article_modified_time":"2023-12-25T16:04:24+00:00","og_image":[{"url":"https:\/\/pawelnaumowicz.pl\/pn\/wp-content\/uploads\/2023\/11\/PN_portret_main_www-682x1024.jpg","type":"","width":"","height":""}],"twitter_card":"summary_large_image","twitter_misc":{"Szacowany czas czytania":"2 minuty"},"schema":{"@context":"https:\/\/schema.org","@graph":[{"@type":"WebPage","@id":"https:\/\/pawelnaumowicz.pl\/index.php\/o-mnie\/","url":"https:\/\/pawelnaumowicz.pl\/index.php\/o-mnie\/","name":"O mnie - Pawe\u0142 Naumowicz","isPartOf":{"@id":"https:\/\/pawelnaumowicz.pl\/#website"},"primaryImageOfPage":{"@id":"https:\/\/pawelnaumowicz.pl\/index.php\/o-mnie\/#primaryimage"},"image":{"@id":"https:\/\/pawelnaumowicz.pl\/index.php\/o-mnie\/#primaryimage"},"thumbnailUrl":"https:\/\/pawelnaumowicz.pl\/pn\/wp-content\/uploads\/2023\/11\/PN_portret_main_www-682x1024.jpg","datePublished":"2020-01-22T20:41:30+00:00","dateModified":"2023-12-25T16:04:24+00:00","description":"Kilka zda\u0144 o mnie samym, mojej przesz\u0142o\u015bci, moich zainteresowaniach i co zawieraj\u0105 moje skromne prace. Moje szko\u0142y oraz moje wystawy.","breadcrumb":{"@id":"https:\/\/pawelnaumowicz.pl\/index.php\/o-mnie\/#breadcrumb"},"inLanguage":"pl-PL","potentialAction":[{"@type":"ReadAction","target":["https:\/\/pawelnaumowicz.pl\/index.php\/o-mnie\/"]}]},{"@type":"ImageObject","inLanguage":"pl-PL","@id":"https:\/\/pawelnaumowicz.pl\/index.php\/o-mnie\/#primaryimage","url":"https:\/\/pawelnaumowicz.pl\/pn\/wp-content\/uploads\/2023\/11\/PN_portret_main_www.jpg","contentUrl":"https:\/\/pawelnaumowicz.pl\/pn\/wp-content\/uploads\/2023\/11\/PN_portret_main_www.jpg","width":1200,"height":1803,"caption":"Portret Pawe\u0142 Naumowicz"},{"@type":"BreadcrumbList","@id":"https:\/\/pawelnaumowicz.pl\/index.php\/o-mnie\/#breadcrumb","itemListElement":[{"@type":"ListItem","position":1,"name":"Strona g\u0142\u00f3wna","item":"https:\/\/pawelnaumowicz.pl\/"},{"@type":"ListItem","position":2,"name":"O mnie"}]},{"@type":"WebSite","@id":"https:\/\/pawelnaumowicz.pl\/#website","url":"https:\/\/pawelnaumowicz.pl\/","name":"Pawe\u0142 Naumowicz","description":"","publisher":{"@id":"https:\/\/pawelnaumowicz.pl\/#\/schema\/person\/33fdf88358d7362dc38d7ae1a38801df"},"potentialAction":[{"@type":"SearchAction","target":{"@type":"EntryPoint","urlTemplate":"https:\/\/pawelnaumowicz.pl\/?s={search_term_string}"},"query-input":{"@type":"PropertyValueSpecification","valueRequired":true,"valueName":"search_term_string"}}],"inLanguage":"pl-PL"},{"@type":["Person","Organization"],"@id":"https:\/\/pawelnaumowicz.pl\/#\/schema\/person\/33fdf88358d7362dc38d7ae1a38801df","name":"Pawe\u0142 Naumowicz","image":{"@type":"ImageObject","inLanguage":"pl-PL","@id":"https:\/\/pawelnaumowicz.pl\/pn\/wp-content\/uploads\/2023\/11\/PN_portret_main_www.jpg","url":"https:\/\/pawelnaumowicz.pl\/pn\/wp-content\/uploads\/2023\/11\/PN_portret_main_www.jpg","contentUrl":"https:\/\/pawelnaumowicz.pl\/pn\/wp-content\/uploads\/2023\/11\/PN_portret_main_www.jpg","width":1200,"height":1803,"caption":"Pawe\u0142 Naumowicz"},"logo":{"@id":"https:\/\/pawelnaumowicz.pl\/pn\/wp-content\/uploads\/2023\/11\/PN_portret_main_www.jpg"},"sameAs":["https:\/\/www.facebook.com\/neumgraf","https:\/\/www.instagram.com\/naumowiczpawel"]}]}},"_links":{"self":[{"href":"https:\/\/pawelnaumowicz.pl\/index.php\/wp-json\/wp\/v2\/pages\/53","targetHints":{"allow":["GET"]}}],"collection":[{"href":"https:\/\/pawelnaumowicz.pl\/index.php\/wp-json\/wp\/v2\/pages"}],"about":[{"href":"https:\/\/pawelnaumowicz.pl\/index.php\/wp-json\/wp\/v2\/types\/page"}],"author":[{"embeddable":true,"href":"https:\/\/pawelnaumowicz.pl\/index.php\/wp-json\/wp\/v2\/users\/1"}],"replies":[{"embeddable":true,"href":"https:\/\/pawelnaumowicz.pl\/index.php\/wp-json\/wp\/v2\/comments?post=53"}],"version-history":[{"count":25,"href":"https:\/\/pawelnaumowicz.pl\/index.php\/wp-json\/wp\/v2\/pages\/53\/revisions"}],"predecessor-version":[{"id":1247,"href":"https:\/\/pawelnaumowicz.pl\/index.php\/wp-json\/wp\/v2\/pages\/53\/revisions\/1247"}],"wp:attachment":[{"href":"https:\/\/pawelnaumowicz.pl\/index.php\/wp-json\/wp\/v2\/media?parent=53"}],"curies":[{"name":"wp","href":"https:\/\/api.w.org\/{rel}","templated":true}]}}