{"id":611,"date":"2022-09-28T21:33:49","date_gmt":"2022-09-28T21:33:49","guid":{"rendered":"https:\/\/pawelnaumowicz.pl\/?page_id=611"},"modified":"2024-01-18T22:38:08","modified_gmt":"2024-01-18T22:38:08","slug":"kontakt","status":"publish","type":"page","link":"https:\/\/pawelnaumowicz.pl\/index.php\/kontakt\/","title":{"rendered":"Kontakt"},"content":{"rendered":"\n<div class=\"wp-block-columns is-layout-flex wp-container-core-columns-is-layout-9d6595d7 wp-block-columns-is-layout-flex\">\n<div class=\"wp-block-column is-vertically-aligned-stretch is-layout-flow wp-block-column-is-layout-flow\" style=\"flex-basis:33.33%\"><div class=\"wp-block-image\">\n<figure class=\"aligncenter size-large is-resized\"><img loading=\"lazy\" decoding=\"async\" width=\"1024\" height=\"844\" src=\"https:\/\/pawelnaumowicz.pl\/pn\/wp-content\/uploads\/2022\/09\/Mlody-2-e1664400746177-1024x844.jpg\" alt=\"\" class=\"wp-image-612\" style=\"width:272px;height:auto\" srcset=\"https:\/\/pawelnaumowicz.pl\/pn\/wp-content\/uploads\/2022\/09\/Mlody-2-e1664400746177-1024x844.jpg 1024w, https:\/\/pawelnaumowicz.pl\/pn\/wp-content\/uploads\/2022\/09\/Mlody-2-e1664400746177-600x495.jpg 600w, https:\/\/pawelnaumowicz.pl\/pn\/wp-content\/uploads\/2022\/09\/Mlody-2-e1664400746177-300x247.jpg 300w, https:\/\/pawelnaumowicz.pl\/pn\/wp-content\/uploads\/2022\/09\/Mlody-2-e1664400746177-768x633.jpg 768w, https:\/\/pawelnaumowicz.pl\/pn\/wp-content\/uploads\/2022\/09\/Mlody-2-e1664400746177.jpg 1310w\" sizes=\"auto, (max-width: 1024px) 100vw, 1024px\" \/><\/figure>\n<\/div><\/div>\n\n\n\n<div class=\"wp-block-column is-layout-flow wp-block-column-is-layout-flow\" style=\"flex-basis:66.67%\">\n<p class=\"has-black-color has-text-color has-link-color wp-elements-8ae95923223353cd3e7121140d47312c\" style=\"font-size:21px;font-style:normal;font-weight:400\">Czytam zawsze i wsz\u0119dzie \ud83d\ude42<br><br><strong>Napisz do mnie:<\/strong><br><a href=\"mailto:neumgraf1980@gmail.com\">neumgraf1980@gmail.com<\/a><br><br><strong>Zajrzyj na moje media spo\u0142eczno\u015bciowe:<\/strong><\/p>\n\n\n\n<div class=\"wp-block-columns is-layout-flex wp-container-core-columns-is-layout-9d6595d7 wp-block-columns-is-layout-flex\">\n<div class=\"wp-block-column is-vertically-aligned-center is-layout-flow wp-block-column-is-layout-flow\" style=\"flex-basis:15%\">\n<figure class=\"wp-block-image size-medium is-resized\"><a href=\"http:\/\/www.instagram.com\/naumowiczpawel\" target=\"_blank\" rel=\"noreferrer noopener\"><img loading=\"lazy\" decoding=\"async\" width=\"1000\" height=\"1000\" src=\"https:\/\/pawelnaumowicz.pl\/pn\/wp-content\/uploads\/2023\/12\/Insta_small.jpg\" alt=\"\" class=\"wp-image-1215\" style=\"width:57px;height:auto\" srcset=\"https:\/\/pawelnaumowicz.pl\/pn\/wp-content\/uploads\/2023\/12\/Insta_small.jpg 1000w, https:\/\/pawelnaumowicz.pl\/pn\/wp-content\/uploads\/2023\/12\/Insta_small-300x300.jpg 300w, https:\/\/pawelnaumowicz.pl\/pn\/wp-content\/uploads\/2023\/12\/Insta_small-100x100.jpg 100w, https:\/\/pawelnaumowicz.pl\/pn\/wp-content\/uploads\/2023\/12\/Insta_small-600x600.jpg 600w, https:\/\/pawelnaumowicz.pl\/pn\/wp-content\/uploads\/2023\/12\/Insta_small-150x150.jpg 150w, https:\/\/pawelnaumowicz.pl\/pn\/wp-content\/uploads\/2023\/12\/Insta_small-768x768.jpg 768w\" sizes=\"auto, (max-width: 1000px) 100vw, 1000px\" \/><\/a><\/figure>\n<\/div>\n\n\n\n<div class=\"wp-block-column is-vertically-aligned-bottom is-layout-flow wp-block-column-is-layout-flow\" style=\"flex-basis:85%\">\n<p class=\"has-black-color has-text-color has-link-color wp-elements-ba724d94b6ab7c21208a3cb6b89722d3\" style=\"font-size:21px;font-style:normal;font-weight:400\"><a href=\"http:\/\/www.instagram.com\/naumowiczpawel\" target=\"_blank\" rel=\"noreferrer noopener\">www.instagram.com\/naumowiczpawel<\/a><\/p>\n<\/div>\n<\/div>\n\n\n\n<div class=\"wp-block-columns is-layout-flex wp-container-core-columns-is-layout-9d6595d7 wp-block-columns-is-layout-flex\">\n<div class=\"wp-block-column is-layout-flow wp-block-column-is-layout-flow\" style=\"flex-basis:23%\">\n<figure class=\"wp-block-image\"><a href=\"https:\/\/www.facebook.com\/neumgraf\" target=\"_blank\" rel=\"noreferrer noopener\"><img loading=\"lazy\" decoding=\"async\" width=\"268\" height=\"90\" src=\"https:\/\/pawelnaumowicz.pl\/pn\/wp-content\/uploads\/2020\/01\/fb_logo_ma\u0142e.png\" alt=\"\" class=\"wp-image-230\"\/><\/a><\/figure>\n<\/div>\n\n\n\n<div class=\"wp-block-column is-vertically-aligned-bottom is-layout-flow wp-block-column-is-layout-flow\" style=\"flex-basis:77%\">\n<p class=\"has-black-color has-text-color has-link-color wp-elements-4c5dfd347ccaa0291f06d5063337711f\" style=\"font-size:21px;font-style:normal;font-weight:400\"><a href=\"http:\/\/www.facebook.com\/neumgraf\" target=\"_blank\" rel=\"noreferrer noopener\">www.facebook.com\/neumgraf<\/a><\/p>\n<\/div>\n<\/div>\n\n\n\n<p class=\"has-black-color has-text-color has-link-color wp-elements-e775819b51061511f8cd48699196298b\" style=\"font-size:21px;font-style:normal;font-weight:400\"><strong>oraz do\u0142\u0105cz do grupy moich odbiorc\u00f3w:<\/strong><\/p>\n\n\n<div class=\"wp-block-image\">\n<figure class=\"alignleft size-full is-resized\"><a href=\"https:\/\/pawelnaumowicz.pl\/index.php\/zapis-do-newslettera\/\"><img loading=\"lazy\" decoding=\"async\" width=\"993\" height=\"253\" src=\"https:\/\/pawelnaumowicz.pl\/pn\/wp-content\/uploads\/2024\/01\/newsletter_slice3.png\" alt=\"\" class=\"wp-image-1334\" style=\"width:370px\" srcset=\"https:\/\/pawelnaumowicz.pl\/pn\/wp-content\/uploads\/2024\/01\/newsletter_slice3.png 993w, https:\/\/pawelnaumowicz.pl\/pn\/wp-content\/uploads\/2024\/01\/newsletter_slice3-600x153.png 600w, https:\/\/pawelnaumowicz.pl\/pn\/wp-content\/uploads\/2024\/01\/newsletter_slice3-300x76.png 300w, https:\/\/pawelnaumowicz.pl\/pn\/wp-content\/uploads\/2024\/01\/newsletter_slice3-768x196.png 768w\" sizes=\"auto, (max-width: 993px) 100vw, 993px\" \/><\/a><\/figure>\n<\/div><\/div>\n<\/div>\n","protected":false},"excerpt":{"rendered":"<p>Czytam zawsze i wsz\u0119dzie \ud83d\ude42 Napisz do mnie:neumgraf1980@gmail.com Zajrzyj na moje media spo\u0142eczno\u015bciowe: www.instagram.com\/naumowiczpawel www.facebook.com\/neumgraf oraz do\u0142\u0105cz do grupy moich odbiorc\u00f3w:<\/p>\n","protected":false},"author":1,"featured_media":0,"parent":0,"menu_order":0,"comment_status":"closed","ping_status":"closed","template":"","meta":{"footnotes":""},"class_list":["post-611","page","type-page","status-publish","hentry"],"yoast_head":"<!-- This site is optimized with the Yoast SEO plugin v27.3 - https:\/\/yoast.com\/product\/yoast-seo-wordpress\/ -->\n<title>Kontakt - Pawe\u0142 Naumowicz<\/title>\n<meta name=\"description\" content=\"Kontakt - Pawe\u0142 Naumowicz, artysta grafik, malarz, tw\u00f3rca artystyczny\" \/>\n<meta name=\"robots\" content=\"index, follow, max-snippet:-1, max-image-preview:large, max-video-preview:-1\" \/>\n<link rel=\"canonical\" href=\"https:\/\/pawelnaumowicz.pl\/index.php\/kontakt\/\" \/>\n<meta property=\"og:locale\" content=\"pl_PL\" \/>\n<meta property=\"og:type\" content=\"article\" \/>\n<meta property=\"og:title\" content=\"Kontakt - Pawe\u0142 Naumowicz\" \/>\n<meta property=\"og:description\" content=\"Kontakt - Pawe\u0142 Naumowicz, artysta grafik, malarz, tw\u00f3rca artystyczny\" \/>\n<meta property=\"og:url\" content=\"https:\/\/pawelnaumowicz.pl\/index.php\/kontakt\/\" \/>\n<meta property=\"og:site_name\" content=\"Pawe\u0142 Naumowicz\" \/>\n<meta property=\"article:publisher\" content=\"https:\/\/www.facebook.com\/neumgraf\" \/>\n<meta property=\"article:modified_time\" content=\"2024-01-18T22:38:08+00:00\" \/>\n<meta property=\"og:image\" content=\"https:\/\/pawelnaumowicz.pl\/pn\/wp-content\/uploads\/2022\/09\/Mlody-2-e1664400746177-1024x844.jpg\" \/>\n<meta name=\"twitter:card\" content=\"summary_large_image\" \/>\n<meta name=\"twitter:label1\" content=\"Szacowany czas czytania\" \/>\n\t<meta name=\"twitter:data1\" content=\"1 minuta\" \/>\n<script type=\"application\/ld+json\" class=\"yoast-schema-graph\">{\"@context\":\"https:\\\/\\\/schema.org\",\"@graph\":[{\"@type\":\"WebPage\",\"@id\":\"https:\\\/\\\/pawelnaumowicz.pl\\\/index.php\\\/kontakt\\\/\",\"url\":\"https:\\\/\\\/pawelnaumowicz.pl\\\/index.php\\\/kontakt\\\/\",\"name\":\"Kontakt - Pawe\u0142 Naumowicz\",\"isPartOf\":{\"@id\":\"https:\\\/\\\/pawelnaumowicz.pl\\\/#website\"},\"primaryImageOfPage\":{\"@id\":\"https:\\\/\\\/pawelnaumowicz.pl\\\/index.php\\\/kontakt\\\/#primaryimage\"},\"image\":{\"@id\":\"https:\\\/\\\/pawelnaumowicz.pl\\\/index.php\\\/kontakt\\\/#primaryimage\"},\"thumbnailUrl\":\"https:\\\/\\\/pawelnaumowicz.pl\\\/pn\\\/wp-content\\\/uploads\\\/2022\\\/09\\\/Mlody-2-e1664400746177-1024x844.jpg\",\"datePublished\":\"2022-09-28T21:33:49+00:00\",\"dateModified\":\"2024-01-18T22:38:08+00:00\",\"description\":\"Kontakt - Pawe\u0142 Naumowicz, artysta grafik, malarz, tw\u00f3rca artystyczny\",\"breadcrumb\":{\"@id\":\"https:\\\/\\\/pawelnaumowicz.pl\\\/index.php\\\/kontakt\\\/#breadcrumb\"},\"inLanguage\":\"pl-PL\",\"potentialAction\":[{\"@type\":\"ReadAction\",\"target\":[\"https:\\\/\\\/pawelnaumowicz.pl\\\/index.php\\\/kontakt\\\/\"]}]},{\"@type\":\"ImageObject\",\"inLanguage\":\"pl-PL\",\"@id\":\"https:\\\/\\\/pawelnaumowicz.pl\\\/index.php\\\/kontakt\\\/#primaryimage\",\"url\":\"https:\\\/\\\/pawelnaumowicz.pl\\\/pn\\\/wp-content\\\/uploads\\\/2022\\\/09\\\/Mlody-2-e1664400746177.jpg\",\"contentUrl\":\"https:\\\/\\\/pawelnaumowicz.pl\\\/pn\\\/wp-content\\\/uploads\\\/2022\\\/09\\\/Mlody-2-e1664400746177.jpg\",\"width\":1310,\"height\":1080},{\"@type\":\"BreadcrumbList\",\"@id\":\"https:\\\/\\\/pawelnaumowicz.pl\\\/index.php\\\/kontakt\\\/#breadcrumb\",\"itemListElement\":[{\"@type\":\"ListItem\",\"position\":1,\"name\":\"Strona g\u0142\u00f3wna\",\"item\":\"https:\\\/\\\/pawelnaumowicz.pl\\\/\"},{\"@type\":\"ListItem\",\"position\":2,\"name\":\"Kontakt\"}]},{\"@type\":\"WebSite\",\"@id\":\"https:\\\/\\\/pawelnaumowicz.pl\\\/#website\",\"url\":\"https:\\\/\\\/pawelnaumowicz.pl\\\/\",\"name\":\"Pawe\u0142 Naumowicz\",\"description\":\"\",\"publisher\":{\"@id\":\"https:\\\/\\\/pawelnaumowicz.pl\\\/#\\\/schema\\\/person\\\/33fdf88358d7362dc38d7ae1a38801df\"},\"potentialAction\":[{\"@type\":\"SearchAction\",\"target\":{\"@type\":\"EntryPoint\",\"urlTemplate\":\"https:\\\/\\\/pawelnaumowicz.pl\\\/?s={search_term_string}\"},\"query-input\":{\"@type\":\"PropertyValueSpecification\",\"valueRequired\":true,\"valueName\":\"search_term_string\"}}],\"inLanguage\":\"pl-PL\"},{\"@type\":[\"Person\",\"Organization\"],\"@id\":\"https:\\\/\\\/pawelnaumowicz.pl\\\/#\\\/schema\\\/person\\\/33fdf88358d7362dc38d7ae1a38801df\",\"name\":\"Pawe\u0142 Naumowicz\",\"image\":{\"@type\":\"ImageObject\",\"inLanguage\":\"pl-PL\",\"@id\":\"https:\\\/\\\/pawelnaumowicz.pl\\\/pn\\\/wp-content\\\/uploads\\\/2023\\\/11\\\/PN_portret_main_www.jpg\",\"url\":\"https:\\\/\\\/pawelnaumowicz.pl\\\/pn\\\/wp-content\\\/uploads\\\/2023\\\/11\\\/PN_portret_main_www.jpg\",\"contentUrl\":\"https:\\\/\\\/pawelnaumowicz.pl\\\/pn\\\/wp-content\\\/uploads\\\/2023\\\/11\\\/PN_portret_main_www.jpg\",\"width\":1200,\"height\":1803,\"caption\":\"Pawe\u0142 Naumowicz\"},\"logo\":{\"@id\":\"https:\\\/\\\/pawelnaumowicz.pl\\\/pn\\\/wp-content\\\/uploads\\\/2023\\\/11\\\/PN_portret_main_www.jpg\"},\"sameAs\":[\"https:\\\/\\\/www.facebook.com\\\/neumgraf\",\"https:\\\/\\\/www.instagram.com\\\/naumowiczpawel\"]}]}<\/script>\n<!-- \/ Yoast SEO plugin. -->","yoast_head_json":{"title":"Kontakt - Pawe\u0142 Naumowicz","description":"Kontakt - Pawe\u0142 Naumowicz, artysta grafik, malarz, tw\u00f3rca artystyczny","robots":{"index":"index","follow":"follow","max-snippet":"max-snippet:-1","max-image-preview":"max-image-preview:large","max-video-preview":"max-video-preview:-1"},"canonical":"https:\/\/pawelnaumowicz.pl\/index.php\/kontakt\/","og_locale":"pl_PL","og_type":"article","og_title":"Kontakt - Pawe\u0142 Naumowicz","og_description":"Kontakt - Pawe\u0142 Naumowicz, artysta grafik, malarz, tw\u00f3rca artystyczny","og_url":"https:\/\/pawelnaumowicz.pl\/index.php\/kontakt\/","og_site_name":"Pawe\u0142 Naumowicz","article_publisher":"https:\/\/www.facebook.com\/neumgraf","article_modified_time":"2024-01-18T22:38:08+00:00","og_image":[{"url":"https:\/\/pawelnaumowicz.pl\/pn\/wp-content\/uploads\/2022\/09\/Mlody-2-e1664400746177-1024x844.jpg","type":"","width":"","height":""}],"twitter_card":"summary_large_image","twitter_misc":{"Szacowany czas czytania":"1 minuta"},"schema":{"@context":"https:\/\/schema.org","@graph":[{"@type":"WebPage","@id":"https:\/\/pawelnaumowicz.pl\/index.php\/kontakt\/","url":"https:\/\/pawelnaumowicz.pl\/index.php\/kontakt\/","name":"Kontakt - Pawe\u0142 Naumowicz","isPartOf":{"@id":"https:\/\/pawelnaumowicz.pl\/#website"},"primaryImageOfPage":{"@id":"https:\/\/pawelnaumowicz.pl\/index.php\/kontakt\/#primaryimage"},"image":{"@id":"https:\/\/pawelnaumowicz.pl\/index.php\/kontakt\/#primaryimage"},"thumbnailUrl":"https:\/\/pawelnaumowicz.pl\/pn\/wp-content\/uploads\/2022\/09\/Mlody-2-e1664400746177-1024x844.jpg","datePublished":"2022-09-28T21:33:49+00:00","dateModified":"2024-01-18T22:38:08+00:00","description":"Kontakt - Pawe\u0142 Naumowicz, artysta grafik, malarz, tw\u00f3rca artystyczny","breadcrumb":{"@id":"https:\/\/pawelnaumowicz.pl\/index.php\/kontakt\/#breadcrumb"},"inLanguage":"pl-PL","potentialAction":[{"@type":"ReadAction","target":["https:\/\/pawelnaumowicz.pl\/index.php\/kontakt\/"]}]},{"@type":"ImageObject","inLanguage":"pl-PL","@id":"https:\/\/pawelnaumowicz.pl\/index.php\/kontakt\/#primaryimage","url":"https:\/\/pawelnaumowicz.pl\/pn\/wp-content\/uploads\/2022\/09\/Mlody-2-e1664400746177.jpg","contentUrl":"https:\/\/pawelnaumowicz.pl\/pn\/wp-content\/uploads\/2022\/09\/Mlody-2-e1664400746177.jpg","width":1310,"height":1080},{"@type":"BreadcrumbList","@id":"https:\/\/pawelnaumowicz.pl\/index.php\/kontakt\/#breadcrumb","itemListElement":[{"@type":"ListItem","position":1,"name":"Strona g\u0142\u00f3wna","item":"https:\/\/pawelnaumowicz.pl\/"},{"@type":"ListItem","position":2,"name":"Kontakt"}]},{"@type":"WebSite","@id":"https:\/\/pawelnaumowicz.pl\/#website","url":"https:\/\/pawelnaumowicz.pl\/","name":"Pawe\u0142 Naumowicz","description":"","publisher":{"@id":"https:\/\/pawelnaumowicz.pl\/#\/schema\/person\/33fdf88358d7362dc38d7ae1a38801df"},"potentialAction":[{"@type":"SearchAction","target":{"@type":"EntryPoint","urlTemplate":"https:\/\/pawelnaumowicz.pl\/?s={search_term_string}"},"query-input":{"@type":"PropertyValueSpecification","valueRequired":true,"valueName":"search_term_string"}}],"inLanguage":"pl-PL"},{"@type":["Person","Organization"],"@id":"https:\/\/pawelnaumowicz.pl\/#\/schema\/person\/33fdf88358d7362dc38d7ae1a38801df","name":"Pawe\u0142 Naumowicz","image":{"@type":"ImageObject","inLanguage":"pl-PL","@id":"https:\/\/pawelnaumowicz.pl\/pn\/wp-content\/uploads\/2023\/11\/PN_portret_main_www.jpg","url":"https:\/\/pawelnaumowicz.pl\/pn\/wp-content\/uploads\/2023\/11\/PN_portret_main_www.jpg","contentUrl":"https:\/\/pawelnaumowicz.pl\/pn\/wp-content\/uploads\/2023\/11\/PN_portret_main_www.jpg","width":1200,"height":1803,"caption":"Pawe\u0142 Naumowicz"},"logo":{"@id":"https:\/\/pawelnaumowicz.pl\/pn\/wp-content\/uploads\/2023\/11\/PN_portret_main_www.jpg"},"sameAs":["https:\/\/www.facebook.com\/neumgraf","https:\/\/www.instagram.com\/naumowiczpawel"]}]}},"_links":{"self":[{"href":"https:\/\/pawelnaumowicz.pl\/index.php\/wp-json\/wp\/v2\/pages\/611","targetHints":{"allow":["GET"]}}],"collection":[{"href":"https:\/\/pawelnaumowicz.pl\/index.php\/wp-json\/wp\/v2\/pages"}],"about":[{"href":"https:\/\/pawelnaumowicz.pl\/index.php\/wp-json\/wp\/v2\/types\/page"}],"author":[{"embeddable":true,"href":"https:\/\/pawelnaumowicz.pl\/index.php\/wp-json\/wp\/v2\/users\/1"}],"replies":[{"embeddable":true,"href":"https:\/\/pawelnaumowicz.pl\/index.php\/wp-json\/wp\/v2\/comments?post=611"}],"version-history":[{"count":49,"href":"https:\/\/pawelnaumowicz.pl\/index.php\/wp-json\/wp\/v2\/pages\/611\/revisions"}],"predecessor-version":[{"id":1335,"href":"https:\/\/pawelnaumowicz.pl\/index.php\/wp-json\/wp\/v2\/pages\/611\/revisions\/1335"}],"wp:attachment":[{"href":"https:\/\/pawelnaumowicz.pl\/index.php\/wp-json\/wp\/v2\/media?parent=611"}],"curies":[{"name":"wp","href":"https:\/\/api.w.org\/{rel}","templated":true}]}}