{"id":647,"date":"2022-10-05T20:17:37","date_gmt":"2022-10-05T20:17:37","guid":{"rendered":"https:\/\/pawelnaumowicz.pl\/?page_id=647"},"modified":"2022-10-05T21:16:52","modified_gmt":"2022-10-05T21:16:52","slug":"reprodukcje","status":"publish","type":"page","link":"https:\/\/pawelnaumowicz.pl\/index.php\/reprodukcje\/","title":{"rendered":"D\u00fcrer &#8211; reprodukcje"},"content":{"rendered":"<div class=\"wp-block-image is-style-default\">\n<figure class=\"aligncenter size-full is-resized\"><img loading=\"lazy\" decoding=\"async\" src=\"https:\/\/pawelnaumowicz.pl\/pn\/wp-content\/uploads\/2022\/10\/durer.jpg\" alt=\"\" class=\"wp-image-649\" width=\"310\" height=\"418\" srcset=\"https:\/\/pawelnaumowicz.pl\/pn\/wp-content\/uploads\/2022\/10\/durer.jpg 310w, https:\/\/pawelnaumowicz.pl\/pn\/wp-content\/uploads\/2022\/10\/durer-222x300.jpg 222w\" sizes=\"auto, (max-width: 310px) 100vw, 310px\" \/><figcaption>D\u00fcrer Albrecht, Autoportret, 1498 \u2014 Museo del Prado, Madryt<br>fot. Archiwum Ilustracji WN PWN SA \u00a9 Wydawnictwo Naukowe PWN<\/figcaption><\/figure>\n<\/div>\n\n\n<p class=\"has-text-align-center\" style=\"font-size:22px\">Moje reprodukcje na podstawie prac D\u00fcrera:<\/p>\n\n\n<style type=\"text\/css\">\n#foogallery-gallery-651 .fg-image { width: 200px; }\n#foogallery-gallery-651 { --fg-gutter: 25px; }<\/style>\n\t\t\t<div class=\"foogallery foogallery-container foogallery-default foogallery-lightbox-foobox fg-center fg-default fg-ready fg-light fg-border-thin fg-round-small fg-shadow-small fg-shadow-inset-small fg-loading-pulse fg-loaded-fade-in fg-caption-hover fg-hover-fade fg-hover-eye\" id=\"foogallery-gallery-651\" data-foogallery=\"{&quot;item&quot;:{&quot;showCaptionTitle&quot;:true,&quot;showCaptionDescription&quot;:true},&quot;lazy&quot;:true}\" style=\"--fg-title-line-clamp: 0; --fg-description-line-clamp: 0;\" >\n\t<div class=\"fg-item fg-type-image fg-idle\"><figure class=\"fg-item-inner\"><a href=\"https:\/\/pawelnaumowicz.pl\/pn\/wp-content\/uploads\/2023\/11\/Durer_Michal_i_smok.jpg\" data-caption-title=\"REPRODUKCJA - ALBRECHT D\u00dcRER \u2013 \u015aWI\u0118TY MICHA\u0141 WALCZ\u0104CY ZE SMOKIEM\n(REPRODUCTION - ALBRECHT D\u00dcRER \u2013 SAINT MICHAEL FIGHTING THE DRAGON)\" data-caption-desc=\"linoryt (linocut), 2023\n&lt;br&gt;  69,5x50\u00a0cm\" data-attachment-id=\"1120\" data-type=\"image\" class=\"fg-thumb\"><span class=\"fg-image-wrap\"><img fetchpriority=\"high\" decoding=\"async\" alt=\"REPRODUKCJA - ALBRECHT D\u00dcRER \u2013 \u015aWI\u0118TY MICHA\u0141 WALCZ\u0104CY ZE SMOKIEM (REPRODUCTION - ALBRECHT D\u00dcRER \u2013 SAINT MICHAEL FIGHTING THE DRAGON) Pawe\u0142 Naumowicz\" title=\"REPRODUKCJA - ALBRECHT D\u00dcRER \u2013 \u015aWI\u0118TY MICHA\u0141 WALCZ\u0104CY ZE SMOKIEM\n(REPRODUCTION - ALBRECHT D\u00dcRER \u2013 SAINT MICHAEL FIGHTING THE DRAGON)\" width=\"200\" height=\"300\" class=\"skip-lazy fg-image\" data-src-fg=\"https:\/\/pawelnaumowicz.pl\/pn\/wp-content\/uploads\/cache\/2023\/11\/Durer_Michal_i_smok\/673788193.jpg\" src=\"data:image\/svg+xml,%3Csvg%20xmlns%3D%22http%3A%2F%2Fwww.w3.org%2F2000%2Fsvg%22%20width%3D%22200%22%20height%3D%22300%22%20viewBox%3D%220%200%20200%20300%22%3E%3C%2Fsvg%3E\" loading=\"eager\"><\/span><span class=\"fg-image-overlay\"><\/span><\/a><figcaption class=\"fg-caption\"><div class=\"fg-caption-inner\"><div class=\"fg-caption-title\">REPRODUKCJA &#8211; ALBRECHT D\u00dcRER \u2013 \u015aWI\u0118TY MICHA\u0141 WALCZ\u0104CY ZE SMOKIEM\n(REPRODUCTION &#8211; ALBRECHT D\u00dcRER \u2013 SAINT MICHAEL FIGHTING THE DRAGON)<\/div><div class=\"fg-caption-desc\">linoryt (linocut), 2023\n<br>  69,5&#215;50\u00a0cm<\/div><\/div><\/figcaption><\/figure><div class=\"fg-loader\"><\/div><\/div><div class=\"fg-item fg-type-image fg-idle\"><figure class=\"fg-item-inner\"><a href=\"https:\/\/pawelnaumowicz.pl\/pn\/wp-content\/uploads\/2021\/07\/Durer-ZMARTWYCHWSTANIE-scaled.jpg\" data-caption-title=\"REPRODUKCJA - ALBRECHT DURER - WIELKA PASJA: ZMARTWYCHWSTANIE (REPRODUCTION - ALBRECHT DURER - GREAT PASSION: THE RESURRECTION)\" data-caption-desc=\"linoryt (linocut), 2021\n&lt;br&gt;70 x 50,5 cm\" data-attachment-id=\"326\" data-type=\"image\" class=\"fg-thumb\"><span class=\"fg-image-wrap\"><img decoding=\"async\" alt=\"REPRODUKCJA - ALBRECHT DURER - WIELKA PASJA: ZMARTWYCHWSTANIE (REPRODUCTION - ALBRECHT DURER - GREAT PASSION: THE RESURRECTION)\" title=\"REPRODUKCJA - ALBRECHT DURER - WIELKA PASJA: ZMARTWYCHWSTANIE (REPRODUCTION - ALBRECHT DURER - GREAT PASSION: THE RESURRECTION)\" width=\"200\" height=\"300\" class=\"skip-lazy fg-image\" data-src-fg=\"https:\/\/pawelnaumowicz.pl\/pn\/wp-content\/uploads\/cache\/2021\/07\/Durer-ZMARTWYCHWSTANIE-scaled\/1120164868.jpg\" src=\"data:image\/svg+xml,%3Csvg%20xmlns%3D%22http%3A%2F%2Fwww.w3.org%2F2000%2Fsvg%22%20width%3D%22200%22%20height%3D%22300%22%20viewBox%3D%220%200%20200%20300%22%3E%3C%2Fsvg%3E\" loading=\"eager\"><\/span><span class=\"fg-image-overlay\"><\/span><\/a><figcaption class=\"fg-caption\"><div class=\"fg-caption-inner\"><div class=\"fg-caption-title\">REPRODUKCJA &#8211; ALBRECHT DURER &#8211; WIELKA PASJA: ZMARTWYCHWSTANIE (REPRODUCTION &#8211; ALBRECHT DURER &#8211; GREAT PASSION: THE RESURRECTION)<\/div><div class=\"fg-caption-desc\">linoryt (linocut), 2021\n<br>70 x 50,5 cm<\/div><\/div><\/figcaption><\/figure><div class=\"fg-loader\"><\/div><\/div><div class=\"fg-item fg-type-image fg-idle\"><figure class=\"fg-item-inner\"><a href=\"https:\/\/pawelnaumowicz.pl\/pn\/wp-content\/uploads\/2020\/01\/Durer-UPADEK-scaled.jpg\" data-caption-title=\"REPRODUKCJA - ALBRECHT DURER - MA\u0141A PASJA:UPADEK (REPRODUCTION - ALBRECHT DURER - SMALL PASSION: THE FALL)\" data-caption-desc=\"linoryt (linocut), 2017\n&lt;br&gt; 70x53,5 cm\" data-attachment-id=\"169\" data-type=\"image\" class=\"fg-thumb\"><span class=\"fg-image-wrap\"><img decoding=\"async\" alt=\"REPRODUKCJA - ALBRECHT DURER - MA\u0141A PASJA:UPADEK (REPRODUCTION - ALBRECHT DURER - SMALL PASSION: THE FALL)\" title=\"REPRODUKCJA - ALBRECHT DURER - MA\u0141A PASJA:UPADEK (REPRODUCTION - ALBRECHT DURER - SMALL PASSION: THE FALL)\" width=\"200\" height=\"300\" class=\"skip-lazy fg-image\" data-src-fg=\"https:\/\/pawelnaumowicz.pl\/pn\/wp-content\/uploads\/cache\/2020\/01\/Durer-UPADEK-scaled\/3228161337.jpg\" src=\"data:image\/svg+xml,%3Csvg%20xmlns%3D%22http%3A%2F%2Fwww.w3.org%2F2000%2Fsvg%22%20width%3D%22200%22%20height%3D%22300%22%20viewBox%3D%220%200%20200%20300%22%3E%3C%2Fsvg%3E\" loading=\"eager\"><\/span><span class=\"fg-image-overlay\"><\/span><\/a><figcaption class=\"fg-caption\"><div class=\"fg-caption-inner\"><div class=\"fg-caption-title\">REPRODUKCJA &#8211; ALBRECHT DURER &#8211; MA\u0141A PASJA:UPADEK (REPRODUCTION &#8211; ALBRECHT DURER &#8211; SMALL PASSION: THE FALL)<\/div><div class=\"fg-caption-desc\">linoryt (linocut), 2017\n<br> 70&#215;53,5 cm<\/div><\/div><\/figcaption><\/figure><div class=\"fg-loader\"><\/div><\/div><div class=\"fg-item fg-type-image fg-idle\"><figure class=\"fg-item-inner\"><a href=\"https:\/\/pawelnaumowicz.pl\/pn\/wp-content\/uploads\/2020\/01\/Durer-WYGNANIE-Z-RAJU.jpg\" data-caption-title=\"REPRODUKCJA - ALBRECHT DURER - MA\u0141A PASJA: WYGNANIE Z RAJU (REPRODUCTION - ALBRECHT DURER - SMALL PASSION: THE EXPULSION FROM PARADISE)\" data-caption-desc=\"linoryt (linocut),  2012\n&lt;br&gt;77x60 cm\" data-attachment-id=\"170\" data-type=\"image\" class=\"fg-thumb\"><span class=\"fg-image-wrap\"><img decoding=\"async\" alt=\"REPRODUKCJA - ALBRECHT DURER - MA\u0141A PASJA: WYGNANIE Z RAJU (REPRODUCTION - ALBRECHT DURER - SMALL PASSION: THE EXPULSION FROM PARADISE) The angel holds a sword in his hand, expels Adam and Eve from paradise, in the background tree, fruit above them. Anio\u0142 trzyma w d\u0142oni miecz, wygania Adama i Ew\u0119 z raju, w tle drzewo, owoc nad nimi.\" title=\"REPRODUKCJA - ALBRECHT DURER - MA\u0141A PASJA: WYGNANIE Z RAJU (REPRODUCTION - ALBRECHT DURER - SMALL PASSION: THE EXPULSION FROM PARADISE)\" width=\"200\" height=\"300\" class=\"skip-lazy fg-image\" data-src-fg=\"https:\/\/pawelnaumowicz.pl\/pn\/wp-content\/uploads\/cache\/2020\/01\/Durer-WYGNANIE-Z-RAJU\/2597816475.jpg\" src=\"data:image\/svg+xml,%3Csvg%20xmlns%3D%22http%3A%2F%2Fwww.w3.org%2F2000%2Fsvg%22%20width%3D%22200%22%20height%3D%22300%22%20viewBox%3D%220%200%20200%20300%22%3E%3C%2Fsvg%3E\" loading=\"eager\"><\/span><span class=\"fg-image-overlay\"><\/span><\/a><figcaption class=\"fg-caption\"><div class=\"fg-caption-inner\"><div class=\"fg-caption-title\">REPRODUKCJA &#8211; ALBRECHT DURER &#8211; MA\u0141A PASJA: WYGNANIE Z RAJU (REPRODUCTION &#8211; ALBRECHT DURER &#8211; SMALL PASSION: THE EXPULSION FROM PARADISE)<\/div><div class=\"fg-caption-desc\">linoryt (linocut),  2012\n<br>77&#215;60 cm<\/div><\/div><\/figcaption><\/figure><div class=\"fg-loader\"><\/div><\/div><div class=\"fg-item fg-type-image fg-idle\"><figure class=\"fg-item-inner\"><a href=\"https:\/\/pawelnaumowicz.pl\/pn\/wp-content\/uploads\/2020\/01\/Durer-CZTEREJ-JEZDZCY-APOKALIPSY-scaled.jpg\" data-caption-title=\"REPRODUKCJA-ALBRECHT DURER-CZTEREJJE\u0179D\u0179CY APOKALIPSY (REPRODUCTION-ALBRECHT DURER-THE FOUR RIDERS OF THE APOCALYPSE)\" data-caption-desc=\"linoryt (linocut), 2010\n&lt;br&gt;70 x 50,5 cm\" data-attachment-id=\"168\" data-type=\"image\" class=\"fg-thumb\"><span class=\"fg-image-wrap\"><img decoding=\"async\" alt=\"REPRODUKCJA-ALBRECHT DURER-CZTEREJJE\u0179D\u0179CY APOKALIPSY (REPRODUCTION-ALBRECHT DURER-THE FOUR RIDERS OF THE APOCALYPSE)\" title=\"REPRODUKCJA-ALBRECHT DURER-CZTEREJJE\u0179D\u0179CY APOKALIPSY (REPRODUCTION-ALBRECHT DURER-THE FOUR RIDERS OF THE APOCALYPSE)\" width=\"200\" height=\"300\" class=\"skip-lazy fg-image\" data-src-fg=\"https:\/\/pawelnaumowicz.pl\/pn\/wp-content\/uploads\/cache\/2020\/01\/Durer-CZTEREJ-JEZDZCY-APOKALIPSY-scaled\/730912131.jpg\" src=\"data:image\/svg+xml,%3Csvg%20xmlns%3D%22http%3A%2F%2Fwww.w3.org%2F2000%2Fsvg%22%20width%3D%22200%22%20height%3D%22300%22%20viewBox%3D%220%200%20200%20300%22%3E%3C%2Fsvg%3E\" loading=\"eager\"><\/span><span class=\"fg-image-overlay\"><\/span><\/a><figcaption class=\"fg-caption\"><div class=\"fg-caption-inner\"><div class=\"fg-caption-title\">REPRODUKCJA-ALBRECHT DURER-CZTEREJJE\u0179D\u0179CY APOKALIPSY (REPRODUCTION-ALBRECHT DURER-THE FOUR RIDERS OF THE APOCALYPSE)<\/div><div class=\"fg-caption-desc\">linoryt (linocut), 2010\n<br>70 x 50,5 cm<\/div><\/div><\/figcaption><\/figure><div class=\"fg-loader\"><\/div><\/div><\/div>\n","protected":false},"excerpt":{"rendered":"<p>Moje reprodukcje na podstawie prac D\u00fcrera:<\/p>\n","protected":false},"author":1,"featured_media":0,"parent":0,"menu_order":0,"comment_status":"closed","ping_status":"closed","template":"","meta":{"footnotes":""},"class_list":["post-647","page","type-page","status-publish","hentry"],"yoast_head":"<!-- This site is optimized with the Yoast SEO plugin v27.3 - https:\/\/yoast.com\/product\/yoast-seo-wordpress\/ -->\n<title>D\u00fcrer - reprodukcje - Pawe\u0142 Naumowicz<\/title>\n<meta name=\"robots\" content=\"index, follow, max-snippet:-1, max-image-preview:large, max-video-preview:-1\" \/>\n<link rel=\"canonical\" href=\"https:\/\/pawelnaumowicz.pl\/index.php\/reprodukcje\/\" \/>\n<meta property=\"og:locale\" content=\"pl_PL\" \/>\n<meta property=\"og:type\" content=\"article\" \/>\n<meta property=\"og:title\" content=\"D\u00fcrer - reprodukcje - Pawe\u0142 Naumowicz\" \/>\n<meta property=\"og:description\" content=\"Moje reprodukcje na podstawie prac D\u00fcrera:\" \/>\n<meta property=\"og:url\" content=\"https:\/\/pawelnaumowicz.pl\/index.php\/reprodukcje\/\" \/>\n<meta property=\"og:site_name\" content=\"Pawe\u0142 Naumowicz\" \/>\n<meta property=\"article:publisher\" content=\"https:\/\/www.facebook.com\/neumgraf\" \/>\n<meta property=\"article:modified_time\" content=\"2022-10-05T21:16:52+00:00\" \/>\n<meta property=\"og:image\" content=\"https:\/\/pawelnaumowicz.pl\/pn\/wp-content\/uploads\/2022\/10\/durer.jpg\" \/>\n<meta name=\"twitter:card\" content=\"summary_large_image\" \/>\n<script type=\"application\/ld+json\" class=\"yoast-schema-graph\">{\"@context\":\"https:\\\/\\\/schema.org\",\"@graph\":[{\"@type\":\"WebPage\",\"@id\":\"https:\\\/\\\/pawelnaumowicz.pl\\\/index.php\\\/reprodukcje\\\/\",\"url\":\"https:\\\/\\\/pawelnaumowicz.pl\\\/index.php\\\/reprodukcje\\\/\",\"name\":\"D\u00fcrer - reprodukcje - Pawe\u0142 Naumowicz\",\"isPartOf\":{\"@id\":\"https:\\\/\\\/pawelnaumowicz.pl\\\/#website\"},\"primaryImageOfPage\":{\"@id\":\"https:\\\/\\\/pawelnaumowicz.pl\\\/index.php\\\/reprodukcje\\\/#primaryimage\"},\"image\":{\"@id\":\"https:\\\/\\\/pawelnaumowicz.pl\\\/index.php\\\/reprodukcje\\\/#primaryimage\"},\"thumbnailUrl\":\"https:\\\/\\\/pawelnaumowicz.pl\\\/pn\\\/wp-content\\\/uploads\\\/2022\\\/10\\\/durer.jpg\",\"datePublished\":\"2022-10-05T20:17:37+00:00\",\"dateModified\":\"2022-10-05T21:16:52+00:00\",\"breadcrumb\":{\"@id\":\"https:\\\/\\\/pawelnaumowicz.pl\\\/index.php\\\/reprodukcje\\\/#breadcrumb\"},\"inLanguage\":\"pl-PL\",\"potentialAction\":[{\"@type\":\"ReadAction\",\"target\":[\"https:\\\/\\\/pawelnaumowicz.pl\\\/index.php\\\/reprodukcje\\\/\"]}]},{\"@type\":\"ImageObject\",\"inLanguage\":\"pl-PL\",\"@id\":\"https:\\\/\\\/pawelnaumowicz.pl\\\/index.php\\\/reprodukcje\\\/#primaryimage\",\"url\":\"https:\\\/\\\/pawelnaumowicz.pl\\\/pn\\\/wp-content\\\/uploads\\\/2022\\\/10\\\/durer.jpg\",\"contentUrl\":\"https:\\\/\\\/pawelnaumowicz.pl\\\/pn\\\/wp-content\\\/uploads\\\/2022\\\/10\\\/durer.jpg\",\"width\":310,\"height\":418},{\"@type\":\"BreadcrumbList\",\"@id\":\"https:\\\/\\\/pawelnaumowicz.pl\\\/index.php\\\/reprodukcje\\\/#breadcrumb\",\"itemListElement\":[{\"@type\":\"ListItem\",\"position\":1,\"name\":\"Strona g\u0142\u00f3wna\",\"item\":\"https:\\\/\\\/pawelnaumowicz.pl\\\/\"},{\"@type\":\"ListItem\",\"position\":2,\"name\":\"D\u00fcrer &#8211; reprodukcje\"}]},{\"@type\":\"WebSite\",\"@id\":\"https:\\\/\\\/pawelnaumowicz.pl\\\/#website\",\"url\":\"https:\\\/\\\/pawelnaumowicz.pl\\\/\",\"name\":\"Pawe\u0142 Naumowicz\",\"description\":\"\",\"publisher\":{\"@id\":\"https:\\\/\\\/pawelnaumowicz.pl\\\/#\\\/schema\\\/person\\\/33fdf88358d7362dc38d7ae1a38801df\"},\"potentialAction\":[{\"@type\":\"SearchAction\",\"target\":{\"@type\":\"EntryPoint\",\"urlTemplate\":\"https:\\\/\\\/pawelnaumowicz.pl\\\/?s={search_term_string}\"},\"query-input\":{\"@type\":\"PropertyValueSpecification\",\"valueRequired\":true,\"valueName\":\"search_term_string\"}}],\"inLanguage\":\"pl-PL\"},{\"@type\":[\"Person\",\"Organization\"],\"@id\":\"https:\\\/\\\/pawelnaumowicz.pl\\\/#\\\/schema\\\/person\\\/33fdf88358d7362dc38d7ae1a38801df\",\"name\":\"Pawe\u0142 Naumowicz\",\"image\":{\"@type\":\"ImageObject\",\"inLanguage\":\"pl-PL\",\"@id\":\"https:\\\/\\\/pawelnaumowicz.pl\\\/pn\\\/wp-content\\\/uploads\\\/2023\\\/11\\\/PN_portret_main_www.jpg\",\"url\":\"https:\\\/\\\/pawelnaumowicz.pl\\\/pn\\\/wp-content\\\/uploads\\\/2023\\\/11\\\/PN_portret_main_www.jpg\",\"contentUrl\":\"https:\\\/\\\/pawelnaumowicz.pl\\\/pn\\\/wp-content\\\/uploads\\\/2023\\\/11\\\/PN_portret_main_www.jpg\",\"width\":1200,\"height\":1803,\"caption\":\"Pawe\u0142 Naumowicz\"},\"logo\":{\"@id\":\"https:\\\/\\\/pawelnaumowicz.pl\\\/pn\\\/wp-content\\\/uploads\\\/2023\\\/11\\\/PN_portret_main_www.jpg\"},\"sameAs\":[\"https:\\\/\\\/www.facebook.com\\\/neumgraf\",\"https:\\\/\\\/www.instagram.com\\\/naumowiczpawel\"]}]}<\/script>\n<!-- \/ Yoast SEO plugin. -->","yoast_head_json":{"title":"D\u00fcrer - reprodukcje - Pawe\u0142 Naumowicz","robots":{"index":"index","follow":"follow","max-snippet":"max-snippet:-1","max-image-preview":"max-image-preview:large","max-video-preview":"max-video-preview:-1"},"canonical":"https:\/\/pawelnaumowicz.pl\/index.php\/reprodukcje\/","og_locale":"pl_PL","og_type":"article","og_title":"D\u00fcrer - reprodukcje - Pawe\u0142 Naumowicz","og_description":"Moje reprodukcje na podstawie prac D\u00fcrera:","og_url":"https:\/\/pawelnaumowicz.pl\/index.php\/reprodukcje\/","og_site_name":"Pawe\u0142 Naumowicz","article_publisher":"https:\/\/www.facebook.com\/neumgraf","article_modified_time":"2022-10-05T21:16:52+00:00","og_image":[{"url":"https:\/\/pawelnaumowicz.pl\/pn\/wp-content\/uploads\/2022\/10\/durer.jpg","type":"","width":"","height":""}],"twitter_card":"summary_large_image","schema":{"@context":"https:\/\/schema.org","@graph":[{"@type":"WebPage","@id":"https:\/\/pawelnaumowicz.pl\/index.php\/reprodukcje\/","url":"https:\/\/pawelnaumowicz.pl\/index.php\/reprodukcje\/","name":"D\u00fcrer - reprodukcje - Pawe\u0142 Naumowicz","isPartOf":{"@id":"https:\/\/pawelnaumowicz.pl\/#website"},"primaryImageOfPage":{"@id":"https:\/\/pawelnaumowicz.pl\/index.php\/reprodukcje\/#primaryimage"},"image":{"@id":"https:\/\/pawelnaumowicz.pl\/index.php\/reprodukcje\/#primaryimage"},"thumbnailUrl":"https:\/\/pawelnaumowicz.pl\/pn\/wp-content\/uploads\/2022\/10\/durer.jpg","datePublished":"2022-10-05T20:17:37+00:00","dateModified":"2022-10-05T21:16:52+00:00","breadcrumb":{"@id":"https:\/\/pawelnaumowicz.pl\/index.php\/reprodukcje\/#breadcrumb"},"inLanguage":"pl-PL","potentialAction":[{"@type":"ReadAction","target":["https:\/\/pawelnaumowicz.pl\/index.php\/reprodukcje\/"]}]},{"@type":"ImageObject","inLanguage":"pl-PL","@id":"https:\/\/pawelnaumowicz.pl\/index.php\/reprodukcje\/#primaryimage","url":"https:\/\/pawelnaumowicz.pl\/pn\/wp-content\/uploads\/2022\/10\/durer.jpg","contentUrl":"https:\/\/pawelnaumowicz.pl\/pn\/wp-content\/uploads\/2022\/10\/durer.jpg","width":310,"height":418},{"@type":"BreadcrumbList","@id":"https:\/\/pawelnaumowicz.pl\/index.php\/reprodukcje\/#breadcrumb","itemListElement":[{"@type":"ListItem","position":1,"name":"Strona g\u0142\u00f3wna","item":"https:\/\/pawelnaumowicz.pl\/"},{"@type":"ListItem","position":2,"name":"D\u00fcrer &#8211; reprodukcje"}]},{"@type":"WebSite","@id":"https:\/\/pawelnaumowicz.pl\/#website","url":"https:\/\/pawelnaumowicz.pl\/","name":"Pawe\u0142 Naumowicz","description":"","publisher":{"@id":"https:\/\/pawelnaumowicz.pl\/#\/schema\/person\/33fdf88358d7362dc38d7ae1a38801df"},"potentialAction":[{"@type":"SearchAction","target":{"@type":"EntryPoint","urlTemplate":"https:\/\/pawelnaumowicz.pl\/?s={search_term_string}"},"query-input":{"@type":"PropertyValueSpecification","valueRequired":true,"valueName":"search_term_string"}}],"inLanguage":"pl-PL"},{"@type":["Person","Organization"],"@id":"https:\/\/pawelnaumowicz.pl\/#\/schema\/person\/33fdf88358d7362dc38d7ae1a38801df","name":"Pawe\u0142 Naumowicz","image":{"@type":"ImageObject","inLanguage":"pl-PL","@id":"https:\/\/pawelnaumowicz.pl\/pn\/wp-content\/uploads\/2023\/11\/PN_portret_main_www.jpg","url":"https:\/\/pawelnaumowicz.pl\/pn\/wp-content\/uploads\/2023\/11\/PN_portret_main_www.jpg","contentUrl":"https:\/\/pawelnaumowicz.pl\/pn\/wp-content\/uploads\/2023\/11\/PN_portret_main_www.jpg","width":1200,"height":1803,"caption":"Pawe\u0142 Naumowicz"},"logo":{"@id":"https:\/\/pawelnaumowicz.pl\/pn\/wp-content\/uploads\/2023\/11\/PN_portret_main_www.jpg"},"sameAs":["https:\/\/www.facebook.com\/neumgraf","https:\/\/www.instagram.com\/naumowiczpawel"]}]}},"_links":{"self":[{"href":"https:\/\/pawelnaumowicz.pl\/index.php\/wp-json\/wp\/v2\/pages\/647","targetHints":{"allow":["GET"]}}],"collection":[{"href":"https:\/\/pawelnaumowicz.pl\/index.php\/wp-json\/wp\/v2\/pages"}],"about":[{"href":"https:\/\/pawelnaumowicz.pl\/index.php\/wp-json\/wp\/v2\/types\/page"}],"author":[{"embeddable":true,"href":"https:\/\/pawelnaumowicz.pl\/index.php\/wp-json\/wp\/v2\/users\/1"}],"replies":[{"embeddable":true,"href":"https:\/\/pawelnaumowicz.pl\/index.php\/wp-json\/wp\/v2\/comments?post=647"}],"version-history":[{"count":7,"href":"https:\/\/pawelnaumowicz.pl\/index.php\/wp-json\/wp\/v2\/pages\/647\/revisions"}],"predecessor-version":[{"id":679,"href":"https:\/\/pawelnaumowicz.pl\/index.php\/wp-json\/wp\/v2\/pages\/647\/revisions\/679"}],"wp:attachment":[{"href":"https:\/\/pawelnaumowicz.pl\/index.php\/wp-json\/wp\/v2\/media?parent=647"}],"curies":[{"name":"wp","href":"https:\/\/api.w.org\/{rel}","templated":true}]}}