{"id":867,"date":"2023-04-08T11:38:59","date_gmt":"2023-04-08T11:38:59","guid":{"rendered":"https:\/\/pawelnaumowicz.pl\/?page_id=867"},"modified":"2023-04-08T12:12:06","modified_gmt":"2023-04-08T12:12:06","slug":"insomnia-w-czasopismie-weranda","status":"publish","type":"page","link":"https:\/\/pawelnaumowicz.pl\/index.php\/insomnia-w-czasopismie-weranda\/","title":{"rendered":"&#8222;Insomnia&#8221; i &#8222;Taxi&#8221; w magazynie o pi\u0119knych wn\u0119trzach &#8222;Weranda&#8221;"},"content":{"rendered":"\n<p style=\"font-size:19px\">W roku 2012 moje pierwsze prace z cyklu &#8222;Insomnia&#8221; zosta\u0142y wykorzystane do aran\u017cacji wn\u0119trza pi\u0119knego domu we w\u0142oskim stylu. Wsp\u00f3\u0142praca z architektk\u0105 wn\u0119trz przebiega\u0142a wybornie i po kilku spotkaniach gotowe, oprawione prace by\u0142y pi\u0119kn\u0105 ozdob\u0105 salonu.<\/p>\n\n\n\n<p style=\"font-size:19px\">W gabinecie nad nowoczesnym biurkiem swoje miejsce znalaz\u0142a praca zatytu\u0142owana &#8222;Taxi&#8221;.<\/p>\n\n\n\n<figure class=\"wp-block-image size-full\"><img loading=\"lazy\" decoding=\"async\" width=\"569\" height=\"900\" src=\"https:\/\/pawelnaumowicz.pl\/pn\/wp-content\/uploads\/2023\/04\/salon2_insomnia.jpg\" alt=\"\" class=\"wp-image-884\" srcset=\"https:\/\/pawelnaumowicz.pl\/pn\/wp-content\/uploads\/2023\/04\/salon2_insomnia.jpg 569w, https:\/\/pawelnaumowicz.pl\/pn\/wp-content\/uploads\/2023\/04\/salon2_insomnia-190x300.jpg 190w\" sizes=\"auto, (max-width: 569px) 100vw, 569px\" \/><\/figure>\n\n\n\n<figure class=\"wp-block-image size-full\"><img loading=\"lazy\" decoding=\"async\" width=\"900\" height=\"613\" src=\"https:\/\/pawelnaumowicz.pl\/pn\/wp-content\/uploads\/2023\/04\/salon1_insomnia.jpg\" alt=\"\" class=\"wp-image-882\" srcset=\"https:\/\/pawelnaumowicz.pl\/pn\/wp-content\/uploads\/2023\/04\/salon1_insomnia.jpg 900w, https:\/\/pawelnaumowicz.pl\/pn\/wp-content\/uploads\/2023\/04\/salon1_insomnia-600x409.jpg 600w, https:\/\/pawelnaumowicz.pl\/pn\/wp-content\/uploads\/2023\/04\/salon1_insomnia-300x204.jpg 300w, https:\/\/pawelnaumowicz.pl\/pn\/wp-content\/uploads\/2023\/04\/salon1_insomnia-768x523.jpg 768w\" sizes=\"auto, (max-width: 900px) 100vw, 900px\" \/><\/figure>\n\n\n\n<figure class=\"wp-block-image size-full\"><img loading=\"lazy\" decoding=\"async\" width=\"557\" height=\"900\" src=\"https:\/\/pawelnaumowicz.pl\/pn\/wp-content\/uploads\/2023\/04\/gainet_taxi.jpg\" alt=\"\" class=\"wp-image-880\" srcset=\"https:\/\/pawelnaumowicz.pl\/pn\/wp-content\/uploads\/2023\/04\/gainet_taxi.jpg 557w, https:\/\/pawelnaumowicz.pl\/pn\/wp-content\/uploads\/2023\/04\/gainet_taxi-186x300.jpg 186w\" sizes=\"auto, (max-width: 557px) 100vw, 557px\" \/><\/figure>\n\n\n\n<hr class=\"wp-block-separator has-alpha-channel-opacity\"\/>\n\n\n\n<p style=\"font-size:18px\">Wi\u0119cej zdj\u0119\u0107 mo\u017cna obejrze\u0107 pod tym adresem: <a href=\"https:\/\/www.weranda.pl\/galeria\/dom-podpatrzony-we-wloszech\/26687\" target=\"_blank\" rel=\"noreferrer noopener\">Salon | Weranda.pl<\/a><\/p>\n\n\n\n<p style=\"font-size:18px\">Opis ca\u0142ego wn\u0119trza znajduje si\u0119 na tej stronie: <a rel=\"noreferrer noopener\" href=\"https:\/\/www.weranda.pl\/domy-i-mieszkania\/stylowe-i-przytulne\/dom-podpatrzony-we-wloszech\" target=\"_blank\">Dom podpatrzony we W\u0142oszech | Weranda.pl<\/a><\/p>\n","protected":false},"excerpt":{"rendered":"<p>W roku 2012 moje pierwsze prace z cyklu &#8222;Insomnia&#8221; zosta\u0142y wykorzystane do aran\u017cacji wn\u0119trza pi\u0119knego domu we w\u0142oskim stylu. Wsp\u00f3\u0142praca z architektk\u0105 wn\u0119trz przebiega\u0142a wybornie i po kilku spotkaniach gotowe, oprawione prace by\u0142y pi\u0119kn\u0105 ozdob\u0105 salonu. W gabinecie nad nowoczesnym biurkiem swoje miejsce znalaz\u0142a praca zatytu\u0142owana &#8222;Taxi&#8221;. Wi\u0119cej zdj\u0119\u0107 mo\u017cna obejrze\u0107 pod tym adresem: Salon | Weranda.pl Opis ca\u0142ego wn\u0119trza znajduje si\u0119 na tej stronie: Dom podpatrzony we W\u0142oszech |<\/p>\n<div class=\"read-more\"><a class=\"btn read-more-btn\" href=\"https:\/\/pawelnaumowicz.pl\/index.php\/insomnia-w-czasopismie-weranda\/\">Read More<\/a><\/div>\n","protected":false},"author":1,"featured_media":0,"parent":0,"menu_order":0,"comment_status":"closed","ping_status":"closed","template":"","meta":{"footnotes":""},"class_list":["post-867","page","type-page","status-publish","hentry"],"yoast_head":"<!-- This site is optimized with the Yoast SEO plugin v27.3 - https:\/\/yoast.com\/product\/yoast-seo-wordpress\/ -->\n<title>&quot;Insomnia&quot; i &quot;Taxi&quot; w magazynie o pi\u0119knych wn\u0119trzach &quot;Weranda&quot; - Pawe\u0142 Naumowicz<\/title>\n<meta name=\"robots\" content=\"index, follow, max-snippet:-1, max-image-preview:large, max-video-preview:-1\" \/>\n<link rel=\"canonical\" href=\"https:\/\/pawelnaumowicz.pl\/index.php\/insomnia-w-czasopismie-weranda\/\" \/>\n<meta property=\"og:locale\" content=\"pl_PL\" \/>\n<meta property=\"og:type\" content=\"article\" \/>\n<meta property=\"og:title\" content=\"&quot;Insomnia&quot; i &quot;Taxi&quot; w magazynie o pi\u0119knych wn\u0119trzach &quot;Weranda&quot; - Pawe\u0142 Naumowicz\" \/>\n<meta property=\"og:description\" content=\"W roku 2012 moje pierwsze prace z cyklu &#8222;Insomnia&#8221; zosta\u0142y wykorzystane do aran\u017cacji wn\u0119trza pi\u0119knego domu we w\u0142oskim stylu. Wsp\u00f3\u0142praca z architektk\u0105 wn\u0119trz przebiega\u0142a wybornie i po kilku spotkaniach gotowe, oprawione prace by\u0142y pi\u0119kn\u0105 ozdob\u0105 salonu. W gabinecie nad nowoczesnym biurkiem swoje miejsce znalaz\u0142a praca zatytu\u0142owana &#8222;Taxi&#8221;. Wi\u0119cej zdj\u0119\u0107 mo\u017cna obejrze\u0107 pod tym adresem: Salon | Weranda.pl Opis ca\u0142ego wn\u0119trza znajduje si\u0119 na tej stronie: Dom podpatrzony we W\u0142oszech |Read More\" \/>\n<meta property=\"og:url\" content=\"https:\/\/pawelnaumowicz.pl\/index.php\/insomnia-w-czasopismie-weranda\/\" \/>\n<meta property=\"og:site_name\" content=\"Pawe\u0142 Naumowicz\" \/>\n<meta property=\"article:publisher\" content=\"https:\/\/www.facebook.com\/neumgraf\" \/>\n<meta property=\"article:modified_time\" content=\"2023-04-08T12:12:06+00:00\" \/>\n<meta property=\"og:image\" content=\"https:\/\/pawelnaumowicz.pl\/pn\/wp-content\/uploads\/2023\/04\/salon2_insomnia.jpg\" \/>\n<meta name=\"twitter:card\" content=\"summary_large_image\" \/>\n<script type=\"application\/ld+json\" class=\"yoast-schema-graph\">{\"@context\":\"https:\\\/\\\/schema.org\",\"@graph\":[{\"@type\":\"WebPage\",\"@id\":\"https:\\\/\\\/pawelnaumowicz.pl\\\/index.php\\\/insomnia-w-czasopismie-weranda\\\/\",\"url\":\"https:\\\/\\\/pawelnaumowicz.pl\\\/index.php\\\/insomnia-w-czasopismie-weranda\\\/\",\"name\":\"\\\"Insomnia\\\" i \\\"Taxi\\\" w magazynie o pi\u0119knych wn\u0119trzach \\\"Weranda\\\" - Pawe\u0142 Naumowicz\",\"isPartOf\":{\"@id\":\"https:\\\/\\\/pawelnaumowicz.pl\\\/#website\"},\"primaryImageOfPage\":{\"@id\":\"https:\\\/\\\/pawelnaumowicz.pl\\\/index.php\\\/insomnia-w-czasopismie-weranda\\\/#primaryimage\"},\"image\":{\"@id\":\"https:\\\/\\\/pawelnaumowicz.pl\\\/index.php\\\/insomnia-w-czasopismie-weranda\\\/#primaryimage\"},\"thumbnailUrl\":\"https:\\\/\\\/pawelnaumowicz.pl\\\/pn\\\/wp-content\\\/uploads\\\/2023\\\/04\\\/salon2_insomnia.jpg\",\"datePublished\":\"2023-04-08T11:38:59+00:00\",\"dateModified\":\"2023-04-08T12:12:06+00:00\",\"breadcrumb\":{\"@id\":\"https:\\\/\\\/pawelnaumowicz.pl\\\/index.php\\\/insomnia-w-czasopismie-weranda\\\/#breadcrumb\"},\"inLanguage\":\"pl-PL\",\"potentialAction\":[{\"@type\":\"ReadAction\",\"target\":[\"https:\\\/\\\/pawelnaumowicz.pl\\\/index.php\\\/insomnia-w-czasopismie-weranda\\\/\"]}]},{\"@type\":\"ImageObject\",\"inLanguage\":\"pl-PL\",\"@id\":\"https:\\\/\\\/pawelnaumowicz.pl\\\/index.php\\\/insomnia-w-czasopismie-weranda\\\/#primaryimage\",\"url\":\"https:\\\/\\\/pawelnaumowicz.pl\\\/pn\\\/wp-content\\\/uploads\\\/2023\\\/04\\\/salon2_insomnia.jpg\",\"contentUrl\":\"https:\\\/\\\/pawelnaumowicz.pl\\\/pn\\\/wp-content\\\/uploads\\\/2023\\\/04\\\/salon2_insomnia.jpg\",\"width\":569,\"height\":900},{\"@type\":\"BreadcrumbList\",\"@id\":\"https:\\\/\\\/pawelnaumowicz.pl\\\/index.php\\\/insomnia-w-czasopismie-weranda\\\/#breadcrumb\",\"itemListElement\":[{\"@type\":\"ListItem\",\"position\":1,\"name\":\"Strona g\u0142\u00f3wna\",\"item\":\"https:\\\/\\\/pawelnaumowicz.pl\\\/\"},{\"@type\":\"ListItem\",\"position\":2,\"name\":\"&#8222;Insomnia&#8221; i &#8222;Taxi&#8221; w magazynie o pi\u0119knych wn\u0119trzach &#8222;Weranda&#8221;\"}]},{\"@type\":\"WebSite\",\"@id\":\"https:\\\/\\\/pawelnaumowicz.pl\\\/#website\",\"url\":\"https:\\\/\\\/pawelnaumowicz.pl\\\/\",\"name\":\"Pawe\u0142 Naumowicz\",\"description\":\"\",\"publisher\":{\"@id\":\"https:\\\/\\\/pawelnaumowicz.pl\\\/#\\\/schema\\\/person\\\/33fdf88358d7362dc38d7ae1a38801df\"},\"potentialAction\":[{\"@type\":\"SearchAction\",\"target\":{\"@type\":\"EntryPoint\",\"urlTemplate\":\"https:\\\/\\\/pawelnaumowicz.pl\\\/?s={search_term_string}\"},\"query-input\":{\"@type\":\"PropertyValueSpecification\",\"valueRequired\":true,\"valueName\":\"search_term_string\"}}],\"inLanguage\":\"pl-PL\"},{\"@type\":[\"Person\",\"Organization\"],\"@id\":\"https:\\\/\\\/pawelnaumowicz.pl\\\/#\\\/schema\\\/person\\\/33fdf88358d7362dc38d7ae1a38801df\",\"name\":\"Pawe\u0142 Naumowicz\",\"image\":{\"@type\":\"ImageObject\",\"inLanguage\":\"pl-PL\",\"@id\":\"https:\\\/\\\/pawelnaumowicz.pl\\\/pn\\\/wp-content\\\/uploads\\\/2023\\\/11\\\/PN_portret_main_www.jpg\",\"url\":\"https:\\\/\\\/pawelnaumowicz.pl\\\/pn\\\/wp-content\\\/uploads\\\/2023\\\/11\\\/PN_portret_main_www.jpg\",\"contentUrl\":\"https:\\\/\\\/pawelnaumowicz.pl\\\/pn\\\/wp-content\\\/uploads\\\/2023\\\/11\\\/PN_portret_main_www.jpg\",\"width\":1200,\"height\":1803,\"caption\":\"Pawe\u0142 Naumowicz\"},\"logo\":{\"@id\":\"https:\\\/\\\/pawelnaumowicz.pl\\\/pn\\\/wp-content\\\/uploads\\\/2023\\\/11\\\/PN_portret_main_www.jpg\"},\"sameAs\":[\"https:\\\/\\\/www.facebook.com\\\/neumgraf\",\"https:\\\/\\\/www.instagram.com\\\/naumowiczpawel\"]}]}<\/script>\n<!-- \/ Yoast SEO plugin. -->","yoast_head_json":{"title":"\"Insomnia\" i \"Taxi\" w magazynie o pi\u0119knych wn\u0119trzach \"Weranda\" - Pawe\u0142 Naumowicz","robots":{"index":"index","follow":"follow","max-snippet":"max-snippet:-1","max-image-preview":"max-image-preview:large","max-video-preview":"max-video-preview:-1"},"canonical":"https:\/\/pawelnaumowicz.pl\/index.php\/insomnia-w-czasopismie-weranda\/","og_locale":"pl_PL","og_type":"article","og_title":"\"Insomnia\" i \"Taxi\" w magazynie o pi\u0119knych wn\u0119trzach \"Weranda\" - Pawe\u0142 Naumowicz","og_description":"W roku 2012 moje pierwsze prace z cyklu &#8222;Insomnia&#8221; zosta\u0142y wykorzystane do aran\u017cacji wn\u0119trza pi\u0119knego domu we w\u0142oskim stylu. Wsp\u00f3\u0142praca z architektk\u0105 wn\u0119trz przebiega\u0142a wybornie i po kilku spotkaniach gotowe, oprawione prace by\u0142y pi\u0119kn\u0105 ozdob\u0105 salonu. W gabinecie nad nowoczesnym biurkiem swoje miejsce znalaz\u0142a praca zatytu\u0142owana &#8222;Taxi&#8221;. Wi\u0119cej zdj\u0119\u0107 mo\u017cna obejrze\u0107 pod tym adresem: Salon | Weranda.pl Opis ca\u0142ego wn\u0119trza znajduje si\u0119 na tej stronie: Dom podpatrzony we W\u0142oszech |Read More","og_url":"https:\/\/pawelnaumowicz.pl\/index.php\/insomnia-w-czasopismie-weranda\/","og_site_name":"Pawe\u0142 Naumowicz","article_publisher":"https:\/\/www.facebook.com\/neumgraf","article_modified_time":"2023-04-08T12:12:06+00:00","og_image":[{"url":"https:\/\/pawelnaumowicz.pl\/pn\/wp-content\/uploads\/2023\/04\/salon2_insomnia.jpg","type":"","width":"","height":""}],"twitter_card":"summary_large_image","schema":{"@context":"https:\/\/schema.org","@graph":[{"@type":"WebPage","@id":"https:\/\/pawelnaumowicz.pl\/index.php\/insomnia-w-czasopismie-weranda\/","url":"https:\/\/pawelnaumowicz.pl\/index.php\/insomnia-w-czasopismie-weranda\/","name":"\"Insomnia\" i \"Taxi\" w magazynie o pi\u0119knych wn\u0119trzach \"Weranda\" - Pawe\u0142 Naumowicz","isPartOf":{"@id":"https:\/\/pawelnaumowicz.pl\/#website"},"primaryImageOfPage":{"@id":"https:\/\/pawelnaumowicz.pl\/index.php\/insomnia-w-czasopismie-weranda\/#primaryimage"},"image":{"@id":"https:\/\/pawelnaumowicz.pl\/index.php\/insomnia-w-czasopismie-weranda\/#primaryimage"},"thumbnailUrl":"https:\/\/pawelnaumowicz.pl\/pn\/wp-content\/uploads\/2023\/04\/salon2_insomnia.jpg","datePublished":"2023-04-08T11:38:59+00:00","dateModified":"2023-04-08T12:12:06+00:00","breadcrumb":{"@id":"https:\/\/pawelnaumowicz.pl\/index.php\/insomnia-w-czasopismie-weranda\/#breadcrumb"},"inLanguage":"pl-PL","potentialAction":[{"@type":"ReadAction","target":["https:\/\/pawelnaumowicz.pl\/index.php\/insomnia-w-czasopismie-weranda\/"]}]},{"@type":"ImageObject","inLanguage":"pl-PL","@id":"https:\/\/pawelnaumowicz.pl\/index.php\/insomnia-w-czasopismie-weranda\/#primaryimage","url":"https:\/\/pawelnaumowicz.pl\/pn\/wp-content\/uploads\/2023\/04\/salon2_insomnia.jpg","contentUrl":"https:\/\/pawelnaumowicz.pl\/pn\/wp-content\/uploads\/2023\/04\/salon2_insomnia.jpg","width":569,"height":900},{"@type":"BreadcrumbList","@id":"https:\/\/pawelnaumowicz.pl\/index.php\/insomnia-w-czasopismie-weranda\/#breadcrumb","itemListElement":[{"@type":"ListItem","position":1,"name":"Strona g\u0142\u00f3wna","item":"https:\/\/pawelnaumowicz.pl\/"},{"@type":"ListItem","position":2,"name":"&#8222;Insomnia&#8221; i &#8222;Taxi&#8221; w magazynie o pi\u0119knych wn\u0119trzach &#8222;Weranda&#8221;"}]},{"@type":"WebSite","@id":"https:\/\/pawelnaumowicz.pl\/#website","url":"https:\/\/pawelnaumowicz.pl\/","name":"Pawe\u0142 Naumowicz","description":"","publisher":{"@id":"https:\/\/pawelnaumowicz.pl\/#\/schema\/person\/33fdf88358d7362dc38d7ae1a38801df"},"potentialAction":[{"@type":"SearchAction","target":{"@type":"EntryPoint","urlTemplate":"https:\/\/pawelnaumowicz.pl\/?s={search_term_string}"},"query-input":{"@type":"PropertyValueSpecification","valueRequired":true,"valueName":"search_term_string"}}],"inLanguage":"pl-PL"},{"@type":["Person","Organization"],"@id":"https:\/\/pawelnaumowicz.pl\/#\/schema\/person\/33fdf88358d7362dc38d7ae1a38801df","name":"Pawe\u0142 Naumowicz","image":{"@type":"ImageObject","inLanguage":"pl-PL","@id":"https:\/\/pawelnaumowicz.pl\/pn\/wp-content\/uploads\/2023\/11\/PN_portret_main_www.jpg","url":"https:\/\/pawelnaumowicz.pl\/pn\/wp-content\/uploads\/2023\/11\/PN_portret_main_www.jpg","contentUrl":"https:\/\/pawelnaumowicz.pl\/pn\/wp-content\/uploads\/2023\/11\/PN_portret_main_www.jpg","width":1200,"height":1803,"caption":"Pawe\u0142 Naumowicz"},"logo":{"@id":"https:\/\/pawelnaumowicz.pl\/pn\/wp-content\/uploads\/2023\/11\/PN_portret_main_www.jpg"},"sameAs":["https:\/\/www.facebook.com\/neumgraf","https:\/\/www.instagram.com\/naumowiczpawel"]}]}},"_links":{"self":[{"href":"https:\/\/pawelnaumowicz.pl\/index.php\/wp-json\/wp\/v2\/pages\/867","targetHints":{"allow":["GET"]}}],"collection":[{"href":"https:\/\/pawelnaumowicz.pl\/index.php\/wp-json\/wp\/v2\/pages"}],"about":[{"href":"https:\/\/pawelnaumowicz.pl\/index.php\/wp-json\/wp\/v2\/types\/page"}],"author":[{"embeddable":true,"href":"https:\/\/pawelnaumowicz.pl\/index.php\/wp-json\/wp\/v2\/users\/1"}],"replies":[{"embeddable":true,"href":"https:\/\/pawelnaumowicz.pl\/index.php\/wp-json\/wp\/v2\/comments?post=867"}],"version-history":[{"count":15,"href":"https:\/\/pawelnaumowicz.pl\/index.php\/wp-json\/wp\/v2\/pages\/867\/revisions"}],"predecessor-version":[{"id":900,"href":"https:\/\/pawelnaumowicz.pl\/index.php\/wp-json\/wp\/v2\/pages\/867\/revisions\/900"}],"wp:attachment":[{"href":"https:\/\/pawelnaumowicz.pl\/index.php\/wp-json\/wp\/v2\/media?parent=867"}],"curies":[{"name":"wp","href":"https:\/\/api.w.org\/{rel}","templated":true}]}}