{"id":903,"date":"2023-04-08T12:25:02","date_gmt":"2023-04-08T12:25:02","guid":{"rendered":"https:\/\/pawelnaumowicz.pl\/?page_id=903"},"modified":"2023-04-08T13:57:43","modified_gmt":"2023-04-08T13:57:43","slug":"30te-pietro-jako-piekna-okladka-ksiazki-rytm-r-hallgrena","status":"publish","type":"page","link":"https:\/\/pawelnaumowicz.pl\/index.php\/30te-pietro-jako-piekna-okladka-ksiazki-rytm-r-hallgrena\/","title":{"rendered":"&#8222;30te Pi\u0119tro&#8221; jako pi\u0119kna ok\u0142adka ksi\u0105\u017cki &#8222;Rytm&#8221; R.Hallgrena"},"content":{"rendered":"\n<p style=\"font-size:19px\">W 2015 roku zg\u0142osi\u0142 si\u0119 do mnie szwedzki wydawca z pro\u015bb\u0105 wsp\u00f3\u0142pracy przy zaprojektowaniu ok\u0142adki do ksi\u0105\u017cki szwedzkiego pisarza Rollanda Hallgren&#8217;a. Mia\u0142a to by\u0107 filozoficzna opowie\u015b\u0107 o 'rytmie&#8217; i jego szerokim znaczeniu dla dzisiejszego cz\u0142owieka. Temat ten doskonale wi\u0105za\u0142 si\u0119 z moim cyklem prac &#8222;Rytm wok\u00f3\u0142 mnie&#8221;, a jedna jego cz\u0119\u015b\u0107 zatytu\u0142owana &#8222;30te pi\u0119tro&#8221; bardzo przypad\u0142a do gustu autora. <\/p>\n\n\n\n<div class=\"wp-block-columns is-layout-flex wp-container-core-columns-is-layout-9d6595d7 wp-block-columns-is-layout-flex\">\n<div class=\"wp-block-column is-layout-flow wp-block-column-is-layout-flow\">\n<figure class=\"wp-block-image size-full\"><img loading=\"lazy\" decoding=\"async\" width=\"1000\" height=\"1000\" src=\"https:\/\/pawelnaumowicz.pl\/pn\/wp-content\/uploads\/2023\/04\/Rytm_2.png\" alt=\"\" class=\"wp-image-906\" srcset=\"https:\/\/pawelnaumowicz.pl\/pn\/wp-content\/uploads\/2023\/04\/Rytm_2.png 1000w, https:\/\/pawelnaumowicz.pl\/pn\/wp-content\/uploads\/2023\/04\/Rytm_2-300x300.png 300w, https:\/\/pawelnaumowicz.pl\/pn\/wp-content\/uploads\/2023\/04\/Rytm_2-100x100.png 100w, https:\/\/pawelnaumowicz.pl\/pn\/wp-content\/uploads\/2023\/04\/Rytm_2-600x600.png 600w, https:\/\/pawelnaumowicz.pl\/pn\/wp-content\/uploads\/2023\/04\/Rytm_2-150x150.png 150w, https:\/\/pawelnaumowicz.pl\/pn\/wp-content\/uploads\/2023\/04\/Rytm_2-768x768.png 768w\" sizes=\"auto, (max-width: 1000px) 100vw, 1000px\" \/><figcaption class=\"wp-element-caption\">Wykorzystany projekt &#8222;30te pi\u0119tro&#8221;<\/figcaption><\/figure>\n<\/div>\n\n\n\n<div class=\"wp-block-column is-layout-flow wp-block-column-is-layout-flow\">\n<figure class=\"wp-block-image size-full\"><img loading=\"lazy\" decoding=\"async\" width=\"1000\" height=\"1000\" src=\"https:\/\/pawelnaumowicz.pl\/pn\/wp-content\/uploads\/2023\/04\/Rytm_1.png\" alt=\"\" class=\"wp-image-907\" srcset=\"https:\/\/pawelnaumowicz.pl\/pn\/wp-content\/uploads\/2023\/04\/Rytm_1.png 1000w, https:\/\/pawelnaumowicz.pl\/pn\/wp-content\/uploads\/2023\/04\/Rytm_1-300x300.png 300w, https:\/\/pawelnaumowicz.pl\/pn\/wp-content\/uploads\/2023\/04\/Rytm_1-100x100.png 100w, https:\/\/pawelnaumowicz.pl\/pn\/wp-content\/uploads\/2023\/04\/Rytm_1-600x600.png 600w, https:\/\/pawelnaumowicz.pl\/pn\/wp-content\/uploads\/2023\/04\/Rytm_1-150x150.png 150w, https:\/\/pawelnaumowicz.pl\/pn\/wp-content\/uploads\/2023\/04\/Rytm_1-768x768.png 768w\" sizes=\"auto, (max-width: 1000px) 100vw, 1000px\" \/><figcaption class=\"wp-element-caption\">Projekt ca\u0142ej ok\u0142adki ksi\u0105\u017cki.<\/figcaption><\/figure>\n<\/div>\n<\/div>\n\n\n\n<p style=\"font-size:18px\">Wi\u0119cej informacji na temat samej ksi\u0105\u017cki, tematu oraz autora mo\u017cna znale\u017a\u0107 na poni\u017cszej stronie:<\/p>\n\n\n\n<p style=\"font-size:18px\"><a href=\"https:\/\/www.goodreads.com\/book\/show\/44999737-rytm-en-filosofisk-t-nkebok\" target=\"_blank\" rel=\"noreferrer noopener\">Rytm. En filosofisk t\u00e4nkebok by Roland Hallgren | Goodreads<\/a><\/p>\n","protected":false},"excerpt":{"rendered":"<p>W 2015 roku zg\u0142osi\u0142 si\u0119 do mnie szwedzki wydawca z pro\u015bb\u0105 wsp\u00f3\u0142pracy przy zaprojektowaniu ok\u0142adki do ksi\u0105\u017cki szwedzkiego pisarza Rollanda Hallgren&#8217;a. Mia\u0142a to by\u0107 filozoficzna opowie\u015b\u0107 o 'rytmie&#8217; i jego szerokim znaczeniu dla dzisiejszego cz\u0142owieka. Temat ten doskonale wi\u0105za\u0142 si\u0119 z moim cyklem prac &#8222;Rytm wok\u00f3\u0142 mnie&#8221;, a jedna jego cz\u0119\u015b\u0107 zatytu\u0142owana &#8222;30te pi\u0119tro&#8221; bardzo przypad\u0142a do gustu autora. Wi\u0119cej informacji na temat samej ksi\u0105\u017cki, tematu oraz autora mo\u017cna znale\u017a\u0107<\/p>\n<div class=\"read-more\"><a class=\"btn read-more-btn\" href=\"https:\/\/pawelnaumowicz.pl\/index.php\/30te-pietro-jako-piekna-okladka-ksiazki-rytm-r-hallgrena\/\">Read More<\/a><\/div>\n","protected":false},"author":1,"featured_media":0,"parent":0,"menu_order":0,"comment_status":"closed","ping_status":"closed","template":"","meta":{"footnotes":""},"class_list":["post-903","page","type-page","status-publish","hentry"],"yoast_head":"<!-- This site is optimized with the Yoast SEO plugin v27.3 - https:\/\/yoast.com\/product\/yoast-seo-wordpress\/ -->\n<title>&quot;30te Pi\u0119tro&quot; jako pi\u0119kna ok\u0142adka ksi\u0105\u017cki &quot;Rytm&quot; R.Hallgrena - Pawe\u0142 Naumowicz<\/title>\n<meta name=\"robots\" content=\"index, follow, max-snippet:-1, max-image-preview:large, max-video-preview:-1\" \/>\n<link rel=\"canonical\" href=\"https:\/\/pawelnaumowicz.pl\/index.php\/30te-pietro-jako-piekna-okladka-ksiazki-rytm-r-hallgrena\/\" \/>\n<meta property=\"og:locale\" content=\"pl_PL\" \/>\n<meta property=\"og:type\" content=\"article\" \/>\n<meta property=\"og:title\" content=\"&quot;30te Pi\u0119tro&quot; jako pi\u0119kna ok\u0142adka ksi\u0105\u017cki &quot;Rytm&quot; R.Hallgrena - Pawe\u0142 Naumowicz\" \/>\n<meta property=\"og:description\" content=\"W 2015 roku zg\u0142osi\u0142 si\u0119 do mnie szwedzki wydawca z pro\u015bb\u0105 wsp\u00f3\u0142pracy przy zaprojektowaniu ok\u0142adki do ksi\u0105\u017cki szwedzkiego pisarza Rollanda Hallgren&#8217;a. Mia\u0142a to by\u0107 filozoficzna opowie\u015b\u0107 o &#039;rytmie&#8217; i jego szerokim znaczeniu dla dzisiejszego cz\u0142owieka. Temat ten doskonale wi\u0105za\u0142 si\u0119 z moim cyklem prac &#8222;Rytm wok\u00f3\u0142 mnie&#8221;, a jedna jego cz\u0119\u015b\u0107 zatytu\u0142owana &#8222;30te pi\u0119tro&#8221; bardzo przypad\u0142a do gustu autora. Wi\u0119cej informacji na temat samej ksi\u0105\u017cki, tematu oraz autora mo\u017cna znale\u017a\u0107Read More\" \/>\n<meta property=\"og:url\" content=\"https:\/\/pawelnaumowicz.pl\/index.php\/30te-pietro-jako-piekna-okladka-ksiazki-rytm-r-hallgrena\/\" \/>\n<meta property=\"og:site_name\" content=\"Pawe\u0142 Naumowicz\" \/>\n<meta property=\"article:publisher\" content=\"https:\/\/www.facebook.com\/neumgraf\" \/>\n<meta property=\"article:modified_time\" content=\"2023-04-08T13:57:43+00:00\" \/>\n<meta property=\"og:image\" content=\"https:\/\/pawelnaumowicz.pl\/pn\/wp-content\/uploads\/2023\/04\/Rytm_2.png\" \/>\n<meta name=\"twitter:card\" content=\"summary_large_image\" \/>\n<meta name=\"twitter:label1\" content=\"Szacowany czas czytania\" \/>\n\t<meta name=\"twitter:data1\" content=\"1 minuta\" \/>\n<script type=\"application\/ld+json\" class=\"yoast-schema-graph\">{\"@context\":\"https:\\\/\\\/schema.org\",\"@graph\":[{\"@type\":\"WebPage\",\"@id\":\"https:\\\/\\\/pawelnaumowicz.pl\\\/index.php\\\/30te-pietro-jako-piekna-okladka-ksiazki-rytm-r-hallgrena\\\/\",\"url\":\"https:\\\/\\\/pawelnaumowicz.pl\\\/index.php\\\/30te-pietro-jako-piekna-okladka-ksiazki-rytm-r-hallgrena\\\/\",\"name\":\"\\\"30te Pi\u0119tro\\\" jako pi\u0119kna ok\u0142adka ksi\u0105\u017cki \\\"Rytm\\\" R.Hallgrena - Pawe\u0142 Naumowicz\",\"isPartOf\":{\"@id\":\"https:\\\/\\\/pawelnaumowicz.pl\\\/#website\"},\"primaryImageOfPage\":{\"@id\":\"https:\\\/\\\/pawelnaumowicz.pl\\\/index.php\\\/30te-pietro-jako-piekna-okladka-ksiazki-rytm-r-hallgrena\\\/#primaryimage\"},\"image\":{\"@id\":\"https:\\\/\\\/pawelnaumowicz.pl\\\/index.php\\\/30te-pietro-jako-piekna-okladka-ksiazki-rytm-r-hallgrena\\\/#primaryimage\"},\"thumbnailUrl\":\"https:\\\/\\\/pawelnaumowicz.pl\\\/pn\\\/wp-content\\\/uploads\\\/2023\\\/04\\\/Rytm_2.png\",\"datePublished\":\"2023-04-08T12:25:02+00:00\",\"dateModified\":\"2023-04-08T13:57:43+00:00\",\"breadcrumb\":{\"@id\":\"https:\\\/\\\/pawelnaumowicz.pl\\\/index.php\\\/30te-pietro-jako-piekna-okladka-ksiazki-rytm-r-hallgrena\\\/#breadcrumb\"},\"inLanguage\":\"pl-PL\",\"potentialAction\":[{\"@type\":\"ReadAction\",\"target\":[\"https:\\\/\\\/pawelnaumowicz.pl\\\/index.php\\\/30te-pietro-jako-piekna-okladka-ksiazki-rytm-r-hallgrena\\\/\"]}]},{\"@type\":\"ImageObject\",\"inLanguage\":\"pl-PL\",\"@id\":\"https:\\\/\\\/pawelnaumowicz.pl\\\/index.php\\\/30te-pietro-jako-piekna-okladka-ksiazki-rytm-r-hallgrena\\\/#primaryimage\",\"url\":\"https:\\\/\\\/pawelnaumowicz.pl\\\/pn\\\/wp-content\\\/uploads\\\/2023\\\/04\\\/Rytm_2.png\",\"contentUrl\":\"https:\\\/\\\/pawelnaumowicz.pl\\\/pn\\\/wp-content\\\/uploads\\\/2023\\\/04\\\/Rytm_2.png\",\"width\":1000,\"height\":1000},{\"@type\":\"BreadcrumbList\",\"@id\":\"https:\\\/\\\/pawelnaumowicz.pl\\\/index.php\\\/30te-pietro-jako-piekna-okladka-ksiazki-rytm-r-hallgrena\\\/#breadcrumb\",\"itemListElement\":[{\"@type\":\"ListItem\",\"position\":1,\"name\":\"Strona g\u0142\u00f3wna\",\"item\":\"https:\\\/\\\/pawelnaumowicz.pl\\\/\"},{\"@type\":\"ListItem\",\"position\":2,\"name\":\"&#8222;30te Pi\u0119tro&#8221; jako pi\u0119kna ok\u0142adka ksi\u0105\u017cki &#8222;Rytm&#8221; R.Hallgrena\"}]},{\"@type\":\"WebSite\",\"@id\":\"https:\\\/\\\/pawelnaumowicz.pl\\\/#website\",\"url\":\"https:\\\/\\\/pawelnaumowicz.pl\\\/\",\"name\":\"Pawe\u0142 Naumowicz\",\"description\":\"\",\"publisher\":{\"@id\":\"https:\\\/\\\/pawelnaumowicz.pl\\\/#\\\/schema\\\/person\\\/33fdf88358d7362dc38d7ae1a38801df\"},\"potentialAction\":[{\"@type\":\"SearchAction\",\"target\":{\"@type\":\"EntryPoint\",\"urlTemplate\":\"https:\\\/\\\/pawelnaumowicz.pl\\\/?s={search_term_string}\"},\"query-input\":{\"@type\":\"PropertyValueSpecification\",\"valueRequired\":true,\"valueName\":\"search_term_string\"}}],\"inLanguage\":\"pl-PL\"},{\"@type\":[\"Person\",\"Organization\"],\"@id\":\"https:\\\/\\\/pawelnaumowicz.pl\\\/#\\\/schema\\\/person\\\/33fdf88358d7362dc38d7ae1a38801df\",\"name\":\"Pawe\u0142 Naumowicz\",\"image\":{\"@type\":\"ImageObject\",\"inLanguage\":\"pl-PL\",\"@id\":\"https:\\\/\\\/pawelnaumowicz.pl\\\/pn\\\/wp-content\\\/uploads\\\/2023\\\/11\\\/PN_portret_main_www.jpg\",\"url\":\"https:\\\/\\\/pawelnaumowicz.pl\\\/pn\\\/wp-content\\\/uploads\\\/2023\\\/11\\\/PN_portret_main_www.jpg\",\"contentUrl\":\"https:\\\/\\\/pawelnaumowicz.pl\\\/pn\\\/wp-content\\\/uploads\\\/2023\\\/11\\\/PN_portret_main_www.jpg\",\"width\":1200,\"height\":1803,\"caption\":\"Pawe\u0142 Naumowicz\"},\"logo\":{\"@id\":\"https:\\\/\\\/pawelnaumowicz.pl\\\/pn\\\/wp-content\\\/uploads\\\/2023\\\/11\\\/PN_portret_main_www.jpg\"},\"sameAs\":[\"https:\\\/\\\/www.facebook.com\\\/neumgraf\",\"https:\\\/\\\/www.instagram.com\\\/naumowiczpawel\"]}]}<\/script>\n<!-- \/ Yoast SEO plugin. -->","yoast_head_json":{"title":"\"30te Pi\u0119tro\" jako pi\u0119kna ok\u0142adka ksi\u0105\u017cki \"Rytm\" R.Hallgrena - Pawe\u0142 Naumowicz","robots":{"index":"index","follow":"follow","max-snippet":"max-snippet:-1","max-image-preview":"max-image-preview:large","max-video-preview":"max-video-preview:-1"},"canonical":"https:\/\/pawelnaumowicz.pl\/index.php\/30te-pietro-jako-piekna-okladka-ksiazki-rytm-r-hallgrena\/","og_locale":"pl_PL","og_type":"article","og_title":"\"30te Pi\u0119tro\" jako pi\u0119kna ok\u0142adka ksi\u0105\u017cki \"Rytm\" R.Hallgrena - Pawe\u0142 Naumowicz","og_description":"W 2015 roku zg\u0142osi\u0142 si\u0119 do mnie szwedzki wydawca z pro\u015bb\u0105 wsp\u00f3\u0142pracy przy zaprojektowaniu ok\u0142adki do ksi\u0105\u017cki szwedzkiego pisarza Rollanda Hallgren&#8217;a. Mia\u0142a to by\u0107 filozoficzna opowie\u015b\u0107 o 'rytmie&#8217; i jego szerokim znaczeniu dla dzisiejszego cz\u0142owieka. Temat ten doskonale wi\u0105za\u0142 si\u0119 z moim cyklem prac &#8222;Rytm wok\u00f3\u0142 mnie&#8221;, a jedna jego cz\u0119\u015b\u0107 zatytu\u0142owana &#8222;30te pi\u0119tro&#8221; bardzo przypad\u0142a do gustu autora. Wi\u0119cej informacji na temat samej ksi\u0105\u017cki, tematu oraz autora mo\u017cna znale\u017a\u0107Read More","og_url":"https:\/\/pawelnaumowicz.pl\/index.php\/30te-pietro-jako-piekna-okladka-ksiazki-rytm-r-hallgrena\/","og_site_name":"Pawe\u0142 Naumowicz","article_publisher":"https:\/\/www.facebook.com\/neumgraf","article_modified_time":"2023-04-08T13:57:43+00:00","og_image":[{"url":"https:\/\/pawelnaumowicz.pl\/pn\/wp-content\/uploads\/2023\/04\/Rytm_2.png","type":"","width":"","height":""}],"twitter_card":"summary_large_image","twitter_misc":{"Szacowany czas czytania":"1 minuta"},"schema":{"@context":"https:\/\/schema.org","@graph":[{"@type":"WebPage","@id":"https:\/\/pawelnaumowicz.pl\/index.php\/30te-pietro-jako-piekna-okladka-ksiazki-rytm-r-hallgrena\/","url":"https:\/\/pawelnaumowicz.pl\/index.php\/30te-pietro-jako-piekna-okladka-ksiazki-rytm-r-hallgrena\/","name":"\"30te Pi\u0119tro\" jako pi\u0119kna ok\u0142adka ksi\u0105\u017cki \"Rytm\" R.Hallgrena - Pawe\u0142 Naumowicz","isPartOf":{"@id":"https:\/\/pawelnaumowicz.pl\/#website"},"primaryImageOfPage":{"@id":"https:\/\/pawelnaumowicz.pl\/index.php\/30te-pietro-jako-piekna-okladka-ksiazki-rytm-r-hallgrena\/#primaryimage"},"image":{"@id":"https:\/\/pawelnaumowicz.pl\/index.php\/30te-pietro-jako-piekna-okladka-ksiazki-rytm-r-hallgrena\/#primaryimage"},"thumbnailUrl":"https:\/\/pawelnaumowicz.pl\/pn\/wp-content\/uploads\/2023\/04\/Rytm_2.png","datePublished":"2023-04-08T12:25:02+00:00","dateModified":"2023-04-08T13:57:43+00:00","breadcrumb":{"@id":"https:\/\/pawelnaumowicz.pl\/index.php\/30te-pietro-jako-piekna-okladka-ksiazki-rytm-r-hallgrena\/#breadcrumb"},"inLanguage":"pl-PL","potentialAction":[{"@type":"ReadAction","target":["https:\/\/pawelnaumowicz.pl\/index.php\/30te-pietro-jako-piekna-okladka-ksiazki-rytm-r-hallgrena\/"]}]},{"@type":"ImageObject","inLanguage":"pl-PL","@id":"https:\/\/pawelnaumowicz.pl\/index.php\/30te-pietro-jako-piekna-okladka-ksiazki-rytm-r-hallgrena\/#primaryimage","url":"https:\/\/pawelnaumowicz.pl\/pn\/wp-content\/uploads\/2023\/04\/Rytm_2.png","contentUrl":"https:\/\/pawelnaumowicz.pl\/pn\/wp-content\/uploads\/2023\/04\/Rytm_2.png","width":1000,"height":1000},{"@type":"BreadcrumbList","@id":"https:\/\/pawelnaumowicz.pl\/index.php\/30te-pietro-jako-piekna-okladka-ksiazki-rytm-r-hallgrena\/#breadcrumb","itemListElement":[{"@type":"ListItem","position":1,"name":"Strona g\u0142\u00f3wna","item":"https:\/\/pawelnaumowicz.pl\/"},{"@type":"ListItem","position":2,"name":"&#8222;30te Pi\u0119tro&#8221; jako pi\u0119kna ok\u0142adka ksi\u0105\u017cki &#8222;Rytm&#8221; R.Hallgrena"}]},{"@type":"WebSite","@id":"https:\/\/pawelnaumowicz.pl\/#website","url":"https:\/\/pawelnaumowicz.pl\/","name":"Pawe\u0142 Naumowicz","description":"","publisher":{"@id":"https:\/\/pawelnaumowicz.pl\/#\/schema\/person\/33fdf88358d7362dc38d7ae1a38801df"},"potentialAction":[{"@type":"SearchAction","target":{"@type":"EntryPoint","urlTemplate":"https:\/\/pawelnaumowicz.pl\/?s={search_term_string}"},"query-input":{"@type":"PropertyValueSpecification","valueRequired":true,"valueName":"search_term_string"}}],"inLanguage":"pl-PL"},{"@type":["Person","Organization"],"@id":"https:\/\/pawelnaumowicz.pl\/#\/schema\/person\/33fdf88358d7362dc38d7ae1a38801df","name":"Pawe\u0142 Naumowicz","image":{"@type":"ImageObject","inLanguage":"pl-PL","@id":"https:\/\/pawelnaumowicz.pl\/pn\/wp-content\/uploads\/2023\/11\/PN_portret_main_www.jpg","url":"https:\/\/pawelnaumowicz.pl\/pn\/wp-content\/uploads\/2023\/11\/PN_portret_main_www.jpg","contentUrl":"https:\/\/pawelnaumowicz.pl\/pn\/wp-content\/uploads\/2023\/11\/PN_portret_main_www.jpg","width":1200,"height":1803,"caption":"Pawe\u0142 Naumowicz"},"logo":{"@id":"https:\/\/pawelnaumowicz.pl\/pn\/wp-content\/uploads\/2023\/11\/PN_portret_main_www.jpg"},"sameAs":["https:\/\/www.facebook.com\/neumgraf","https:\/\/www.instagram.com\/naumowiczpawel"]}]}},"_links":{"self":[{"href":"https:\/\/pawelnaumowicz.pl\/index.php\/wp-json\/wp\/v2\/pages\/903","targetHints":{"allow":["GET"]}}],"collection":[{"href":"https:\/\/pawelnaumowicz.pl\/index.php\/wp-json\/wp\/v2\/pages"}],"about":[{"href":"https:\/\/pawelnaumowicz.pl\/index.php\/wp-json\/wp\/v2\/types\/page"}],"author":[{"embeddable":true,"href":"https:\/\/pawelnaumowicz.pl\/index.php\/wp-json\/wp\/v2\/users\/1"}],"replies":[{"embeddable":true,"href":"https:\/\/pawelnaumowicz.pl\/index.php\/wp-json\/wp\/v2\/comments?post=903"}],"version-history":[{"count":15,"href":"https:\/\/pawelnaumowicz.pl\/index.php\/wp-json\/wp\/v2\/pages\/903\/revisions"}],"predecessor-version":[{"id":929,"href":"https:\/\/pawelnaumowicz.pl\/index.php\/wp-json\/wp\/v2\/pages\/903\/revisions\/929"}],"wp:attachment":[{"href":"https:\/\/pawelnaumowicz.pl\/index.php\/wp-json\/wp\/v2\/media?parent=903"}],"curies":[{"name":"wp","href":"https:\/\/api.w.org\/{rel}","templated":true}]}}