{"id":948,"date":"2023-04-08T14:21:14","date_gmt":"2023-04-08T14:21:14","guid":{"rendered":"https:\/\/pawelnaumowicz.pl\/?page_id=948"},"modified":"2023-04-26T20:45:55","modified_gmt":"2023-04-26T20:45:55","slug":"galleries-exhibitions-others","status":"publish","type":"page","link":"https:\/\/pawelnaumowicz.pl\/index.php\/en\/galleries-exhibitions-others\/","title":{"rendered":"Galleries \/ Exhibitions \/ Others"},"content":{"rendered":"\n<p id=\"E-AGK\" style=\"font-size:21px\">A. Art Gallery Kafe (Wood Dale, USA, 2007; guest appearance)<\/p>\n\n\n\n<figure class=\"wp-block-image size-full\"><img loading=\"lazy\" decoding=\"async\" width=\"432\" height=\"720\" src=\"https:\/\/pawelnaumowicz.pl\/pn\/wp-content\/uploads\/2023\/04\/FIL1562.jpg\" alt=\"\" class=\"wp-image-991\" srcset=\"https:\/\/pawelnaumowicz.pl\/pn\/wp-content\/uploads\/2023\/04\/FIL1562.jpg 432w, https:\/\/pawelnaumowicz.pl\/pn\/wp-content\/uploads\/2023\/04\/FIL1562-180x300.jpg 180w\" sizes=\"auto, (max-width: 432px) 100vw, 432px\" \/><\/figure>\n\n\n\n<hr class=\"wp-block-separator has-text-color has-pale-cyan-blue-color has-alpha-channel-opacity has-pale-cyan-blue-background-color has-background is-style-dots\"\/>\n\n\n\n<p id=\"E-PROLOG\" style=\"font-size:21px\">B. Pawe\u0142 Naumowicz, \u201eProlog\u201d, Centrum Ludwika Zamenhofa in Bialystok, 2015<\/p>\n\n\n\n<figure class=\"wp-block-image size-full is-resized\"><img loading=\"lazy\" decoding=\"async\" src=\"https:\/\/pawelnaumowicz.pl\/pn\/wp-content\/uploads\/2023\/04\/CLZ_plakat_Prolog_Naumowicz.jpg\" alt=\"\" class=\"wp-image-992\" width=\"436\" height=\"610\" srcset=\"https:\/\/pawelnaumowicz.pl\/pn\/wp-content\/uploads\/2023\/04\/CLZ_plakat_Prolog_Naumowicz.jpg 731w, https:\/\/pawelnaumowicz.pl\/pn\/wp-content\/uploads\/2023\/04\/CLZ_plakat_Prolog_Naumowicz-600x840.jpg 600w, https:\/\/pawelnaumowicz.pl\/pn\/wp-content\/uploads\/2023\/04\/CLZ_plakat_Prolog_Naumowicz-214x300.jpg 214w\" sizes=\"auto, (max-width: 436px) 100vw, 436px\" \/><\/figure>\n\n\n\n<figure class=\"wp-block-image size-large is-resized\"><img loading=\"lazy\" decoding=\"async\" src=\"https:\/\/pawelnaumowicz.pl\/pn\/wp-content\/uploads\/2023\/04\/2015_Pawel_wys_B_7-681x1024.jpg\" alt=\"\" class=\"wp-image-993\" width=\"449\" height=\"675\" srcset=\"https:\/\/pawelnaumowicz.pl\/pn\/wp-content\/uploads\/2023\/04\/2015_Pawel_wys_B_7-681x1024.jpg 681w, https:\/\/pawelnaumowicz.pl\/pn\/wp-content\/uploads\/2023\/04\/2015_Pawel_wys_B_7-scaled-600x902.jpg 600w, https:\/\/pawelnaumowicz.pl\/pn\/wp-content\/uploads\/2023\/04\/2015_Pawel_wys_B_7-199x300.jpg 199w, https:\/\/pawelnaumowicz.pl\/pn\/wp-content\/uploads\/2023\/04\/2015_Pawel_wys_B_7-768x1155.jpg 768w, https:\/\/pawelnaumowicz.pl\/pn\/wp-content\/uploads\/2023\/04\/2015_Pawel_wys_B_7-1021x1536.jpg 1021w, https:\/\/pawelnaumowicz.pl\/pn\/wp-content\/uploads\/2023\/04\/2015_Pawel_wys_B_7-1362x2048.jpg 1362w, https:\/\/pawelnaumowicz.pl\/pn\/wp-content\/uploads\/2023\/04\/2015_Pawel_wys_B_7-scaled.jpg 1702w\" sizes=\"auto, (max-width: 449px) 100vw, 449px\" \/><\/figure>\n\n\n\n<p style=\"font-size:21px\">You can read more about the exhibition on the pages:<\/p>\n\n\n\n<p class=\"has-medium-font-size\"><a rel=\"noreferrer noopener\" href=\"https:\/\/wrotapodlasia.pl\/pl\/kultura\/kultura_sztuka\/Wystawa_prac_Pawla_Naumowicza_w_CLZ.html\" target=\"_blank\">Wystawa prac Paw\u0142a Naumowicza w CLZ &#8211; Wrota Podlasia<\/a><\/p>\n\n\n\n<p style=\"font-size:21px\"><a href=\"https:\/\/ownetic.com\/news\/2015\/02\/27\/pawel-naumowicz-prolog-clz-bialystok\/\" target=\"_blank\" rel=\"noreferrer noopener\">Pawe\u0142 Naumowicz: Ka\u017cdy ryt ods\u0142ania cz\u0119\u015b\u0107 mnie (ownetic.com)<\/a><\/p>\n\n\n\n<hr class=\"wp-block-separator has-text-color has-pale-cyan-blue-color has-alpha-channel-opacity has-pale-cyan-blue-background-color has-background is-style-dots\"\/>\n\n\n\n<p id=\"E-WLINORYTU\" style=\"font-size:21px\">C. Warsztaty linorytu &#8211; Bialystok, 2015<\/p>\n\n\n\n<figure class=\"wp-block-image size-full is-resized\"><img loading=\"lazy\" decoding=\"async\" src=\"https:\/\/pawelnaumowicz.pl\/pn\/wp-content\/uploads\/2023\/04\/Warsztaty_linorytu.jpg\" alt=\"\" class=\"wp-image-994\" width=\"496\" height=\"702\" srcset=\"https:\/\/pawelnaumowicz.pl\/pn\/wp-content\/uploads\/2023\/04\/Warsztaty_linorytu.jpg 724w, https:\/\/pawelnaumowicz.pl\/pn\/wp-content\/uploads\/2023\/04\/Warsztaty_linorytu-600x849.jpg 600w, https:\/\/pawelnaumowicz.pl\/pn\/wp-content\/uploads\/2023\/04\/Warsztaty_linorytu-212x300.jpg 212w\" sizes=\"auto, (max-width: 496px) 100vw, 496px\" \/><\/figure>\n\n\n\n<p style=\"font-size:21px\">You can read and watch more about the workshop on the website:<\/p>\n\n\n\n<p style=\"font-size:21px\"><a href=\"https:\/\/www.centrumzamenhofa.pl\/art,14,warsztaty-linorytu\" target=\"_blank\" rel=\"noreferrer noopener\">Warsztaty linorytu &#8211; Bia\u0142ostocki O\u015brodek Kultury (centrumzamenhofa.pl)<\/a><\/p>\n\n\n\n<hr class=\"wp-block-separator has-text-color has-pale-cyan-blue-color has-alpha-channel-opacity has-pale-cyan-blue-background-color has-background is-style-dots\"\/>\n\n\n\n<p id=\"E-DESA\" style=\"font-size:21px\">D. Auction Catalogue &#8211; DESA : &#8222;AUKCJA M\u0141ODEJ SZTUKI&#8221;<\/p>\n\n\n\n<div class=\"wp-block-file\"><a id=\"wp-block-file--media-7a009d35-b852-47ae-b38e-3d73bfdd087f\" href=\"https:\/\/pawelnaumowicz.pl\/pn\/wp-content\/uploads\/2023\/04\/Katalog-Aukcji-DESA-28.01.2014.pdf\" target=\"_blank\" rel=\"noreferrer noopener\">Katalog-Aukcji-DESA-28.01.2014<\/a><a href=\"https:\/\/pawelnaumowicz.pl\/pn\/wp-content\/uploads\/2023\/04\/Katalog-Aukcji-DESA-28.01.2014.pdf\" class=\"wp-block-file__button wp-element-button\" download aria-describedby=\"wp-block-file--media-7a009d35-b852-47ae-b38e-3d73bfdd087f\">Pobierz<\/a><\/div>\n\n\n\n<hr class=\"wp-block-separator has-text-color has-pale-cyan-blue-color has-alpha-channel-opacity has-pale-cyan-blue-background-color has-background is-style-dots\"\/>\n\n\n\n<p id=\"E-SDA\" style=\"font-size:21px\">E. Auction Catalogue &#8211; Sopocki Dom Aukcyjny : &#8222;m\u0142oda sztuka&#8221;<\/p>\n\n\n\n<div class=\"wp-block-file\"><a id=\"wp-block-file--media-5422bc4d-1b56-4a4f-95d2-c77b7530d00e\" href=\"https:\/\/pawelnaumowicz.pl\/pn\/wp-content\/uploads\/2023\/04\/SPOCKI-DOM-AUKCYJNY-30.01.2014.pdf\" target=\"_blank\" rel=\"noreferrer noopener\">SPOCKI-DOM-AUKCYJNY-30.01.2014<\/a><a href=\"https:\/\/pawelnaumowicz.pl\/pn\/wp-content\/uploads\/2023\/04\/SPOCKI-DOM-AUKCYJNY-30.01.2014.pdf\" class=\"wp-block-file__button wp-element-button\" download aria-describedby=\"wp-block-file--media-5422bc4d-1b56-4a4f-95d2-c77b7530d00e\">Pobierz<\/a><\/div>\n\n\n\n<hr class=\"wp-block-separator has-text-color has-pale-cyan-blue-color has-alpha-channel-opacity has-pale-cyan-blue-background-color has-background is-style-dots\"\/>\n","protected":false},"excerpt":{"rendered":"<p>A. Art Gallery Kafe (Wood Dale, USA, 2007; guest appearance) B. Pawe\u0142 Naumowicz, \u201eProlog\u201d, Centrum Ludwika Zamenhofa in Bialystok, 2015 You can read more about the exhibition on the pages: Wystawa prac Paw\u0142a Naumowicza w CLZ &#8211; Wrota Podlasia Pawe\u0142 Naumowicz: Ka\u017cdy ryt ods\u0142ania cz\u0119\u015b\u0107 mnie (ownetic.com) C. Warsztaty linorytu &#8211; Bialystok, 2015 You can read and watch more about the workshop on the website: Warsztaty linorytu &#8211; Bia\u0142ostocki O\u015brodek<\/p>\n<div class=\"read-more\"><a class=\"btn read-more-btn\" href=\"https:\/\/pawelnaumowicz.pl\/index.php\/en\/galleries-exhibitions-others\/\">Read More<\/a><\/div>\n","protected":false},"author":1,"featured_media":0,"parent":0,"menu_order":0,"comment_status":"closed","ping_status":"closed","template":"","meta":{"footnotes":""},"class_list":["post-948","page","type-page","status-publish","hentry"],"yoast_head":"<!-- This site is optimized with the Yoast SEO plugin v27.3 - https:\/\/yoast.com\/product\/yoast-seo-wordpress\/ -->\n<title>Galleries \/ Exhibitions \/ Others - Pawe\u0142 Naumowicz<\/title>\n<meta name=\"robots\" content=\"index, follow, max-snippet:-1, max-image-preview:large, max-video-preview:-1\" \/>\n<link rel=\"canonical\" href=\"https:\/\/pawelnaumowicz.pl\/index.php\/en\/galleries-exhibitions-others\/\" \/>\n<meta property=\"og:locale\" content=\"pl_PL\" \/>\n<meta property=\"og:type\" content=\"article\" \/>\n<meta property=\"og:title\" content=\"Galleries \/ Exhibitions \/ Others - Pawe\u0142 Naumowicz\" \/>\n<meta property=\"og:description\" content=\"A. Art Gallery Kafe (Wood Dale, USA, 2007; guest appearance) B. Pawe\u0142 Naumowicz, \u201eProlog\u201d, Centrum Ludwika Zamenhofa in Bialystok, 2015 You can read more about the exhibition on the pages: Wystawa prac Paw\u0142a Naumowicza w CLZ &#8211; Wrota Podlasia Pawe\u0142 Naumowicz: Ka\u017cdy ryt ods\u0142ania cz\u0119\u015b\u0107 mnie (ownetic.com) C. Warsztaty linorytu &#8211; Bialystok, 2015 You can read and watch more about the workshop on the website: Warsztaty linorytu &#8211; Bia\u0142ostocki O\u015brodekRead More\" \/>\n<meta property=\"og:url\" content=\"https:\/\/pawelnaumowicz.pl\/index.php\/en\/galleries-exhibitions-others\/\" \/>\n<meta property=\"og:site_name\" content=\"Pawe\u0142 Naumowicz\" \/>\n<meta property=\"article:publisher\" content=\"https:\/\/www.facebook.com\/neumgraf\" \/>\n<meta property=\"article:modified_time\" content=\"2023-04-26T20:45:55+00:00\" \/>\n<meta property=\"og:image\" content=\"https:\/\/pawelnaumowicz.pl\/pn\/wp-content\/uploads\/2023\/04\/FIL1562.jpg\" \/>\n<meta name=\"twitter:card\" content=\"summary_large_image\" \/>\n<script type=\"application\/ld+json\" class=\"yoast-schema-graph\">{\"@context\":\"https:\\\/\\\/schema.org\",\"@graph\":[{\"@type\":\"WebPage\",\"@id\":\"https:\\\/\\\/pawelnaumowicz.pl\\\/index.php\\\/en\\\/galleries-exhibitions-others\\\/\",\"url\":\"https:\\\/\\\/pawelnaumowicz.pl\\\/index.php\\\/en\\\/galleries-exhibitions-others\\\/\",\"name\":\"Galleries \\\/ Exhibitions \\\/ Others - Pawe\u0142 Naumowicz\",\"isPartOf\":{\"@id\":\"https:\\\/\\\/pawelnaumowicz.pl\\\/#website\"},\"primaryImageOfPage\":{\"@id\":\"https:\\\/\\\/pawelnaumowicz.pl\\\/index.php\\\/en\\\/galleries-exhibitions-others\\\/#primaryimage\"},\"image\":{\"@id\":\"https:\\\/\\\/pawelnaumowicz.pl\\\/index.php\\\/en\\\/galleries-exhibitions-others\\\/#primaryimage\"},\"thumbnailUrl\":\"https:\\\/\\\/pawelnaumowicz.pl\\\/pn\\\/wp-content\\\/uploads\\\/2023\\\/04\\\/FIL1562.jpg\",\"datePublished\":\"2023-04-08T14:21:14+00:00\",\"dateModified\":\"2023-04-26T20:45:55+00:00\",\"breadcrumb\":{\"@id\":\"https:\\\/\\\/pawelnaumowicz.pl\\\/index.php\\\/en\\\/galleries-exhibitions-others\\\/#breadcrumb\"},\"inLanguage\":\"pl-PL\",\"potentialAction\":[{\"@type\":\"ReadAction\",\"target\":[\"https:\\\/\\\/pawelnaumowicz.pl\\\/index.php\\\/en\\\/galleries-exhibitions-others\\\/\"]}]},{\"@type\":\"ImageObject\",\"inLanguage\":\"pl-PL\",\"@id\":\"https:\\\/\\\/pawelnaumowicz.pl\\\/index.php\\\/en\\\/galleries-exhibitions-others\\\/#primaryimage\",\"url\":\"https:\\\/\\\/pawelnaumowicz.pl\\\/pn\\\/wp-content\\\/uploads\\\/2023\\\/04\\\/FIL1562.jpg\",\"contentUrl\":\"https:\\\/\\\/pawelnaumowicz.pl\\\/pn\\\/wp-content\\\/uploads\\\/2023\\\/04\\\/FIL1562.jpg\",\"width\":432,\"height\":720},{\"@type\":\"BreadcrumbList\",\"@id\":\"https:\\\/\\\/pawelnaumowicz.pl\\\/index.php\\\/en\\\/galleries-exhibitions-others\\\/#breadcrumb\",\"itemListElement\":[{\"@type\":\"ListItem\",\"position\":1,\"name\":\"Strona g\u0142\u00f3wna\",\"item\":\"https:\\\/\\\/pawelnaumowicz.pl\\\/\"},{\"@type\":\"ListItem\",\"position\":2,\"name\":\"Galleries \\\/ Exhibitions \\\/ Others\"}]},{\"@type\":\"WebSite\",\"@id\":\"https:\\\/\\\/pawelnaumowicz.pl\\\/#website\",\"url\":\"https:\\\/\\\/pawelnaumowicz.pl\\\/\",\"name\":\"Pawe\u0142 Naumowicz\",\"description\":\"\",\"publisher\":{\"@id\":\"https:\\\/\\\/pawelnaumowicz.pl\\\/#\\\/schema\\\/person\\\/33fdf88358d7362dc38d7ae1a38801df\"},\"potentialAction\":[{\"@type\":\"SearchAction\",\"target\":{\"@type\":\"EntryPoint\",\"urlTemplate\":\"https:\\\/\\\/pawelnaumowicz.pl\\\/?s={search_term_string}\"},\"query-input\":{\"@type\":\"PropertyValueSpecification\",\"valueRequired\":true,\"valueName\":\"search_term_string\"}}],\"inLanguage\":\"pl-PL\"},{\"@type\":[\"Person\",\"Organization\"],\"@id\":\"https:\\\/\\\/pawelnaumowicz.pl\\\/#\\\/schema\\\/person\\\/33fdf88358d7362dc38d7ae1a38801df\",\"name\":\"Pawe\u0142 Naumowicz\",\"image\":{\"@type\":\"ImageObject\",\"inLanguage\":\"pl-PL\",\"@id\":\"https:\\\/\\\/pawelnaumowicz.pl\\\/pn\\\/wp-content\\\/uploads\\\/2023\\\/11\\\/PN_portret_main_www.jpg\",\"url\":\"https:\\\/\\\/pawelnaumowicz.pl\\\/pn\\\/wp-content\\\/uploads\\\/2023\\\/11\\\/PN_portret_main_www.jpg\",\"contentUrl\":\"https:\\\/\\\/pawelnaumowicz.pl\\\/pn\\\/wp-content\\\/uploads\\\/2023\\\/11\\\/PN_portret_main_www.jpg\",\"width\":1200,\"height\":1803,\"caption\":\"Pawe\u0142 Naumowicz\"},\"logo\":{\"@id\":\"https:\\\/\\\/pawelnaumowicz.pl\\\/pn\\\/wp-content\\\/uploads\\\/2023\\\/11\\\/PN_portret_main_www.jpg\"},\"sameAs\":[\"https:\\\/\\\/www.facebook.com\\\/neumgraf\",\"https:\\\/\\\/www.instagram.com\\\/naumowiczpawel\"]}]}<\/script>\n<!-- \/ Yoast SEO plugin. -->","yoast_head_json":{"title":"Galleries \/ Exhibitions \/ Others - Pawe\u0142 Naumowicz","robots":{"index":"index","follow":"follow","max-snippet":"max-snippet:-1","max-image-preview":"max-image-preview:large","max-video-preview":"max-video-preview:-1"},"canonical":"https:\/\/pawelnaumowicz.pl\/index.php\/en\/galleries-exhibitions-others\/","og_locale":"pl_PL","og_type":"article","og_title":"Galleries \/ Exhibitions \/ Others - Pawe\u0142 Naumowicz","og_description":"A. Art Gallery Kafe (Wood Dale, USA, 2007; guest appearance) B. Pawe\u0142 Naumowicz, \u201eProlog\u201d, Centrum Ludwika Zamenhofa in Bialystok, 2015 You can read more about the exhibition on the pages: Wystawa prac Paw\u0142a Naumowicza w CLZ &#8211; Wrota Podlasia Pawe\u0142 Naumowicz: Ka\u017cdy ryt ods\u0142ania cz\u0119\u015b\u0107 mnie (ownetic.com) C. Warsztaty linorytu &#8211; Bialystok, 2015 You can read and watch more about the workshop on the website: Warsztaty linorytu &#8211; Bia\u0142ostocki O\u015brodekRead More","og_url":"https:\/\/pawelnaumowicz.pl\/index.php\/en\/galleries-exhibitions-others\/","og_site_name":"Pawe\u0142 Naumowicz","article_publisher":"https:\/\/www.facebook.com\/neumgraf","article_modified_time":"2023-04-26T20:45:55+00:00","og_image":[{"url":"https:\/\/pawelnaumowicz.pl\/pn\/wp-content\/uploads\/2023\/04\/FIL1562.jpg","type":"","width":"","height":""}],"twitter_card":"summary_large_image","schema":{"@context":"https:\/\/schema.org","@graph":[{"@type":"WebPage","@id":"https:\/\/pawelnaumowicz.pl\/index.php\/en\/galleries-exhibitions-others\/","url":"https:\/\/pawelnaumowicz.pl\/index.php\/en\/galleries-exhibitions-others\/","name":"Galleries \/ Exhibitions \/ Others - Pawe\u0142 Naumowicz","isPartOf":{"@id":"https:\/\/pawelnaumowicz.pl\/#website"},"primaryImageOfPage":{"@id":"https:\/\/pawelnaumowicz.pl\/index.php\/en\/galleries-exhibitions-others\/#primaryimage"},"image":{"@id":"https:\/\/pawelnaumowicz.pl\/index.php\/en\/galleries-exhibitions-others\/#primaryimage"},"thumbnailUrl":"https:\/\/pawelnaumowicz.pl\/pn\/wp-content\/uploads\/2023\/04\/FIL1562.jpg","datePublished":"2023-04-08T14:21:14+00:00","dateModified":"2023-04-26T20:45:55+00:00","breadcrumb":{"@id":"https:\/\/pawelnaumowicz.pl\/index.php\/en\/galleries-exhibitions-others\/#breadcrumb"},"inLanguage":"pl-PL","potentialAction":[{"@type":"ReadAction","target":["https:\/\/pawelnaumowicz.pl\/index.php\/en\/galleries-exhibitions-others\/"]}]},{"@type":"ImageObject","inLanguage":"pl-PL","@id":"https:\/\/pawelnaumowicz.pl\/index.php\/en\/galleries-exhibitions-others\/#primaryimage","url":"https:\/\/pawelnaumowicz.pl\/pn\/wp-content\/uploads\/2023\/04\/FIL1562.jpg","contentUrl":"https:\/\/pawelnaumowicz.pl\/pn\/wp-content\/uploads\/2023\/04\/FIL1562.jpg","width":432,"height":720},{"@type":"BreadcrumbList","@id":"https:\/\/pawelnaumowicz.pl\/index.php\/en\/galleries-exhibitions-others\/#breadcrumb","itemListElement":[{"@type":"ListItem","position":1,"name":"Strona g\u0142\u00f3wna","item":"https:\/\/pawelnaumowicz.pl\/"},{"@type":"ListItem","position":2,"name":"Galleries \/ Exhibitions \/ Others"}]},{"@type":"WebSite","@id":"https:\/\/pawelnaumowicz.pl\/#website","url":"https:\/\/pawelnaumowicz.pl\/","name":"Pawe\u0142 Naumowicz","description":"","publisher":{"@id":"https:\/\/pawelnaumowicz.pl\/#\/schema\/person\/33fdf88358d7362dc38d7ae1a38801df"},"potentialAction":[{"@type":"SearchAction","target":{"@type":"EntryPoint","urlTemplate":"https:\/\/pawelnaumowicz.pl\/?s={search_term_string}"},"query-input":{"@type":"PropertyValueSpecification","valueRequired":true,"valueName":"search_term_string"}}],"inLanguage":"pl-PL"},{"@type":["Person","Organization"],"@id":"https:\/\/pawelnaumowicz.pl\/#\/schema\/person\/33fdf88358d7362dc38d7ae1a38801df","name":"Pawe\u0142 Naumowicz","image":{"@type":"ImageObject","inLanguage":"pl-PL","@id":"https:\/\/pawelnaumowicz.pl\/pn\/wp-content\/uploads\/2023\/11\/PN_portret_main_www.jpg","url":"https:\/\/pawelnaumowicz.pl\/pn\/wp-content\/uploads\/2023\/11\/PN_portret_main_www.jpg","contentUrl":"https:\/\/pawelnaumowicz.pl\/pn\/wp-content\/uploads\/2023\/11\/PN_portret_main_www.jpg","width":1200,"height":1803,"caption":"Pawe\u0142 Naumowicz"},"logo":{"@id":"https:\/\/pawelnaumowicz.pl\/pn\/wp-content\/uploads\/2023\/11\/PN_portret_main_www.jpg"},"sameAs":["https:\/\/www.facebook.com\/neumgraf","https:\/\/www.instagram.com\/naumowiczpawel"]}]}},"_links":{"self":[{"href":"https:\/\/pawelnaumowicz.pl\/index.php\/wp-json\/wp\/v2\/pages\/948","targetHints":{"allow":["GET"]}}],"collection":[{"href":"https:\/\/pawelnaumowicz.pl\/index.php\/wp-json\/wp\/v2\/pages"}],"about":[{"href":"https:\/\/pawelnaumowicz.pl\/index.php\/wp-json\/wp\/v2\/types\/page"}],"author":[{"embeddable":true,"href":"https:\/\/pawelnaumowicz.pl\/index.php\/wp-json\/wp\/v2\/users\/1"}],"replies":[{"embeddable":true,"href":"https:\/\/pawelnaumowicz.pl\/index.php\/wp-json\/wp\/v2\/comments?post=948"}],"version-history":[{"count":3,"href":"https:\/\/pawelnaumowicz.pl\/index.php\/wp-json\/wp\/v2\/pages\/948\/revisions"}],"predecessor-version":[{"id":1017,"href":"https:\/\/pawelnaumowicz.pl\/index.php\/wp-json\/wp\/v2\/pages\/948\/revisions\/1017"}],"wp:attachment":[{"href":"https:\/\/pawelnaumowicz.pl\/index.php\/wp-json\/wp\/v2\/media?parent=948"}],"curies":[{"name":"wp","href":"https:\/\/api.w.org\/{rel}","templated":true}]}}