{"id":951,"date":"2023-04-08T14:22:51","date_gmt":"2023-04-08T14:22:51","guid":{"rendered":"https:\/\/pawelnaumowicz.pl\/?page_id=951"},"modified":"2023-04-17T20:47:35","modified_gmt":"2023-04-17T20:47:35","slug":"documentary-song-of-the-river","status":"publish","type":"page","link":"https:\/\/pawelnaumowicz.pl\/index.php\/en\/documentary-song-of-the-river\/","title":{"rendered":"Documentary movie &#8222;Songs of the River&#8221;."},"content":{"rendered":"<div class=\"wp-block-image\">\n<figure class=\"alignleft size-large is-resized\"><img loading=\"lazy\" decoding=\"async\" src=\"https:\/\/pawelnaumowicz.pl\/pn\/wp-content\/uploads\/2023\/04\/2013-PIEsNI-RZEKI-SONGS-OF-RIVER_logo-1024x879.jpg\" alt=\"\" class=\"wp-image-765\" width=\"197\" height=\"169\" srcset=\"https:\/\/pawelnaumowicz.pl\/pn\/wp-content\/uploads\/2023\/04\/2013-PIEsNI-RZEKI-SONGS-OF-RIVER_logo-1024x879.jpg 1024w, https:\/\/pawelnaumowicz.pl\/pn\/wp-content\/uploads\/2023\/04\/2013-PIEsNI-RZEKI-SONGS-OF-RIVER_logo-600x515.jpg 600w, https:\/\/pawelnaumowicz.pl\/pn\/wp-content\/uploads\/2023\/04\/2013-PIEsNI-RZEKI-SONGS-OF-RIVER_logo-300x258.jpg 300w, https:\/\/pawelnaumowicz.pl\/pn\/wp-content\/uploads\/2023\/04\/2013-PIEsNI-RZEKI-SONGS-OF-RIVER_logo-768x660.jpg 768w, https:\/\/pawelnaumowicz.pl\/pn\/wp-content\/uploads\/2023\/04\/2013-PIEsNI-RZEKI-SONGS-OF-RIVER_logo.jpg 1076w\" sizes=\"auto, (max-width: 197px) 100vw, 197px\" \/><\/figure>\n<\/div>\n\n\n<p style=\"font-size:19px\">In 2012 Krzysztof Kiziewicz made contact with me. At that time, he was involved in the project &#8222;Songs of the River&#8221;. The project brought together young enthusiasts who wanted to preserve the culture and character of the Biebrza riverside areas for memory. I was invited to do a work (project) for them that would reflect the atmosphere of the film and emphasize the character of the people immortalized on the film. This is how the linocut &#8222;Songs of the River&#8221; was created, which became the logo of the entire project and the guiding graphic element for the entire film set, released on the occasion of the premiere of the film. All elements of the set are pictured below, and the edition was limited to 100 numbered copies.<\/p>\n\n\n<div class=\"wp-block-image is-style-default\">\n<figure class=\"aligncenter size-full is-resized\"><img loading=\"lazy\" decoding=\"async\" src=\"https:\/\/pawelnaumowicz.pl\/pn\/wp-content\/uploads\/2023\/04\/Piesn-rzeki-1_01-scaled.jpg\" alt=\"\" class=\"wp-image-776\" width=\"934\" height=\"934\" srcset=\"https:\/\/pawelnaumowicz.pl\/pn\/wp-content\/uploads\/2023\/04\/Piesn-rzeki-1_01-scaled.jpg 2560w, https:\/\/pawelnaumowicz.pl\/pn\/wp-content\/uploads\/2023\/04\/Piesn-rzeki-1_01-300x300.jpg 300w, https:\/\/pawelnaumowicz.pl\/pn\/wp-content\/uploads\/2023\/04\/Piesn-rzeki-1_01-scaled-100x100.jpg 100w, https:\/\/pawelnaumowicz.pl\/pn\/wp-content\/uploads\/2023\/04\/Piesn-rzeki-1_01-scaled-600x600.jpg 600w, https:\/\/pawelnaumowicz.pl\/pn\/wp-content\/uploads\/2023\/04\/Piesn-rzeki-1_01-1024x1024.jpg 1024w, https:\/\/pawelnaumowicz.pl\/pn\/wp-content\/uploads\/2023\/04\/Piesn-rzeki-1_01-150x150.jpg 150w, https:\/\/pawelnaumowicz.pl\/pn\/wp-content\/uploads\/2023\/04\/Piesn-rzeki-1_01-768x768.jpg 768w, https:\/\/pawelnaumowicz.pl\/pn\/wp-content\/uploads\/2023\/04\/Piesn-rzeki-1_01-1536x1536.jpg 1536w, https:\/\/pawelnaumowicz.pl\/pn\/wp-content\/uploads\/2023\/04\/Piesn-rzeki-1_01-2048x2048.jpg 2048w\" sizes=\"auto, (max-width: 934px) 100vw, 934px\" \/><figcaption class=\"wp-element-caption\">Movie set<\/figcaption><\/figure>\n<\/div>\n\n\n<p style=\"font-size:19px\">Partners of project became : Ministerstwo Kultury i Dziedzictwa Narodowego, Wojew\u00f3dztwo Podlaskie, and media patrons became, among others: Engram, Platforma Kultury, Polskie Radio Bia\u0142ystok, WOAK in Bia\u0142ystok.<\/p>\n\n\n\n<p style=\"font-size:19px\">More information about the project can be found on the following pages:<\/p>\n\n\n\n<ol class=\"wp-block-list\">\n<li><a href=\"https:\/\/www.facebook.com\/piesnirzeki\/likes\" target=\"_blank\" rel=\"noreferrer noopener\">Pie\u015bni Rzeki | Facebook<\/a><\/li>\n\n\n\n<li><a href=\"https:\/\/www.facebook.com\/piesnirzeki\" target=\"_blank\" rel=\"noreferrer noopener\">Pie\u015bni Rzeki | Facebook<\/a><\/li>\n\n\n\n<li><a href=\"https:\/\/www.instagram.com\/piesnirzeki\/\" target=\"_blank\" rel=\"noreferrer noopener\">Pie\u015bni Rzeki (@piesnirzeki) \u2022 Zdj\u0119cia i filmy na Instagramie<\/a><\/li>\n\n\n\n<li><a href=\"https:\/\/kulturaludowa.pl\/aktualnosci\/piesni-rzeki\/\" target=\"_blank\" rel=\"noreferrer noopener\">Pie\u015bni rzeki | KulturaLudowa.pl<\/a>  <\/li>\n<\/ol>\n\n\n\n<p style=\"font-size:19px\">Movie &#8222;Songs of the river&#8221; is available to watch on YouTube:  <a rel=\"noreferrer noopener\" href=\"https:\/\/www.youtube.com\/watch?v=blBUcESG9E4\" target=\"_blank\">PIE\u015aNI RZEKI (SONGS OF RIVER) \/ BIEBRZA &#8211; YouTube<\/a><\/p>\n","protected":false},"excerpt":{"rendered":"<p>In 2012 Krzysztof Kiziewicz made contact with me. At that time, he was involved in the project &#8222;Songs of the River&#8221;. The project brought together young enthusiasts who wanted to preserve the culture and character of the Biebrza riverside areas for memory. I was invited to do a work (project) for them that would reflect the atmosphere of the film and emphasize the character of the people immortalized on the<\/p>\n<div class=\"read-more\"><a class=\"btn read-more-btn\" href=\"https:\/\/pawelnaumowicz.pl\/index.php\/en\/documentary-song-of-the-river\/\">Read More<\/a><\/div>\n","protected":false},"author":1,"featured_media":0,"parent":0,"menu_order":0,"comment_status":"closed","ping_status":"closed","template":"","meta":{"footnotes":""},"class_list":["post-951","page","type-page","status-publish","hentry"],"yoast_head":"<!-- This site is optimized with the Yoast SEO plugin v27.3 - https:\/\/yoast.com\/product\/yoast-seo-wordpress\/ -->\n<title>Documentary movie &quot;Songs of the River&quot;. - Pawe\u0142 Naumowicz<\/title>\n<meta name=\"robots\" content=\"index, follow, max-snippet:-1, max-image-preview:large, max-video-preview:-1\" \/>\n<link rel=\"canonical\" href=\"https:\/\/pawelnaumowicz.pl\/index.php\/en\/documentary-song-of-the-river\/\" \/>\n<meta property=\"og:locale\" content=\"pl_PL\" \/>\n<meta property=\"og:type\" content=\"article\" \/>\n<meta property=\"og:title\" content=\"Documentary movie &quot;Songs of the River&quot;. - Pawe\u0142 Naumowicz\" \/>\n<meta property=\"og:description\" content=\"In 2012 Krzysztof Kiziewicz made contact with me. At that time, he was involved in the project &#8222;Songs of the River&#8221;. The project brought together young enthusiasts who wanted to preserve the culture and character of the Biebrza riverside areas for memory. I was invited to do a work (project) for them that would reflect the atmosphere of the film and emphasize the character of the people immortalized on theRead More\" \/>\n<meta property=\"og:url\" content=\"https:\/\/pawelnaumowicz.pl\/index.php\/en\/documentary-song-of-the-river\/\" \/>\n<meta property=\"og:site_name\" content=\"Pawe\u0142 Naumowicz\" \/>\n<meta property=\"article:publisher\" content=\"https:\/\/www.facebook.com\/neumgraf\" \/>\n<meta property=\"article:modified_time\" content=\"2023-04-17T20:47:35+00:00\" \/>\n<meta property=\"og:image\" content=\"https:\/\/pawelnaumowicz.pl\/pn\/wp-content\/uploads\/2023\/04\/2013-PIEsNI-RZEKI-SONGS-OF-RIVER_logo-1024x879.jpg\" \/>\n<meta name=\"twitter:card\" content=\"summary_large_image\" \/>\n<meta name=\"twitter:label1\" content=\"Szacowany czas czytania\" \/>\n\t<meta name=\"twitter:data1\" content=\"1 minuta\" \/>\n<script type=\"application\/ld+json\" class=\"yoast-schema-graph\">{\"@context\":\"https:\\\/\\\/schema.org\",\"@graph\":[{\"@type\":\"WebPage\",\"@id\":\"https:\\\/\\\/pawelnaumowicz.pl\\\/index.php\\\/en\\\/documentary-song-of-the-river\\\/\",\"url\":\"https:\\\/\\\/pawelnaumowicz.pl\\\/index.php\\\/en\\\/documentary-song-of-the-river\\\/\",\"name\":\"Documentary movie \\\"Songs of the River\\\". - Pawe\u0142 Naumowicz\",\"isPartOf\":{\"@id\":\"https:\\\/\\\/pawelnaumowicz.pl\\\/#website\"},\"primaryImageOfPage\":{\"@id\":\"https:\\\/\\\/pawelnaumowicz.pl\\\/index.php\\\/en\\\/documentary-song-of-the-river\\\/#primaryimage\"},\"image\":{\"@id\":\"https:\\\/\\\/pawelnaumowicz.pl\\\/index.php\\\/en\\\/documentary-song-of-the-river\\\/#primaryimage\"},\"thumbnailUrl\":\"https:\\\/\\\/pawelnaumowicz.pl\\\/pn\\\/wp-content\\\/uploads\\\/2023\\\/04\\\/2013-PIEsNI-RZEKI-SONGS-OF-RIVER_logo-1024x879.jpg\",\"datePublished\":\"2023-04-08T14:22:51+00:00\",\"dateModified\":\"2023-04-17T20:47:35+00:00\",\"breadcrumb\":{\"@id\":\"https:\\\/\\\/pawelnaumowicz.pl\\\/index.php\\\/en\\\/documentary-song-of-the-river\\\/#breadcrumb\"},\"inLanguage\":\"pl-PL\",\"potentialAction\":[{\"@type\":\"ReadAction\",\"target\":[\"https:\\\/\\\/pawelnaumowicz.pl\\\/index.php\\\/en\\\/documentary-song-of-the-river\\\/\"]}]},{\"@type\":\"ImageObject\",\"inLanguage\":\"pl-PL\",\"@id\":\"https:\\\/\\\/pawelnaumowicz.pl\\\/index.php\\\/en\\\/documentary-song-of-the-river\\\/#primaryimage\",\"url\":\"https:\\\/\\\/pawelnaumowicz.pl\\\/pn\\\/wp-content\\\/uploads\\\/2023\\\/04\\\/2013-PIEsNI-RZEKI-SONGS-OF-RIVER_logo.jpg\",\"contentUrl\":\"https:\\\/\\\/pawelnaumowicz.pl\\\/pn\\\/wp-content\\\/uploads\\\/2023\\\/04\\\/2013-PIEsNI-RZEKI-SONGS-OF-RIVER_logo.jpg\",\"width\":1076,\"height\":924},{\"@type\":\"BreadcrumbList\",\"@id\":\"https:\\\/\\\/pawelnaumowicz.pl\\\/index.php\\\/en\\\/documentary-song-of-the-river\\\/#breadcrumb\",\"itemListElement\":[{\"@type\":\"ListItem\",\"position\":1,\"name\":\"Strona g\u0142\u00f3wna\",\"item\":\"https:\\\/\\\/pawelnaumowicz.pl\\\/\"},{\"@type\":\"ListItem\",\"position\":2,\"name\":\"Documentary movie &#8220;Songs of the River&#8221;.\"}]},{\"@type\":\"WebSite\",\"@id\":\"https:\\\/\\\/pawelnaumowicz.pl\\\/#website\",\"url\":\"https:\\\/\\\/pawelnaumowicz.pl\\\/\",\"name\":\"Pawe\u0142 Naumowicz\",\"description\":\"\",\"publisher\":{\"@id\":\"https:\\\/\\\/pawelnaumowicz.pl\\\/#\\\/schema\\\/person\\\/33fdf88358d7362dc38d7ae1a38801df\"},\"potentialAction\":[{\"@type\":\"SearchAction\",\"target\":{\"@type\":\"EntryPoint\",\"urlTemplate\":\"https:\\\/\\\/pawelnaumowicz.pl\\\/?s={search_term_string}\"},\"query-input\":{\"@type\":\"PropertyValueSpecification\",\"valueRequired\":true,\"valueName\":\"search_term_string\"}}],\"inLanguage\":\"pl-PL\"},{\"@type\":[\"Person\",\"Organization\"],\"@id\":\"https:\\\/\\\/pawelnaumowicz.pl\\\/#\\\/schema\\\/person\\\/33fdf88358d7362dc38d7ae1a38801df\",\"name\":\"Pawe\u0142 Naumowicz\",\"image\":{\"@type\":\"ImageObject\",\"inLanguage\":\"pl-PL\",\"@id\":\"https:\\\/\\\/pawelnaumowicz.pl\\\/pn\\\/wp-content\\\/uploads\\\/2023\\\/11\\\/PN_portret_main_www.jpg\",\"url\":\"https:\\\/\\\/pawelnaumowicz.pl\\\/pn\\\/wp-content\\\/uploads\\\/2023\\\/11\\\/PN_portret_main_www.jpg\",\"contentUrl\":\"https:\\\/\\\/pawelnaumowicz.pl\\\/pn\\\/wp-content\\\/uploads\\\/2023\\\/11\\\/PN_portret_main_www.jpg\",\"width\":1200,\"height\":1803,\"caption\":\"Pawe\u0142 Naumowicz\"},\"logo\":{\"@id\":\"https:\\\/\\\/pawelnaumowicz.pl\\\/pn\\\/wp-content\\\/uploads\\\/2023\\\/11\\\/PN_portret_main_www.jpg\"},\"sameAs\":[\"https:\\\/\\\/www.facebook.com\\\/neumgraf\",\"https:\\\/\\\/www.instagram.com\\\/naumowiczpawel\"]}]}<\/script>\n<!-- \/ Yoast SEO plugin. -->","yoast_head_json":{"title":"Documentary movie \"Songs of the River\". - Pawe\u0142 Naumowicz","robots":{"index":"index","follow":"follow","max-snippet":"max-snippet:-1","max-image-preview":"max-image-preview:large","max-video-preview":"max-video-preview:-1"},"canonical":"https:\/\/pawelnaumowicz.pl\/index.php\/en\/documentary-song-of-the-river\/","og_locale":"pl_PL","og_type":"article","og_title":"Documentary movie \"Songs of the River\". - Pawe\u0142 Naumowicz","og_description":"In 2012 Krzysztof Kiziewicz made contact with me. At that time, he was involved in the project &#8222;Songs of the River&#8221;. The project brought together young enthusiasts who wanted to preserve the culture and character of the Biebrza riverside areas for memory. I was invited to do a work (project) for them that would reflect the atmosphere of the film and emphasize the character of the people immortalized on theRead More","og_url":"https:\/\/pawelnaumowicz.pl\/index.php\/en\/documentary-song-of-the-river\/","og_site_name":"Pawe\u0142 Naumowicz","article_publisher":"https:\/\/www.facebook.com\/neumgraf","article_modified_time":"2023-04-17T20:47:35+00:00","og_image":[{"url":"https:\/\/pawelnaumowicz.pl\/pn\/wp-content\/uploads\/2023\/04\/2013-PIEsNI-RZEKI-SONGS-OF-RIVER_logo-1024x879.jpg","type":"","width":"","height":""}],"twitter_card":"summary_large_image","twitter_misc":{"Szacowany czas czytania":"1 minuta"},"schema":{"@context":"https:\/\/schema.org","@graph":[{"@type":"WebPage","@id":"https:\/\/pawelnaumowicz.pl\/index.php\/en\/documentary-song-of-the-river\/","url":"https:\/\/pawelnaumowicz.pl\/index.php\/en\/documentary-song-of-the-river\/","name":"Documentary movie \"Songs of the River\". - Pawe\u0142 Naumowicz","isPartOf":{"@id":"https:\/\/pawelnaumowicz.pl\/#website"},"primaryImageOfPage":{"@id":"https:\/\/pawelnaumowicz.pl\/index.php\/en\/documentary-song-of-the-river\/#primaryimage"},"image":{"@id":"https:\/\/pawelnaumowicz.pl\/index.php\/en\/documentary-song-of-the-river\/#primaryimage"},"thumbnailUrl":"https:\/\/pawelnaumowicz.pl\/pn\/wp-content\/uploads\/2023\/04\/2013-PIEsNI-RZEKI-SONGS-OF-RIVER_logo-1024x879.jpg","datePublished":"2023-04-08T14:22:51+00:00","dateModified":"2023-04-17T20:47:35+00:00","breadcrumb":{"@id":"https:\/\/pawelnaumowicz.pl\/index.php\/en\/documentary-song-of-the-river\/#breadcrumb"},"inLanguage":"pl-PL","potentialAction":[{"@type":"ReadAction","target":["https:\/\/pawelnaumowicz.pl\/index.php\/en\/documentary-song-of-the-river\/"]}]},{"@type":"ImageObject","inLanguage":"pl-PL","@id":"https:\/\/pawelnaumowicz.pl\/index.php\/en\/documentary-song-of-the-river\/#primaryimage","url":"https:\/\/pawelnaumowicz.pl\/pn\/wp-content\/uploads\/2023\/04\/2013-PIEsNI-RZEKI-SONGS-OF-RIVER_logo.jpg","contentUrl":"https:\/\/pawelnaumowicz.pl\/pn\/wp-content\/uploads\/2023\/04\/2013-PIEsNI-RZEKI-SONGS-OF-RIVER_logo.jpg","width":1076,"height":924},{"@type":"BreadcrumbList","@id":"https:\/\/pawelnaumowicz.pl\/index.php\/en\/documentary-song-of-the-river\/#breadcrumb","itemListElement":[{"@type":"ListItem","position":1,"name":"Strona g\u0142\u00f3wna","item":"https:\/\/pawelnaumowicz.pl\/"},{"@type":"ListItem","position":2,"name":"Documentary movie &#8220;Songs of the River&#8221;."}]},{"@type":"WebSite","@id":"https:\/\/pawelnaumowicz.pl\/#website","url":"https:\/\/pawelnaumowicz.pl\/","name":"Pawe\u0142 Naumowicz","description":"","publisher":{"@id":"https:\/\/pawelnaumowicz.pl\/#\/schema\/person\/33fdf88358d7362dc38d7ae1a38801df"},"potentialAction":[{"@type":"SearchAction","target":{"@type":"EntryPoint","urlTemplate":"https:\/\/pawelnaumowicz.pl\/?s={search_term_string}"},"query-input":{"@type":"PropertyValueSpecification","valueRequired":true,"valueName":"search_term_string"}}],"inLanguage":"pl-PL"},{"@type":["Person","Organization"],"@id":"https:\/\/pawelnaumowicz.pl\/#\/schema\/person\/33fdf88358d7362dc38d7ae1a38801df","name":"Pawe\u0142 Naumowicz","image":{"@type":"ImageObject","inLanguage":"pl-PL","@id":"https:\/\/pawelnaumowicz.pl\/pn\/wp-content\/uploads\/2023\/11\/PN_portret_main_www.jpg","url":"https:\/\/pawelnaumowicz.pl\/pn\/wp-content\/uploads\/2023\/11\/PN_portret_main_www.jpg","contentUrl":"https:\/\/pawelnaumowicz.pl\/pn\/wp-content\/uploads\/2023\/11\/PN_portret_main_www.jpg","width":1200,"height":1803,"caption":"Pawe\u0142 Naumowicz"},"logo":{"@id":"https:\/\/pawelnaumowicz.pl\/pn\/wp-content\/uploads\/2023\/11\/PN_portret_main_www.jpg"},"sameAs":["https:\/\/www.facebook.com\/neumgraf","https:\/\/www.instagram.com\/naumowiczpawel"]}]}},"_links":{"self":[{"href":"https:\/\/pawelnaumowicz.pl\/index.php\/wp-json\/wp\/v2\/pages\/951","targetHints":{"allow":["GET"]}}],"collection":[{"href":"https:\/\/pawelnaumowicz.pl\/index.php\/wp-json\/wp\/v2\/pages"}],"about":[{"href":"https:\/\/pawelnaumowicz.pl\/index.php\/wp-json\/wp\/v2\/types\/page"}],"author":[{"embeddable":true,"href":"https:\/\/pawelnaumowicz.pl\/index.php\/wp-json\/wp\/v2\/users\/1"}],"replies":[{"embeddable":true,"href":"https:\/\/pawelnaumowicz.pl\/index.php\/wp-json\/wp\/v2\/comments?post=951"}],"version-history":[{"count":8,"href":"https:\/\/pawelnaumowicz.pl\/index.php\/wp-json\/wp\/v2\/pages\/951\/revisions"}],"predecessor-version":[{"id":986,"href":"https:\/\/pawelnaumowicz.pl\/index.php\/wp-json\/wp\/v2\/pages\/951\/revisions\/986"}],"wp:attachment":[{"href":"https:\/\/pawelnaumowicz.pl\/index.php\/wp-json\/wp\/v2\/media?parent=951"}],"curies":[{"name":"wp","href":"https:\/\/api.w.org\/{rel}","templated":true}]}}